
{"id":51865,"date":"2023-10-29T14:41:10","date_gmt":"2023-10-29T14:41:10","guid":{"rendered":"https:\/\/azurefilm.com\/product\/liqcreate-premium-model-skin-tone-resin\/"},"modified":"2023-10-29T14:41:10","modified_gmt":"2023-10-29T14:41:10","slug":"liqcreate-premium-model-skin-tone-resin","status":"publish","type":"product","link":"https:\/\/azurefilm.com\/de\/produkt\/liqcreate-premium-model-skin-tone-resin\/","title":{"rendered":"Liqcreate Premium Model Skin tone Resin"},"content":{"rendered":"<h2><b>Liqcreate Premium Model Skin tone<\/b><\/h2>\n<p><span style=\"font-weight: 400;\">Liqcreate Premium Model Skin tone<\/span> <span style=\"font-weight: 400;\">ist eine gro\u00dfartige Wahl f\u00fcr die Herstellung von<\/span> <b>Zahnmodellen<\/b><span style=\"font-weight: 400;\">. It features a matte, opaque skin tone that   <\/span><b>verbessert Tiefe und Detailgenauigkeit<\/b><span style=\"font-weight: 400;\"> in Ihren Modellen und bietet eine klare Sicht auf Unterschnitte. Seine starke Temperaturbest\u00e4ndigkeit unterst\u00fctzt das Vakuumformen f\u00fcr die Herstellung von Alignern. <\/span><\/p>\n<p><span style=\"font-weight: 400;\">Dieses Resin hat<\/span> <b>hervorragende dimensionale Stabilit\u00e4t<\/b> <span style=\"font-weight: 400;\">und<\/span> <b>minimale Schrumpfung<\/b> <span style=\"font-weight: 400;\">w\u00e4hrend des Drucks, was Materialpr\u00e4zision gew\u00e4hrleistet. W\u00e4hrend Premium Model  <\/span><b>nicht f\u00fcr interne K\u00f6rperanwendungen geeignet ist<\/b><span style=\"font-weight: 400;\">, bietet es<\/span> <b>schnelles Drucken<\/b> <span style=\"font-weight: 400;\">und<\/span> <b>benutzerfreundliche<\/b> <span style=\"font-weight: 400;\">Handhabung auf offenen MSLA\/LCD- und DLP-3D-Druckern (385 \u2013 420nm Bereich).<\/span><\/p>\n<h3><strong>Eigenschaften:<\/strong><\/h3>\n<ul>\n<li style=\"font-weight: 400;\" aria-level=\"1\"><span style=\"font-weight: 400;\">Geringer Geruch<\/span><\/li>\n<li style=\"font-weight: 400;\" aria-level=\"1\"><span style=\"font-weight: 400;\">Schneller LCD-Druck<\/span><\/li>\n<li style=\"font-weight: 400;\" aria-level=\"1\"><span style=\"font-weight: 400;\">Hohe Genauigkeit und dimensionale Stabilit\u00e4t<\/span><\/li>\n<li style=\"font-weight: 400;\" aria-level=\"1\"><span style=\"font-weight: 400;\">Geringe Schrumpfung<\/span><\/li>\n<li style=\"font-weight: 400;\" aria-level=\"1\"><span style=\"font-weight: 400;\">Nicht f\u00fcr interne K\u00f6rperanwendungen<\/span><\/li>\n<\/ul>\n<p><img decoding=\"async\" class=\"alignnone size-medium wp-image-18468\" src=\"https:\/\/azurefilm.com\/wp-content\/uploads\/2023\/10\/Liqcreate_Premium_Model_Properties-Enhanced-SR.jpg\" alt=\"  width=\" height=\"400\" title=\"\"><\/p>\n","protected":false},"excerpt":{"rendered":"<p>Imitieren Sie einen matten, undurchsichtigen Hautton, der perfekt f\u00fcr Zahnmodelle geeignet ist, mit Liqcreate Premium Model Skin tone Resin (1000g).<\/p>\n","protected":false},"featured_media":51867,"comment_status":"closed","ping_status":"closed","template":"","meta":{"_acf_changed":false},"product_brand":[],"product_cat":[1669,1672,2051,1951],"product_tag":[],"brand":[],"class_list":{"0":"post-51865","1":"product","2":"type-product","3":"status-publish","4":"has-post-thumbnail","6":"product_cat-3d-filamente","7":"product_cat-alle-filamente","8":"product_cat-dentalharz","9":"product_cat-resin-de","10":"pa_colour-brown","11":"pa_resin-technology-dlp","12":"pa_resin-technology-lcd-msla","13":"pa_resin-type-dental","14":"pa_resin-weight-1000g","16":"first","17":"instock","18":"taxable","19":"shipping-taxable","20":"purchasable","21":"product-type-simple"},"acf":[],"_links":{"self":[{"href":"https:\/\/azurefilm.com\/de\/wp-json\/wp\/v2\/product\/51865","targetHints":{"allow":["GET"]}}],"collection":[{"href":"https:\/\/azurefilm.com\/de\/wp-json\/wp\/v2\/product"}],"about":[{"href":"https:\/\/azurefilm.com\/de\/wp-json\/wp\/v2\/types\/product"}],"replies":[{"embeddable":true,"href":"https:\/\/azurefilm.com\/de\/wp-json\/wp\/v2\/comments?post=51865"}],"wp:featuredmedia":[{"embeddable":true,"href":"https:\/\/azurefilm.com\/de\/wp-json\/wp\/v2\/media\/51867"}],"wp:attachment":[{"href":"https:\/\/azurefilm.com\/de\/wp-json\/wp\/v2\/media?parent=51865"}],"wp:term":[{"taxonomy":"product_brand","embeddable":true,"href":"https:\/\/azurefilm.com\/de\/wp-json\/wp\/v2\/product_brand?post=51865"},{"taxonomy":"product_cat","embeddable":true,"href":"https:\/\/azurefilm.com\/de\/wp-json\/wp\/v2\/product_cat?post=51865"},{"taxonomy":"product_tag","embeddable":true,"href":"https:\/\/azurefilm.com\/de\/wp-json\/wp\/v2\/product_tag?post=51865"},{"taxonomy":"brand","embeddable":true,"href":"https:\/\/azurefilm.com\/de\/wp-json\/wp\/v2\/brand?post=51865"}],"curies":[{"name":"wp","href":"https:\/\/api.w.org\/{rel}","templated":true}]}}