
{"id":51884,"date":"2023-10-29T14:42:00","date_gmt":"2023-10-29T14:42:00","guid":{"rendered":"https:\/\/azurefilm.com\/product\/liqcreate-composite-x-white-harz\/"},"modified":"2023-10-29T14:42:00","modified_gmt":"2023-10-29T14:42:00","slug":"liqcreate-composite-x-white-harz","status":"publish","type":"product","link":"https:\/\/azurefilm.com\/de\/produkt\/liqcreate-composite-x-white-harz\/","title":{"rendered":"Liqcreate Composite-X White Harz"},"content":{"rendered":"<h2><b>Liqcreate Composite-X White<\/b><b><br \/>\n<\/b><\/h2>\n<p><span style=\"font-weight: 400;\">Liqcreate Composite-X White ist ein <\/span><b>extrem steifes<\/b><span style=\"font-weight: 400;\"> und <\/span><b>h\u00f6chstleistungsf\u00e4higes verst\u00e4rktes Nano-Mikro-Composite-Harz<\/b><span style=\"font-weight: 400;\">  entwickelt f\u00fcr SLA-, DLP- und LCD\/MSLA-3D-Drucker (385 \u2013 420nm). Mit einem   <\/span><b>Biegemodul von \u00fcber 9000 MPa und einer Biegefestigkeit von 150 \u2013 170 MPa<\/b><span style=\"font-weight: 400;\">, hebt sich Composite-X als eines der steifsten und st\u00e4rksten Materialien ab. Es kann nach der UV-Nachh\u00e4rtung oder durch eine thermische H\u00e4rtung verwendet werden und bietet hervorragende chemische Best\u00e4ndigkeit, hohe Festigkeit und Steifigkeit.  <\/span><\/p>\n<p><span style=\"font-weight: 400;\">Dieses Harz ist vielseitig einsetzbar, <\/span><b>kompatibel mit verschiedenen 3D-Druckermodellen<\/b><span style=\"font-weight: 400;\"> (385 \u2013 420nm) und geeignet f\u00fcr Anwendungen wie Windkanaltests, Str\u00f6mungskomponenten, Automobil- und Schwerindustrieanwendungen.<\/span><\/p>\n<h3><strong>Eigenschaften:<\/strong><\/h3>\n<ul>\n<li style=\"font-weight: 400;\" aria-level=\"1\"><span style=\"font-weight: 400;\">Hohe Festigkeit<\/span><\/li>\n<li style=\"font-weight: 400;\" aria-level=\"1\"><span style=\"font-weight: 400;\">Nano-verst\u00e4rkt<\/span><\/li>\n<li style=\"font-weight: 400;\" aria-level=\"1\"><span style=\"font-weight: 400;\">Geringe Schrumpfung<\/span><\/li>\n<\/ul>\n<p><img decoding=\"async\" class=\"alignnone size-medium wp-image-18560\" src=\"https:\/\/azurefilm.com\/wp-content\/uploads\/2023\/10\/Liqcreate_Composite_X_Properties_1-Enhanced-SR.jpg\" alt=\"  width=\" height=\"400\" title=\"\"><\/p>\n","protected":false},"excerpt":{"rendered":"<p>Holen Sie sich das Liqcreate Composite-X White Harz (357g\u00f7250ml\/1500g\u00f71l), eines der steifsten und st\u00e4rksten Materialien auf dem Markt.<\/p>\n","protected":false},"featured_media":51886,"comment_status":"closed","ping_status":"closed","template":"","meta":{"_acf_changed":false},"product_brand":[],"product_cat":[1669,1672,2047,2045,1951],"product_tag":[],"brand":[],"class_list":{"0":"post-51884","1":"product","2":"type-product","3":"status-publish","4":"has-post-thumbnail","6":"product_cat-3d-filamente","7":"product_cat-alle-filamente","8":"product_cat-flexibles-harz","9":"product_cat-industrielles-harz","10":"product_cat-resin-de","11":"pa_colour-white","12":"pa_resin-technology-dlp","13":"pa_resin-technology-lcd-msla","14":"pa_resin-technology-sla","15":"pa_resin-type-flexible","16":"pa_resin-type-industrial","17":"pa_resin-weight-1500g","18":"pa_resin-weight-375g","20":"first","21":"instock","22":"taxable","23":"shipping-taxable","24":"purchasable","25":"product-type-variable"},"acf":[],"_links":{"self":[{"href":"https:\/\/azurefilm.com\/de\/wp-json\/wp\/v2\/product\/51884","targetHints":{"allow":["GET"]}}],"collection":[{"href":"https:\/\/azurefilm.com\/de\/wp-json\/wp\/v2\/product"}],"about":[{"href":"https:\/\/azurefilm.com\/de\/wp-json\/wp\/v2\/types\/product"}],"replies":[{"embeddable":true,"href":"https:\/\/azurefilm.com\/de\/wp-json\/wp\/v2\/comments?post=51884"}],"wp:featuredmedia":[{"embeddable":true,"href":"https:\/\/azurefilm.com\/de\/wp-json\/wp\/v2\/media\/51886"}],"wp:attachment":[{"href":"https:\/\/azurefilm.com\/de\/wp-json\/wp\/v2\/media?parent=51884"}],"wp:term":[{"taxonomy":"product_brand","embeddable":true,"href":"https:\/\/azurefilm.com\/de\/wp-json\/wp\/v2\/product_brand?post=51884"},{"taxonomy":"product_cat","embeddable":true,"href":"https:\/\/azurefilm.com\/de\/wp-json\/wp\/v2\/product_cat?post=51884"},{"taxonomy":"product_tag","embeddable":true,"href":"https:\/\/azurefilm.com\/de\/wp-json\/wp\/v2\/product_tag?post=51884"},{"taxonomy":"brand","embeddable":true,"href":"https:\/\/azurefilm.com\/de\/wp-json\/wp\/v2\/brand?post=51884"}],"curies":[{"name":"wp","href":"https:\/\/api.w.org\/{rel}","templated":true}]}}