
{"id":51903,"date":"2023-10-29T14:41:10","date_gmt":"2023-10-29T14:41:10","guid":{"rendered":"https:\/\/azurefilm.com\/?post_type=product&#038;p=51903"},"modified":"2025-03-12T09:23:38","modified_gmt":"2025-03-12T09:23:38","slug":"elegoo-neptune-3-max","status":"publish","type":"product","link":"https:\/\/azurefilm.com\/de\/produkt\/elegoo-neptune-3-max\/","title":{"rendered":"Elegoo Neptune 4 Max"},"content":{"rendered":"<p><span style=\"font-weight: 400;\">Lernen Sie den ELEGOO Neptune 4 Max kennen \u2013 einen pr\u00e4zisen und innovativen FDM-3D-Drucker. Mit einem Dual-Gear Direct Extruder, einstellbarer Extrusionskraft und einem 3:1-Reduktionsverh\u00e4ltnis sorgt er f\u00fcr eine einwandfreie Filamentzuf\u00fchrung und h\u00f6chste Genauigkeit. <\/span><\/p>\n<p><span style=\"font-weight: 400;\">Lesen Sie unten mehr \u00fcber die wichtigsten Funktionen des Druckers.<\/span><\/p>\n<h2><b>Dual-Gear Direct Extruder<\/b><\/h2>\n<p><span style=\"font-weight: 400;\">Der Drucker verwendet einen <\/span><b>Dual-Gear Direct Extruder<\/b><span style=\"font-weight: 400;\"> mit SUS303-Edelstahlzahnr\u00e4dern. Er hat <\/span><b>einstellbare Extrusionskraft<\/b><span style=\"font-weight: 400;\"> und arbeitet mit einem 3:1-Reduktionsverh\u00e4ltnis. Diese Konfiguration garantiert, dass <\/span><b>die Filamentzuf\u00fchrung reibungslos erfolgt<\/b><span style=\"font-weight: 400;\">, was zu pr\u00e4zisem Drucken f\u00fchrt. Ideal f\u00fcr Materialien wie PLA, PETG, ABS und flexible Filamente wie TPU. <\/span><\/p>\n<p><span style=\"font-weight: 400;\">Neptune 3 Max sorgt f\u00fcr <\/span><b>kr\u00e4ftige Extrusion<\/b><span style=\"font-weight: 400;\"> und <\/span><b>effiziente W\u00e4rmeableitung<\/b><span style=\"font-weight: 400;\">. The dual-gear direct extruder is delivering powerful and adjustable extrusion force. To prevent nozzle clogging, the heat sink has been widened, and a cooling fan is employed. Additionally, fans are strategically placed to ensure <\/span><b>schnelles Abk\u00fchlen<\/b><span style=\"font-weight: 400;\"> der gedruckten Schichten.<\/span><\/p>\n<h2><b>Riesiges Druckvolumen<\/b><\/h2>\n<p><span style=\"font-weight: 400;\">Dieser Drucker bietet Ihnen gro\u00dfz\u00fcgigen Druckraum mit einem <\/span><b>Volumen von 420x420x500mm<\/b><span style=\"font-weight: 400;\">. Enjoy printing larger models or batches with ease. <\/span><\/p>\n<h2><b>Automatische Bettnivellierung + Hilfsnivellierung<\/b><\/h2>\n<p><span style=\"font-weight: 400;\">Der ber\u00fchrungslose Hochpr\u00e4zisionssensor <\/span><b>nivelliert automatisch <\/b> <span style=\"font-weight: 400;\">63 Punkte des Heizbetts, um Unebenheiten und Inkonsistenzen der Druckplattform auszugleichen. Sie k\u00f6nnen auch die <\/span><b>Handdrehkn\u00f6pfe<\/b><span style=\"font-weight: 400;\"> unter der Bauplattform f\u00fcr die Hilfsnivellierung verwenden, um eine sch\u00f6ne erste Schicht zu erreichen.<\/span><\/p>\n<h2><b>Stabiles und leises Drucken <\/b><\/h2>\n<p><span style=\"font-weight: 400;\">Die Z-Achse integriert <\/span><b>doppelte Leitspindeln<\/b><span style=\"font-weight: 400;\"> und ein <\/span><b>doppeltes Motorsystem<\/b><span style=\"font-weight: 400;\">, was <\/span><b>gro\u00dfe Stabilit\u00e4t<\/b><span style=\"font-weight: 400;\"> w\u00e4hrend des Betriebs gew\u00e4hrleistet. Mit der Integration eines <\/span><b>STM 32-Bit-Silent-Motherboards<\/b><span style=\"font-weight: 400;\"> und hochpr\u00e4zisen Schrittmotoren wird das Betriebsger\u00e4usch effektiv auf <\/span><b>unter 50 dB<\/b><span style=\"font-weight: 400;\"> reduziert.<\/span> <span style=\"font-weight: 400;\">Die Bewegung des Druckers wird weiter vereinfacht durch <\/span><b>POM V-Nut-R\u00e4der<\/b><span style=\"font-weight: 400;\">, die f\u00fcr eine reibungslose, verschlei\u00dffeste und <\/span><b>pr\u00e4zise Bewegung sorgen.<\/b><\/p>\n<p><span style=\"font-weight: 400;\">. To enhance safety, a <\/span><b>500W-Weitspannungsnetzteil<\/b><span style=\"font-weight: 400;\"> ist nahtlos integriert.<\/span> <span style=\"font-weight: 400;\">Die Z-Achse verf\u00fcgt \u00fcber ein <\/span><b>Doppel-Leitspindel-Design<\/b><\/p>\n<p><span style=\"font-weight: 400;\"> f\u00fcr verbesserte Druckgenauigkeit. Dar\u00fcber hinaus sorgt eine <\/span><b>Doppel-Zugstangenstruktur<\/b><span style=\"font-weight: 400;\"> f\u00fcr zus\u00e4tzliche Stabilit\u00e4t. F\u00fcr optimale Leistung ist der Riemenspanner der XY-Achse einstellbar, und die Profile der Y-Achse werden von 6V-R\u00e4dern angetrieben. <\/span><\/p>\n<h2><b>PEI-Magnetplattform <\/b><\/h2>\n<p><span style=\"font-weight: 400;\">Die Plattform hat eine <\/span><b>besondere Beschichtung<\/b><span style=\"font-weight: 400;\"> und eine <\/span><b>Federstahlplatte<\/b><span style=\"font-weight: 400;\"> die starke Haftung und Anti-Verzugs-Eigenschaften bietet. Die Objekte lassen sich sehr leicht entfernen, indem man das PEI-Blatt leicht biegt. Das 420W-Hochleistungsheizbett kann <\/span><b>schnell auf 100\u00b0C erhitzt werden<\/b><span style=\"font-weight: 400;\">.<\/span><\/p>\n<h2><b>Intelligentes Fortsetzen des Drucks<\/b><\/h2>\n<p><span style=\"font-weight: 400;\">Druckfortsetzung nach Stromausfall. Der Filamenterkennungssensor verhindert Abfall und Modellverschrottung. <\/span><\/p>\n<p><b>Abnehmbarer kapazitiver Touchscreen<\/b><\/p>\n<p><span style=\"font-weight: 400;\">Der 4,3-Zoll <\/span><b>abnehmbare magnetische Touchscreen<\/b><span style=\"font-weight: 400;\"> kann handgehalten oder auf der Basis befestigt betrieben werden, mit einer Druckmodell-Vorschaufunktion, um das Modellbild w\u00e4hrend des Druckens zu sehen und den Druckfortschritt zu beobachten.<\/span><\/p>\n<h2><b>Weitere praktische Funktionen <\/b><\/h2>\n<ul>\n<li style=\"font-weight: 400;\" aria-level=\"1\"><span style=\"font-weight: 400;\">Der <\/span><b>LED-Lichtstreifen<\/b><span style=\"font-weight: 400;\"> kann \u00fcber die Taste auf dem Bildschirm bedient werden, um das Modell in einer dunklen Umgebung bequem zu beobachten.<\/span><\/li>\n<li style=\"font-weight: 400;\" aria-level=\"1\"><b>Die L\u00fcfter stoppen automatisch<\/b><span style=\"font-weight: 400;\"> nach dem Drucken, um Strom zu sparen, L\u00e4rm zu reduzieren und die Lebensdauer des L\u00fcfters zu verl\u00e4ngern.<\/span><\/li>\n<li style=\"font-weight: 400;\" aria-level=\"1\"><span style=\"font-weight: 400;\">Der <\/span><b>Werkzeugschubladenkasten<\/b><span style=\"font-weight: 400;\"> an der Maschinenbasis ist ein perfekter Ort, um Werkzeuge zu lagern, die im Drucker verwendet werden.<\/span><\/li>\n<\/ul>\n","protected":false},"excerpt":{"rendered":"<p><span style=\"font-weight: 400;\"><strong>Elegoo Neptune 3 Max<\/strong> &#8211; ein 3D-Drucker mit einem bedeutenden Bauvolumen f\u00fcr unbegrenzte Kreativit\u00e4t.<\/span><\/p>\n","protected":false},"featured_media":51904,"comment_status":"closed","ping_status":"closed","template":"","meta":{"_acf_changed":false},"product_brand":[],"product_cat":[1693,1695,1671,2059,1694],"product_tag":[],"brand":[],"class_list":{"0":"post-51903","1":"product","2":"type-product","3":"status-publish","4":"has-post-thumbnail","6":"product_cat-3d-drucker","7":"product_cat-alle-3d-drucker","8":"product_cat-angebote","9":"product_cat-elegoo-de","10":"product_cat-fdm-drucker","12":"first","13":"instock","14":"sale","15":"taxable","16":"shipping-taxable","17":"purchasable","18":"product-type-simple"},"acf":[],"_links":{"self":[{"href":"https:\/\/azurefilm.com\/de\/wp-json\/wp\/v2\/product\/51903","targetHints":{"allow":["GET"]}}],"collection":[{"href":"https:\/\/azurefilm.com\/de\/wp-json\/wp\/v2\/product"}],"about":[{"href":"https:\/\/azurefilm.com\/de\/wp-json\/wp\/v2\/types\/product"}],"replies":[{"embeddable":true,"href":"https:\/\/azurefilm.com\/de\/wp-json\/wp\/v2\/comments?post=51903"}],"wp:featuredmedia":[{"embeddable":true,"href":"https:\/\/azurefilm.com\/de\/wp-json\/wp\/v2\/media\/51904"}],"wp:attachment":[{"href":"https:\/\/azurefilm.com\/de\/wp-json\/wp\/v2\/media?parent=51903"}],"wp:term":[{"taxonomy":"product_brand","embeddable":true,"href":"https:\/\/azurefilm.com\/de\/wp-json\/wp\/v2\/product_brand?post=51903"},{"taxonomy":"product_cat","embeddable":true,"href":"https:\/\/azurefilm.com\/de\/wp-json\/wp\/v2\/product_cat?post=51903"},{"taxonomy":"product_tag","embeddable":true,"href":"https:\/\/azurefilm.com\/de\/wp-json\/wp\/v2\/product_tag?post=51903"},{"taxonomy":"brand","embeddable":true,"href":"https:\/\/azurefilm.com\/de\/wp-json\/wp\/v2\/brand?post=51903"}],"curies":[{"name":"wp","href":"https:\/\/api.w.org\/{rel}","templated":true}]}}