
{"id":51949,"date":"2023-10-29T14:42:00","date_gmt":"2023-10-29T14:42:00","guid":{"rendered":"https:\/\/azurefilm.com\/product\/creality-jewelry-transparent-green-resin\/"},"modified":"2023-10-29T14:42:00","modified_gmt":"2023-10-29T14:42:00","slug":"creality-jewelry-transparent-green-resin","status":"publish","type":"product","link":"https:\/\/azurefilm.com\/de\/produkt\/creality-jewelry-transparent-green-resin\/","title":{"rendered":"Creality Jewelry Transparent Green Resin"},"content":{"rendered":"<h2><b>Creality Jewelry Transparent Green Resin <\/b><\/h2>\n<p><span style=\"font-weight: 400;\">Creality Castable Jewelry Transparent Green<\/span> <span style=\"font-weight: 400;\">Resin ist f\u00fcr die Kompatibilit\u00e4t mit einer Vielzahl von LCD\/DLP 3D-Druckern entwickelt worden und liefert schnelle und pr\u00e4zise Drucke von komplexen gie\u00dfbaren Schmuckdesigns.<\/span> <span style=\"font-weight: 400;\">Erreichen Sie schnelles Gie\u00dfen mit <\/span><b>pr\u00e4zisen Details f\u00fcr komplexe Schmuckst\u00fccke<\/b><\/p>\n<p><span style=\"font-weight: 400;\">. Ensure your jewellery pieces have a <\/span><b>  makellose Oberfl\u00e4chenbeschaffenheit<\/b><span style=\"font-weight: 400;\">  die den h\u00f6chsten Qualit\u00e4tsstandards entspricht. Arbeiten Sie mit Umweltbewusstsein, da dieses Resin   <\/span><b>umweltfreundlich<\/b><span style=\"font-weight: 400;\">. Compatible with most LCD\/DLP 3D printers, making it a versatile choice for jewellery makers. <\/span><\/p>\n<h3><strong>Eigenschaften:<\/strong><\/h3>\n<ul>\n<li style=\"font-weight: 400;\" aria-level=\"1\"><span style=\"font-weight: 400;\">Glattes Finish<\/span><\/li>\n<li style=\"font-weight: 400;\" aria-level=\"1\"><span style=\"font-weight: 400;\">Geringe Schrumpfung<\/span><\/li>\n<li style=\"font-weight: 400;\" aria-level=\"1\"><span style=\"font-weight: 400;\">Umweltfreundlich<\/span><\/li>\n<\/ul>\n<p><img decoding=\"async\" class=\"alignnone size-medium wp-image-18695\" src=\"https:\/\/azurefilm.com\/wp-content\/uploads\/2023\/10\/Jewelry_Cast_Resin_10-0.jpg\" alt=\"  width=\" height=\"400\" title=\"\"><\/p>\n","protected":false},"excerpt":{"rendered":"<p>Sorgen Sie f\u00fcr eine makellose Oberfl\u00e4chenbeschaffenheit Ihrer Schmuckst\u00fccke und seien Sie umweltbewusst mit Creality Jewelry Transparent Green Resin (500g).<\/p>\n","protected":false},"featured_media":51951,"comment_status":"closed","ping_status":"closed","template":"","meta":{"_acf_changed":false},"product_brand":[],"product_cat":[1669,1672,1951,2063],"product_tag":[],"brand":[],"class_list":{"0":"post-51949","1":"product","2":"type-product","3":"status-publish","4":"has-post-thumbnail","6":"product_cat-3d-filamente","7":"product_cat-alle-filamente","8":"product_cat-resin-de","9":"product_cat-schmuck-resin","10":"pa_colour-green","11":"pa_resin-technology-dlp","12":"pa_resin-technology-lcd-msla","13":"pa_resin-type-jewellery","14":"pa_resin-weight-500g","16":"first","17":"outofstock","18":"taxable","19":"shipping-taxable","20":"purchasable","21":"product-type-simple"},"acf":[],"_links":{"self":[{"href":"https:\/\/azurefilm.com\/de\/wp-json\/wp\/v2\/product\/51949","targetHints":{"allow":["GET"]}}],"collection":[{"href":"https:\/\/azurefilm.com\/de\/wp-json\/wp\/v2\/product"}],"about":[{"href":"https:\/\/azurefilm.com\/de\/wp-json\/wp\/v2\/types\/product"}],"replies":[{"embeddable":true,"href":"https:\/\/azurefilm.com\/de\/wp-json\/wp\/v2\/comments?post=51949"}],"wp:featuredmedia":[{"embeddable":true,"href":"https:\/\/azurefilm.com\/de\/wp-json\/wp\/v2\/media\/51951"}],"wp:attachment":[{"href":"https:\/\/azurefilm.com\/de\/wp-json\/wp\/v2\/media?parent=51949"}],"wp:term":[{"taxonomy":"product_brand","embeddable":true,"href":"https:\/\/azurefilm.com\/de\/wp-json\/wp\/v2\/product_brand?post=51949"},{"taxonomy":"product_cat","embeddable":true,"href":"https:\/\/azurefilm.com\/de\/wp-json\/wp\/v2\/product_cat?post=51949"},{"taxonomy":"product_tag","embeddable":true,"href":"https:\/\/azurefilm.com\/de\/wp-json\/wp\/v2\/product_tag?post=51949"},{"taxonomy":"brand","embeddable":true,"href":"https:\/\/azurefilm.com\/de\/wp-json\/wp\/v2\/brand?post=51949"}],"curies":[{"name":"wp","href":"https:\/\/api.w.org\/{rel}","templated":true}]}}