
{"id":51976,"date":"2023-10-29T14:42:40","date_gmt":"2023-10-29T14:42:40","guid":{"rendered":"https:\/\/azurefilm.com\/product\/bambu-lab-ams-hub\/"},"modified":"2025-01-14T21:28:10","modified_gmt":"2025-01-14T21:28:10","slug":"bambu-lab-ams-hub","status":"publish","type":"product","link":"https:\/\/azurefilm.com\/de\/produkt\/bambu-lab-ams-hub\/","title":{"rendered":"Bambu Lab AMS Hub"},"content":{"rendered":"<h2>Erweitern Sie Ihre AMS-F\u00e4higkeiten<\/h2>\n<p><span style=\"font-weight: 400;\">Mit dem Bambu Lab AMS Hub k\u00f6nnen Sie Ihre AMS-Konnektivit\u00e4t auf die n\u00e4chste Stufe heben. Es erm\u00f6glicht Ihnen, bis zu vier AMS-Einheiten (16 Kan\u00e4le) an Ihre Bambu X1 oder P1 Serie Drucker anzuschlie\u00dfen, um die Betankungsgeschwindigkeit zu verbessern und die Redundanz eines gepufferten Signals zu unterst\u00fctzen. <\/span><\/p>\n<h2>M\u00fchelose Installation<\/h2>\n<p><span style=\"font-weight: 400;\">Montieren Sie den AMS Hub an der R\u00fcckseite Ihres Druckers, indem Sie den Filamentpuffer ersetzen, falls vorhanden. Verbinden Sie ihn mit dem Drucker mit dem Bambu 4-Pin-Kabel und verwenden Sie das Bambu 6-Pin-Kabel, um ihn mit der ersten AMS-Einheit zu verbinden. Verbinden Sie weitere AMS-Einheiten in Serie mit dem 6-Pin-Kabel.  <\/span><\/p>\n<p><span style=\"font-weight: 400;\">Verbessern Sie den Luftstrom und minimieren Sie den Widerstand, indem Sie den AMS Hub mit dem mitgelieferten PTFE-Schlauch an den Luftschlauchanschluss auf der R\u00fcckseite des Druckers anschlie\u00dfen. W\u00e4hlen Sie eine geeignete Schlauchl\u00e4nge, halten Sie sie so kurz wie m\u00f6glich und vermeiden Sie ein Verdrehen, um einen reibungslosen Betrieb zu gew\u00e4hrleisten. <\/span><\/p>\n","protected":false},"excerpt":{"rendered":"<p><span style=\"font-weight: 400;\">Entfesseln Sie das volle Potenzial Ihrer Bambu X1 oder P1 Serie 3D-Drucker mit dem Bambu Lab AMS Hub, einem bahnbrechenden Zubeh\u00f6r, das Ihre AMS-Optionen <strong>erweitert<\/strong> und das Drucken mit <strong>bis zu 16 Farben gleichzeitig erm\u00f6glicht!<\/strong>  <\/span><\/p>\n","protected":false},"featured_media":51977,"comment_status":"closed","ping_status":"closed","template":"","meta":{"_acf_changed":false},"product_brand":[],"product_cat":[1767,1765,1766],"product_tag":[],"brand":[],"class_list":{"0":"post-51976","1":"product","2":"type-product","3":"status-publish","4":"has-post-thumbnail","6":"product_cat-alle-ersatzteile","7":"product_cat-ersatzteile","8":"product_cat-sonstige_artikel","9":"pa_compatible-with-bambulab-fdm-3d-printers","10":"pa_fits-printer-all-bambu-lab-x1-series-p1-series","12":"first","13":"instock","14":"taxable","15":"shipping-taxable","16":"purchasable","17":"product-type-simple"},"acf":[],"_links":{"self":[{"href":"https:\/\/azurefilm.com\/de\/wp-json\/wp\/v2\/product\/51976","targetHints":{"allow":["GET"]}}],"collection":[{"href":"https:\/\/azurefilm.com\/de\/wp-json\/wp\/v2\/product"}],"about":[{"href":"https:\/\/azurefilm.com\/de\/wp-json\/wp\/v2\/types\/product"}],"replies":[{"embeddable":true,"href":"https:\/\/azurefilm.com\/de\/wp-json\/wp\/v2\/comments?post=51976"}],"wp:featuredmedia":[{"embeddable":true,"href":"https:\/\/azurefilm.com\/de\/wp-json\/wp\/v2\/media\/51977"}],"wp:attachment":[{"href":"https:\/\/azurefilm.com\/de\/wp-json\/wp\/v2\/media?parent=51976"}],"wp:term":[{"taxonomy":"product_brand","embeddable":true,"href":"https:\/\/azurefilm.com\/de\/wp-json\/wp\/v2\/product_brand?post=51976"},{"taxonomy":"product_cat","embeddable":true,"href":"https:\/\/azurefilm.com\/de\/wp-json\/wp\/v2\/product_cat?post=51976"},{"taxonomy":"product_tag","embeddable":true,"href":"https:\/\/azurefilm.com\/de\/wp-json\/wp\/v2\/product_tag?post=51976"},{"taxonomy":"brand","embeddable":true,"href":"https:\/\/azurefilm.com\/de\/wp-json\/wp\/v2\/brand?post=51976"}],"curies":[{"name":"wp","href":"https:\/\/api.w.org\/{rel}","templated":true}]}}