
{"id":52086,"date":"2023-10-29T14:44:31","date_gmt":"2023-10-29T14:44:31","guid":{"rendered":"https:\/\/azurefilm.com\/product\/bambu-hotend-mit-duese\/"},"modified":"2026-03-14T00:03:18","modified_gmt":"2026-03-14T00:03:18","slug":"bambu-hotend-mit-duese","status":"publish","type":"product","link":"https:\/\/azurefilm.com\/de\/produkt\/bambu-hotend-mit-duese\/","title":{"rendered":"Bambu Hotend mit D\u00fcse"},"content":{"rendered":"<p>W\u00e4hlen Sie das Bambu Hotend mit D\u00fcse, um die Leistung Ihres 3D-Druckers zu verbessern. Es sind 4 Gr\u00f6\u00dfen verf\u00fcgbar. Sie k\u00f6nnen Ihre bevorzugte Option im Variationsbereich ausw\u00e4hlen. Die <strong>Edelstahl 0,2mm D\u00fcse<\/strong> ist optimal f\u00fcr feine Drucke. Der kleine Durchmesser extrudiert sehr d\u00fcnn, was hochaufl\u00f6sende Drucke auf einer horizontalen Druckfl\u00e4che erm\u00f6glicht. Die <strong>geh\u00e4rteter Stahl 0,4mm D\u00fcse<\/strong> bietet ein gutes Gleichgewicht zwischen Druckqualit\u00e4t und Geschwindigkeit und ist ideal f\u00fcr eine Vielzahl von Materialien. Die <strong>geh\u00e4rteter Stahl 0,6mm D\u00fcse<\/strong> ist perfekt f\u00fcr abrasive Materialien, die auch die D\u00fcse verstopfen k\u00f6nnen, wie PLA Wood, PLA Glitter oder Carbon Fiber. Die <strong>geh\u00e4rteter Stahl 0,8mm D\u00fcse<\/strong> erm\u00f6glicht eine schnellere Druckgeschwindigkeit, da der gr\u00f6\u00dfere Durchmesser mehr extrudiertes Material pro Sekunde erm\u00f6glicht.<\/p>\n<h2>Bambu Hotend mit geh\u00e4rteter Stahld\u00fcsenersatz<\/h2>\n<p>Wenn Sie Ihre D\u00fcse ersetzen m\u00fcssen, <a href=\"https:\/\/wiki.bambulab.com\/en\/x1\/maintenance\/replace-hotend\" target=\"_blank\" rel=\"noopener\"><strong>befolgen Sie bitte die Anweisungen von Bambu Lab<\/strong><\/a>. Sie k\u00f6nnen auch das untenstehende Video ansehen und diesen Schritt-f\u00fcr-Schritt-Anweisungen folgen.<\/p>\n<h2>Technische Spezifikationen<\/h2>\n<h3>Packungsinhalt:<\/h3>\n<ul>\n<li>Hotend mit D\u00fcse<\/li>\n<li>Silikonsocke<\/li>\n<li>W\u00e4rmeleitpaste<\/li>\n<li>M3-14 Stufenschrauben<\/li>\n<\/ul>\n","protected":false},"excerpt":{"rendered":"<p><span style=\"font-weight: 400;\">Verbessern und definieren Sie Ihre Drucke neu mit dem Bambu Hotend mit D\u00fcse. Kompatibel mit allen Bambu Lab X1 und P1 Serien. <\/span><\/p>\n","protected":false},"featured_media":52087,"comment_status":"closed","ping_status":"closed","template":"","meta":{"_acf_changed":false},"product_brand":[],"product_cat":[1767,1807,1765,1799,1786,1800,1788,1835,1795],"product_tag":[],"brand":[268],"class_list":{"0":"post-52086","1":"product","2":"type-product","3":"status-publish","4":"has-post-thumbnail","6":"product_cat-alle-ersatzteile","7":"product_cat-dusen","8":"product_cat-ersatzteile","9":"product_cat-extruder-de-2","10":"product_cat-extruder-de","11":"product_cat-extruder-upgrades","12":"product_cat-extruderteile","13":"product_cat-gehartete-verschleisfeste-dusen","14":"product_cat-hotends-de","15":"pa_compatible-with-bambulab-fdm-3d-printers","16":"pa_fits-printer-all-bambu-lab-x1-series-p1-series","17":"pa_nozzle-diameter-0-2mm","18":"pa_nozzle-diameter-0-4mm","19":"pa_nozzle-diameter-0-6mm","20":"pa_nozzle-diameter-0-8mm","21":"pa_nozzle-material-hardened-steel","22":"pa_nozzle-material-stainless-steel","23":"brand-bambu-lab","25":"first","26":"instock","27":"taxable","28":"shipping-taxable","29":"purchasable","30":"product-type-variable"},"acf":[],"_links":{"self":[{"href":"https:\/\/azurefilm.com\/de\/wp-json\/wp\/v2\/product\/52086","targetHints":{"allow":["GET"]}}],"collection":[{"href":"https:\/\/azurefilm.com\/de\/wp-json\/wp\/v2\/product"}],"about":[{"href":"https:\/\/azurefilm.com\/de\/wp-json\/wp\/v2\/types\/product"}],"replies":[{"embeddable":true,"href":"https:\/\/azurefilm.com\/de\/wp-json\/wp\/v2\/comments?post=52086"}],"wp:featuredmedia":[{"embeddable":true,"href":"https:\/\/azurefilm.com\/de\/wp-json\/wp\/v2\/media\/52087"}],"wp:attachment":[{"href":"https:\/\/azurefilm.com\/de\/wp-json\/wp\/v2\/media?parent=52086"}],"wp:term":[{"taxonomy":"product_brand","embeddable":true,"href":"https:\/\/azurefilm.com\/de\/wp-json\/wp\/v2\/product_brand?post=52086"},{"taxonomy":"product_cat","embeddable":true,"href":"https:\/\/azurefilm.com\/de\/wp-json\/wp\/v2\/product_cat?post=52086"},{"taxonomy":"product_tag","embeddable":true,"href":"https:\/\/azurefilm.com\/de\/wp-json\/wp\/v2\/product_tag?post=52086"},{"taxonomy":"brand","embeddable":true,"href":"https:\/\/azurefilm.com\/de\/wp-json\/wp\/v2\/brand?post=52086"}],"curies":[{"name":"wp","href":"https:\/\/api.w.org\/{rel}","templated":true}]}}