
{"id":52121,"date":"2023-10-29T14:44:31","date_gmt":"2023-10-29T14:44:31","guid":{"rendered":"https:\/\/azurefilm.com\/product\/bambu-textured-pei-plate\/"},"modified":"2024-11-26T08:49:31","modified_gmt":"2024-11-26T08:49:31","slug":"bambu-textured-pei-plate","status":"publish","type":"product","link":"https:\/\/azurefilm.com\/de\/produkt\/bambu-textured-pei-plate\/","title":{"rendered":"Bambu Textured PEI Plate"},"content":{"rendered":"<h2>Bambu Textured PEI Plate<\/h2>\n<p>Erzielen Sie eine hervorragende Haftung und eine einfache Druckentfernung mit der Bambu Textured PEI Plate. Diese Platte ist darauf ausgelegt, ein \u00fcberlegenes 3D-Druckerlebnis zu bieten und gleichzeitig eine interessante Erstschichttextur zu erzeugen.<\/p>\n<h3>Vorteile<\/h3>\n<ul>\n<li>Ausgezeichnete Haftung der ersten Schicht<\/li>\n<li>Verbesserte Haltbarkeit<\/li>\n<li>Kompatibilit\u00e4t mit verschiedenen Filamenten wie PLA, TPU, PETG, ABS und Nylon.<\/li>\n<\/ul>\n<h2>Selbstl\u00f6sungsfunktion<\/h2>\n<p>PEI ist bekannt f\u00fcr seine Widerstandsf\u00e4higkeit gegen\u00fcber Temperaturschwankungen. Es sorgt f\u00fcr eine einfache Druckentfernung, wenn das Heizbett abk\u00fchlt. Warten Sie, bis die Temperatur 35\u00b0C oder niedriger erreicht; wenn der Druck immer noch haftet, biegen Sie die Stahlplatte vorsichtig, und Ihr Druck wird sich problemlos l\u00f6sen.<\/p>\n<h2>Zuverl\u00e4ssige magnetische Haftung<\/h2>\n<p>Die Bambu Textured PEI Plate hat eine 0,5 mm dicke Edelstahlplatte und bietet eine verbesserte magnetische Haftung. Diese Funktion verhindert Verformungen und sorgt f\u00fcr eine stabile Druckqualit\u00e4t. Ihre ersten Druckschichten haften sicher, selbst bei gr\u00f6\u00dferen Modellen oder Materialien, die zu Verformungen neigen, wie ABS, PC und Nylon.<\/p>\n<h2>Einzigartige texturierte Oberfl\u00e4che<\/h2>\n<p>Durch einen pr\u00e4zisen Pulverbeschichtungsprozess bietet die Bambu Textured PEI Plate eine markante texturierte Oberfl\u00e4che f\u00fcr Ihre Drucke und verleiht Ihren Kreationen Charakter.<\/p>\n<h2>Installation<\/h2>\n<p>Die Installation dieser Platte ist einfach und dauert nur wenige Sekunden. Schritt 1: Richten Sie die Platte an den festen Punkten der Plattform aus, sodass der Name der Platte zu Ihnen zeigt. Schritt 2: Senken Sie die Platte auf die magnetische Plattform ab und sichern Sie sie.<\/p>\n<p><img decoding=\"async\" class=\"alignnone size-medium wp-image-32465\" src=\"https:\/\/azurefilm.com\/wp-content\/uploads\/2023\/10\/step-1.jpg\" alt=\" width=\" height=\"400\" title=\"\"> <img decoding=\"async\" class=\"alignnone size-medium wp-image-32469\" src=\"https:\/\/azurefilm.com\/wp-content\/uploads\/2023\/10\/step-2.jpg\" alt=\" width=\" height=\"400\" title=\"\"><\/p>\n","protected":false},"excerpt":{"rendered":"<p><span style=\"font-weight: 400;\">Beseitigen Sie Bedenken hinsichtlich Verformungen und verbessern Sie Ihre Druckqualit\u00e4t, indem Sie die markante Oberfl\u00e4chentextur der Bambu Textured PEI Plate nutzen.<\/span><\/p>\n","protected":false},"featured_media":52122,"comment_status":"closed","ping_status":"closed","template":"","meta":{"_acf_changed":false},"product_brand":[],"product_cat":[1767,1888,1765,1994],"product_tag":[],"brand":[],"class_list":{"0":"post-52121","1":"product","2":"type-product","3":"status-publish","4":"has-post-thumbnail","6":"product_cat-alle-ersatzteile","7":"product_cat-bauoberflachen","8":"product_cat-ersatzteile","9":"product_cat-pei-platten","10":"pa_compatible-with-bambulab-fdm-3d-printers","11":"pa_fits-printer-all-bambu-lab-x1-series-p1-series","13":"first","14":"instock","15":"taxable","16":"shipping-taxable","17":"purchasable","18":"product-type-simple"},"acf":[],"_links":{"self":[{"href":"https:\/\/azurefilm.com\/de\/wp-json\/wp\/v2\/product\/52121","targetHints":{"allow":["GET"]}}],"collection":[{"href":"https:\/\/azurefilm.com\/de\/wp-json\/wp\/v2\/product"}],"about":[{"href":"https:\/\/azurefilm.com\/de\/wp-json\/wp\/v2\/types\/product"}],"replies":[{"embeddable":true,"href":"https:\/\/azurefilm.com\/de\/wp-json\/wp\/v2\/comments?post=52121"}],"wp:featuredmedia":[{"embeddable":true,"href":"https:\/\/azurefilm.com\/de\/wp-json\/wp\/v2\/media\/52122"}],"wp:attachment":[{"href":"https:\/\/azurefilm.com\/de\/wp-json\/wp\/v2\/media?parent=52121"}],"wp:term":[{"taxonomy":"product_brand","embeddable":true,"href":"https:\/\/azurefilm.com\/de\/wp-json\/wp\/v2\/product_brand?post=52121"},{"taxonomy":"product_cat","embeddable":true,"href":"https:\/\/azurefilm.com\/de\/wp-json\/wp\/v2\/product_cat?post=52121"},{"taxonomy":"product_tag","embeddable":true,"href":"https:\/\/azurefilm.com\/de\/wp-json\/wp\/v2\/product_tag?post=52121"},{"taxonomy":"brand","embeddable":true,"href":"https:\/\/azurefilm.com\/de\/wp-json\/wp\/v2\/brand?post=52121"}],"curies":[{"name":"wp","href":"https:\/\/api.w.org\/{rel}","templated":true}]}}