
{"id":52137,"date":"2023-10-29T14:44:31","date_gmt":"2023-10-29T14:44:31","guid":{"rendered":"https:\/\/azurefilm.com\/product\/creality-ender-3-v3-se\/"},"modified":"2024-11-26T11:55:24","modified_gmt":"2024-11-26T11:55:24","slug":"creality-ender-3-v3-se","status":"publish","type":"product","link":"https:\/\/azurefilm.com\/de\/produkt\/creality-ender-3-v3-se\/","title":{"rendered":"Creality Ender 3 V3 SE"},"content":{"rendered":"<p>Der Creality Ender 3 V3 SE Drucker verf\u00fcgt \u00fcber <strong>sorgenfreie automatische Nivellierung<\/strong>, einen pr\u00e4zisen &#8220;Sprite&#8221; Direkt-Extruder, eine stabile doppelte Z-Achse und ein benutzerfreundliches UI-Display. Er <strong>kombiniert Zuverl\u00e4ssigkeit mit Geschwindigkeit<\/strong> und einem eleganten Design f\u00fcr ein verbessertes 3D-Druckerlebnis.<\/p>\n<h2>Robuste Struktur f\u00fcr Stabilit\u00e4t<\/h2>\n<p>Der Ender 3 V3 SE ist f\u00fcr Stabilit\u00e4t im 3D-Druck ausgelegt. Er verwendet eine starre doppelte Z-Achse, um Z-Wobbling zu minimieren, und verf\u00fcgt \u00fcber eine Y-Achse, die von zwei langlebigen Stahl-Linearschienen, jeweils 8mm dick, unterst\u00fctzt wird, um eine langanhaltende Plattformstabilit\u00e4t w\u00e4hrend des Druckens zu gew\u00e4hrleisten.<\/p>\n<h2>Zuverl\u00e4ssiger &#8220;Sprite&#8221; Direktantrieb-Extruder<\/h2>\n<p>Ausgestattet mit einem &#8220;Sprite&#8221; Direktantrieb-Extruder bietet der Ender 3 V3 SE Zuverl\u00e4ssigkeit und Vielseitigkeit. Dieser Extruder verarbeitet eine Vielzahl von Materialien, einschlie\u00dflich PLA, PETG und TPU. Er verf\u00fcgt auch \u00fcber eine Hochgeschwindigkeitsdruckf\u00e4higkeit mit einer maximalen Geschwindigkeit von 250mm\/s und einer Beschleunigung von 2500mm\/s\u00b2.<\/p>\n<h2>Vereinfachte Bedienung und \u00dcberwachung<\/h2>\n<p>Der Ender 3 V3 SE erleichtert das Drucken, indem er das Druckbett automatisch mit einem CR-Touch-Sensor und einem Dehnungssensor f\u00fcr die Z-Achse anpasst. Die \u00dcberwachung Ihrer Drucke ist einfach mit dem 3,2-Zoll-Farbdisplay, das \u00fcber einen Drehknopf gesteuert wird.<\/p>\n<h2>M\u00fchelose Filamenthandhabung<\/h2>\n<p>Das Laden und Entladen von Filament war noch nie einfacher. Der Drucker bietet Optionen zum &#8220;Extrudieren&#8221; und &#8220;Zur\u00fcckziehen&#8221; f\u00fcr eine nahtlose Filamentverwaltung und verbessert so das Benutzererlebnis.<\/p>\n<h2>Kompaktes und funktionales Design<\/h2>\n<p>Der Ender 3 V3 SE kombiniert ein kompaktes Design mit robusten Funktionen. Er priorisiert Funktionalit\u00e4t und beh\u00e4lt dabei ein elegantes Erscheinungsbild bei.<\/p>\n","protected":false},"excerpt":{"rendered":"<p>Der Creality Ender 3 V3 SE ist ein sehr einfach zu bedienender 3D-Drucker, der Ihr kreatives Potenzial freisetzen wird.<\/p>\n","protected":false},"featured_media":52139,"comment_status":"closed","ping_status":"closed","template":"","meta":{"_acf_changed":false},"product_brand":[],"product_cat":[1693,1695,1671,1851,1694],"product_tag":[],"brand":[],"class_list":{"0":"post-52137","1":"product","2":"type-product","3":"status-publish","4":"has-post-thumbnail","6":"product_cat-3d-drucker","7":"product_cat-alle-3d-drucker","8":"product_cat-angebote","9":"product_cat-creality-de","10":"product_cat-fdm-drucker","12":"first","13":"instock","14":"sale","15":"featured","16":"taxable","17":"shipping-taxable","18":"purchasable","19":"product-type-simple"},"acf":[],"_links":{"self":[{"href":"https:\/\/azurefilm.com\/de\/wp-json\/wp\/v2\/product\/52137","targetHints":{"allow":["GET"]}}],"collection":[{"href":"https:\/\/azurefilm.com\/de\/wp-json\/wp\/v2\/product"}],"about":[{"href":"https:\/\/azurefilm.com\/de\/wp-json\/wp\/v2\/types\/product"}],"replies":[{"embeddable":true,"href":"https:\/\/azurefilm.com\/de\/wp-json\/wp\/v2\/comments?post=52137"}],"wp:featuredmedia":[{"embeddable":true,"href":"https:\/\/azurefilm.com\/de\/wp-json\/wp\/v2\/media\/52139"}],"wp:attachment":[{"href":"https:\/\/azurefilm.com\/de\/wp-json\/wp\/v2\/media?parent=52137"}],"wp:term":[{"taxonomy":"product_brand","embeddable":true,"href":"https:\/\/azurefilm.com\/de\/wp-json\/wp\/v2\/product_brand?post=52137"},{"taxonomy":"product_cat","embeddable":true,"href":"https:\/\/azurefilm.com\/de\/wp-json\/wp\/v2\/product_cat?post=52137"},{"taxonomy":"product_tag","embeddable":true,"href":"https:\/\/azurefilm.com\/de\/wp-json\/wp\/v2\/product_tag?post=52137"},{"taxonomy":"brand","embeddable":true,"href":"https:\/\/azurefilm.com\/de\/wp-json\/wp\/v2\/brand?post=52137"}],"curies":[{"name":"wp","href":"https:\/\/api.w.org\/{rel}","templated":true}]}}