
{"id":52138,"date":"2023-10-30T14:11:41","date_gmt":"2023-10-30T14:11:41","guid":{"rendered":"https:\/\/azurefilm.com\/product\/creality-k1-max\/"},"modified":"2024-11-26T11:27:16","modified_gmt":"2024-11-26T11:27:16","slug":"creality-k1-max","status":"publish","type":"product","link":"https:\/\/azurefilm.com\/de\/produkt\/creality-k1-max\/","title":{"rendered":"Creality K1 Max"},"content":{"rendered":"<p><iframe loading=\"lazy\" title=\"YouTube-Video-Player\" src=\"https:\/\/www.youtube.com\/embed\/zu0anWcRkus\" width=\"560\" height=\"315\" frameborder=\"0\" allowfullscreen=\"allowfullscreen\"><\/iframe><\/p>\n<p><span style=\"font-weight: 400;\">Der Creality K1 Max Drucker hat viele gro\u00dfartige Funktionen, die Ihr 3D-Erlebnis besonders angenehm machen. Lassen Sie uns nur einige der besten erw\u00e4hnen! <\/span><\/p>\n<h2><strong>Seine Geschwindigkeit <\/strong><\/h2>\n<p><span style=\"font-weight: 400;\">Mit seiner maximalen Geschwindigkeit von 600 mm\/s und der Tatsache, dass er 12-mal schneller ist als ein herk\u00f6mmlicher FDM 3D-Drucker, k\u00f6nnten wir diesen Drucker auch als \u00bbKing of Speed\u00ab bezeichnen. Mit einer unglaublichen Beschleunigung von 20000 mm\/s\u00b2 erreicht der Creality K1 Max in nur 0,03 s 600 mm\/s und liefert in 90 % der Druckzeit volle Geschwindigkeit. Die schnelle Geschwindigkeit des Druckers verk\u00fcrzt die Druckzeit, erh\u00f6ht die Effizienz und spart auch viel Energie. <\/span><\/p>\n<h2><strong>Robuste aber \u00e4sthetische Konstruktion <\/strong><\/h2>\n<p><span style=\"font-weight: 400;\">Der Creality K1 Max hat ein sehr robustes Design, das es dem Drucker erm\u00f6glicht, hohe Druckgeschwindigkeiten zu erreichen, ohne die Endqualit\u00e4t zu beeintr\u00e4chtigen. Die feste CoreXY-Struktur und der leichte Druckkopf (nur 190 g schwer) sind f\u00fcr hohe Geschwindigkeiten ausgelegt. Der robuste Rahmen, kombiniert mit einem leichten Design der beweglichen Teile, sorgt nicht nur f\u00fcr weniger Tr\u00e4gheit und Vibrationen, sondern auch f\u00fcr mehr Stabilit\u00e4t. Er hat ein Bauvolumen von 300 x 300 x 300 mm und ist der kompakteste unter den FDM 3D-Druckern mit einem \u00e4hnlichen Bauvolumen. <\/span><\/p>\n<p><span style=\"font-weight: 400;\">Trotzdem hat der Drucker ein sehr cooles Design, das \u00fcberall gut aussieht.<\/span><\/p>\n<h2><strong>Volle Leistung bei 32mm\u00b3\/s Durchfluss <\/strong><\/h2>\n<p><span style=\"font-weight: 400;\">Creality hat einen neuen Keramikheizer f\u00fcr den Creality K1 Max Drucker entwickelt, der nur 40 Sekunden ben\u00f6tigt, um eine Temperatur von 200\u00b0C zu erreichen und die Filamente schnell und gleichm\u00e4\u00dfig zu schmelzen.<\/span><\/p>\n<p><span style=\"font-weight: 400;\">Der Drucker hat auch einen Titanlegierungs-Heatbreak und eine Kupferlegierungsd\u00fcse, die f\u00fcr hohe Temperaturen ausgelegt sind und perfekt bei bis zu 300\u00b0C arbeiten.<\/span><\/p>\n<h2><strong>Effizientes K\u00fchlsystem<\/strong><\/h2>\n<p><span style=\"font-weight: 400;\">Der Druckkopf des Creality K1 Max hat eine sehr leistungsstarke doppelseitige K\u00fchlung, die die frisch gedruckten Schichten direkt von zwei Seiten k\u00fchlt. Ein 18-Watt-Geh\u00e4usel\u00fcfter verst\u00e4rkt den K\u00fchleffekt noch mehr. Dank dieses K\u00fchlsystems h\u00e4rtet das Modell aus, bevor es zu F\u00e4denbildung oder Verzug kommen kann. <\/span><\/p>\n<h2><strong>Freih\u00e4ndiges automatisches Nivellieren <\/strong><\/h2>\n<p><span style=\"font-weight: 400;\">Um ein genaues Nivelliergitter zu erzeugen, sind Dehnungssensoren in das Heizbett eingebettet. Dies bedeutet, dass das automatische Nivellieren vor dem Druckbeginn erfolgt und Sie eine perfekt ebene Platte ohne zus\u00e4tzliche Arbeit erhalten. <\/span><\/p>\n<h2><strong>Schnellheizendes Heizbett <\/strong><\/h2>\n<p><span style=\"font-weight: 400;\">Das Heizbett aus Aluminiumlegierung erreicht in nur 180 Sekunden 60\u00b0C und verteilt die W\u00e4rme gleichm\u00e4\u00dfig und schnell.<\/span><\/p>\n<h2><strong>Kein Klingeln bei hoher Geschwindigkeit <\/strong><\/h2>\n<p><span style=\"font-weight: 400;\">Wir alle wissen, dass bei sehr hohen Druckgeschwindigkeiten ein st\u00f6rendes Klingeln auftritt. Dieses Problem werden Sie mit dem Creality K1 Max Drucker nicht haben, dank des G-Sensors, der in den Druckkopf integriert ist. Der G-Sensor misst die Resonanzfrequenzen und stimmt sie bei Bedarf automatisch ab. <\/span><\/p>\n<h2><strong>Sorgenfreie Steuerung <\/strong><\/h2>\n<p><span style=\"font-weight: 400;\">Der Creality K1 Max kann \u00fcber USB-Laufwerk oder WiFi drucken. Sobald der Druck abgeschlossen ist oder ein Druckproblem auftritt, werden Sie auf Ihrem Telefon oder PC benachrichtigt. <\/span><\/p>\n<p><span style=\"font-weight: 400;\">Wenn Sie eine Netzwerkverbindung haben, kann der Creality K1 Max aus der Ferne von Creality Print oder der Creality Cloud APP\/WEB (in diesem Fall ben\u00f6tigen Sie eine AI-Kamera) gesteuert oder \u00fcberwacht werden, und dies kann auch erfolgen, wenn mehrere K1-Drucker online verbunden sind.<\/span><\/p>\n<h2><strong>Intelligentes Betriebssystem <\/strong><\/h2>\n<p><span style=\"font-weight: 400;\">Der Creality K1 Max ist mit einem schnellen und intelligenten Creality-Betriebssystem (Creality OS) und einer benutzerfreundlichen Oberfl\u00e4che ausgestattet. Das Betriebssystem synchronisiert Daten und Befehle mit Ihrem PC, Telefon, der Cloud und Zusatzmodulen. Der Drucker verf\u00fcgt \u00fcber einen sehr schnellen Dual-Core (1,2GHz CPU), der das Hochgeschwindigkeitsdrucken m\u00fchelos erm\u00f6glicht. Eine weitere coole Sache ist ein 8G ROM, das es Ihnen erm\u00f6glicht, bis zu 400 Modelle zu speichern und dem Drucker ein schnelles Lesen und Schreiben erm\u00f6glicht. <\/span><\/p>\n","protected":false},"excerpt":{"rendered":"<p>Lassen Sie uns Ihnen den revolution\u00e4ren FDM 3D-Drucker &#8211; K1 MAX von Creality vorstellen! Dieser hochmoderne Drucker wird die 3D-Welt im Sturm erobern und hochwertige Drucke mitunglaublicher Geschwindigkeit liefern. Aber seine Effizienz ist nicht das Einzige, wor\u00fcber man sich freuen kann. Ein gro\u00dfer Bonus ist, dass Sie Ihren K1 MAX-Drucker bereits vollst\u00e4ndig montiert, kalibriert und sofort einsatzbereit erhalten. Folgen Sie einfach einer einfachen Anleitung, die Sie durch die Einrichtung des 3D-Druckers f\u00fchrt und beginnen Sie sofort mit dem Drucken!<\/p>\n","protected":false},"featured_media":52143,"comment_status":"closed","ping_status":"closed","template":"","meta":{"_acf_changed":false},"product_brand":[],"product_cat":[1693,1695,1851,1694],"product_tag":[],"brand":[],"class_list":{"0":"post-52138","1":"product","2":"type-product","3":"status-publish","4":"has-post-thumbnail","6":"product_cat-3d-drucker","7":"product_cat-alle-3d-drucker","8":"product_cat-creality-de","9":"product_cat-fdm-drucker","11":"first","12":"instock","13":"taxable","14":"shipping-taxable","15":"purchasable","16":"product-type-simple"},"acf":[],"_links":{"self":[{"href":"https:\/\/azurefilm.com\/de\/wp-json\/wp\/v2\/product\/52138","targetHints":{"allow":["GET"]}}],"collection":[{"href":"https:\/\/azurefilm.com\/de\/wp-json\/wp\/v2\/product"}],"about":[{"href":"https:\/\/azurefilm.com\/de\/wp-json\/wp\/v2\/types\/product"}],"replies":[{"embeddable":true,"href":"https:\/\/azurefilm.com\/de\/wp-json\/wp\/v2\/comments?post=52138"}],"wp:featuredmedia":[{"embeddable":true,"href":"https:\/\/azurefilm.com\/de\/wp-json\/wp\/v2\/media\/52143"}],"wp:attachment":[{"href":"https:\/\/azurefilm.com\/de\/wp-json\/wp\/v2\/media?parent=52138"}],"wp:term":[{"taxonomy":"product_brand","embeddable":true,"href":"https:\/\/azurefilm.com\/de\/wp-json\/wp\/v2\/product_brand?post=52138"},{"taxonomy":"product_cat","embeddable":true,"href":"https:\/\/azurefilm.com\/de\/wp-json\/wp\/v2\/product_cat?post=52138"},{"taxonomy":"product_tag","embeddable":true,"href":"https:\/\/azurefilm.com\/de\/wp-json\/wp\/v2\/product_tag?post=52138"},{"taxonomy":"brand","embeddable":true,"href":"https:\/\/azurefilm.com\/de\/wp-json\/wp\/v2\/brand?post=52138"}],"curies":[{"name":"wp","href":"https:\/\/api.w.org\/{rel}","templated":true}]}}