
{"id":52178,"date":"2023-11-13T10:41:57","date_gmt":"2023-11-13T10:41:57","guid":{"rendered":"https:\/\/azurefilm.com\/product\/motherboard-for-creator-3-pro\/"},"modified":"2023-11-13T10:41:57","modified_gmt":"2023-11-13T10:41:57","slug":"motherboard-for-creator-3-pro","status":"publish","type":"product","link":"https:\/\/azurefilm.com\/de\/produkt\/motherboard-for-creator-3-pro\/","title":{"rendered":"Motherboard for Creator 3 PRO"},"content":{"rendered":"<h4>Motherboard for Creator 3 PRO<\/h4>\n<h3><strong><span style=\"vertical-align: inherit;\">Hauptmerkmale:<\/span><\/strong><\/h3>\n<ul>\n<li><strong><span style=\"vertical-align: inherit;\">Genauigkeit und Leistung:<\/span><\/strong>\n<ul>\n<li><span style=\"vertical-align: inherit;\">Erweiterte 32-Bit-Architektur f\u00fcr erh\u00f6hte Genauigkeit und insgesamt bessere Druckleistung.<\/span><\/li>\n<li><span style=\"vertical-align: inherit;\">Erreichen Sie ein neues Niveau an Detailgenauigkeit und Qualit\u00e4t in Ihren 3D-Drucken.<\/span><\/li>\n<\/ul>\n<\/li>\n<li><strong><span style=\"vertical-align: inherit;\">Ger\u00e4uscharmer Betrieb:<\/span><\/strong>\n<ul>\n<li><span style=\"vertical-align: inherit;\">Die TMC2208-Treiber sorgen f\u00fcr ein leises Druckerlebnis und reduzieren den L\u00e4rm w\u00e4hrend des Betriebs.<\/span><\/li>\n<li><span style=\"vertical-align: inherit;\">Ideal f\u00fcr Benutzer, die eine ruhigere Arbeitsumgebung w\u00e4hrend der 3D-Drucksitzungen suchen.<\/span><\/li>\n<\/ul>\n<\/li>\n<li><strong><span style=\"vertical-align: inherit;\">Plug  Play Installation:<\/span><\/strong>\n<ul>\n<li><span style=\"vertical-align: inherit;\">Vorinstallierte Firmware und vorkonfigurierte Einstellungen f\u00fcr den Creator 3 Pro machen die Installation zu einem nahtlosen Plug-and-Play-Prozess.<\/span><\/li>\n<li><span style=\"vertical-align: inherit;\">Vereinfachter Upgrade-Prozess f\u00fcr Benutzer, die eine einfache und unkomplizierte Installation suchen.<\/span><\/li>\n<\/ul>\n<\/li>\n<li><strong><span style=\"vertical-align: inherit;\">Optimiertes W\u00e4rmemanagement:<\/span><\/strong>\n<ul>\n<li><span style=\"vertical-align: inherit;\">Das Schaltungsdesign ist f\u00fcr effizientes W\u00e4rmemanagement optimiert.<\/span><\/li>\n<li><span style=\"vertical-align: inherit;\">Stabile Temperaturen w\u00e4hrend des Betriebs verhindern Probleme wie thermische Schrumpfung und gew\u00e4hrleisten eine gleichbleibende Druckqualit\u00e4t.<\/span><\/li>\n<\/ul>\n<\/li>\n<li><strong><span style=\"vertical-align: inherit;\">Universelle Kompatibilit\u00e4t:<\/span><\/strong>\n<ul>\n<li><span style=\"vertical-align: inherit;\">Kompatibel mit einer Vielzahl von Antriebsachsen, einschlie\u00dflich E\/Z\/Y\/X, und bietet Vielseitigkeit f\u00fcr verschiedene Projektanforderungen.<\/span><\/li>\n<li><span style=\"vertical-align: inherit;\">Es bietet eine dynamische und flexible Plattform f\u00fcr Kreativit\u00e4t, die es den Benutzern erm\u00f6glicht, den 3D-Drucker an spezifische Projektanforderungen anzupassen.<\/span><\/li>\n<\/ul>\n<\/li>\n<li><strong><span style=\"vertical-align: inherit;\">Zuverl\u00e4ssige Konstruktion:<\/span><\/strong>\n<ul>\n<li><span style=\"vertical-align: inherit;\">Robuste und zuverl\u00e4ssige Konstruktion gew\u00e4hrleistet eine lange Lebensdauer der Hauptplatine.<\/span><\/li>\n<li><span style=\"vertical-align: inherit;\">Entwickelt, um den Belastungen des 3D-Drucks standzuhalten und eine stabile und gleichbleibende Leistung \u00fcber die Zeit zu gew\u00e4hrleisten.<\/span><\/li>\n<\/ul>\n<\/li>\n<li><strong><span style=\"vertical-align: inherit;\">Benutzerfreundliche Schnittstelle:<\/span><\/strong>\n<ul>\n<li><span style=\"vertical-align: inherit;\">Intuitive und benutzerfreundliche Schnittstelle f\u00fcr einfache Navigation und Steuerung.<\/span><\/li>\n<li><span style=\"vertical-align: inherit;\">Es verbessert das Benutzererlebnis und macht es sowohl f\u00fcr Anf\u00e4nger als auch f\u00fcr fortgeschrittene Benutzer zug\u00e4nglich.<\/span><\/li>\n<\/ul>\n<\/li>\n<\/ul>\n<p><span style=\"vertical-align: inherit;\">Fu\u00dfnote:<\/span><\/p>\n<ul>\n<li><span style=\"vertical-align: inherit;\">Wenn die Stromversorgung eingeschaltet ist, verbinden Sie die Hauptplatine nicht und \u00e4ndern Sie keine Schnittstelle des Moduls (au\u00dfer SD und USB).<\/span><\/li>\n<li><span style=\"vertical-align: inherit;\">Achten Sie vor dem Einschalten auf die positive und negative Polarit\u00e4t des Netzkabels und aller Anschlussports. Vermeiden Sie Sch\u00e4den an der Hauptplatine. <\/span><\/li>\n<li><span style=\"vertical-align: inherit;\">Ber\u00fchren Sie die Motherboard nicht mit nassen H\u00e4nden und halten Sie sie trocken.<\/span><\/li>\n<li><span style=\"vertical-align: inherit;\">Im Notfall schalten Sie die Stromversorgung rechtzeitig aus.<\/span><\/li>\n<\/ul>\n<p>https:\/\/www.youtube.com\/watch?v=Ed9Xcpigdqc<\/p>\n","protected":false},"excerpt":{"rendered":"<p>Motherboard for Creator 3 PRO<\/p>\n","protected":false},"featured_media":52179,"comment_status":"closed","ping_status":"closed","template":"","meta":{"_acf_changed":false},"product_brand":[],"product_cat":[1765,1671,1768],"product_tag":[],"brand":[],"class_list":{"0":"post-52178","1":"product","2":"type-product","3":"status-publish","4":"has-post-thumbnail","6":"product_cat-ersatzteile","7":"product_cat-angebote","8":"product_cat-hauptplatinen","10":"first","11":"instock","12":"sale","13":"taxable","14":"shipping-taxable","15":"purchasable","16":"product-type-simple"},"acf":[],"_links":{"self":[{"href":"https:\/\/azurefilm.com\/de\/wp-json\/wp\/v2\/product\/52178","targetHints":{"allow":["GET"]}}],"collection":[{"href":"https:\/\/azurefilm.com\/de\/wp-json\/wp\/v2\/product"}],"about":[{"href":"https:\/\/azurefilm.com\/de\/wp-json\/wp\/v2\/types\/product"}],"replies":[{"embeddable":true,"href":"https:\/\/azurefilm.com\/de\/wp-json\/wp\/v2\/comments?post=52178"}],"wp:featuredmedia":[{"embeddable":true,"href":"https:\/\/azurefilm.com\/de\/wp-json\/wp\/v2\/media\/52179"}],"wp:attachment":[{"href":"https:\/\/azurefilm.com\/de\/wp-json\/wp\/v2\/media?parent=52178"}],"wp:term":[{"taxonomy":"product_brand","embeddable":true,"href":"https:\/\/azurefilm.com\/de\/wp-json\/wp\/v2\/product_brand?post=52178"},{"taxonomy":"product_cat","embeddable":true,"href":"https:\/\/azurefilm.com\/de\/wp-json\/wp\/v2\/product_cat?post=52178"},{"taxonomy":"product_tag","embeddable":true,"href":"https:\/\/azurefilm.com\/de\/wp-json\/wp\/v2\/product_tag?post=52178"},{"taxonomy":"brand","embeddable":true,"href":"https:\/\/azurefilm.com\/de\/wp-json\/wp\/v2\/brand?post=52178"}],"curies":[{"name":"wp","href":"https:\/\/api.w.org\/{rel}","templated":true}]}}