
{"id":52184,"date":"2023-11-14T08:31:13","date_gmt":"2023-11-14T08:31:13","guid":{"rendered":"https:\/\/azurefilm.com\/product\/petg-pastel-filament-ice-cream-pink\/"},"modified":"2026-04-03T13:21:30","modified_gmt":"2026-04-03T13:21:30","slug":"petg-pastel-filament-ice-cream-pink","status":"publish","type":"product","link":"https:\/\/azurefilm.com\/de\/produkt\/petg-pastel-filament-ice-cream-pink\/","title":{"rendered":"PETG Pastel Filament Eiscreme-Rosa"},"content":{"rendered":"<h2><b>PETG Pastel<\/b><\/h2>\n<p><span style=\"font-weight: 400;\">PETG Pastel Filamente bieten eine Reihe von <\/span><b>zarten und sanften Farbt\u00f6nen<\/b><span style=\"font-weight: 400;\">. This collection presents a <\/span><b>sanfte Farbpalette<\/b><span style=\"font-weight: 400;\"> geeignet f\u00fcr viele verschiedene Anwendungen wie Dekorationsst\u00fccke, elektronische Ger\u00e4te, Figuren und mehr. PETG Pastel Filament zeichnet sich durch seine <\/span><b>benutzerfreundlichen Eigenschaften<\/b><span style=\"font-weight: 400;\"> aus, was es zu einer ausgezeichneten Wahl f\u00fcr Anf\u00e4nger macht.<\/span><\/p>\n<h3><strong><b>PETG Pastel Filament Ice Cream Pink<\/b><\/strong><\/h3>\n<p><span style=\"font-weight: 400;\">Erstellen Sie s\u00fc\u00dfe und atemberaubende Drucke mit PETG Pastel Filament Ice Cream Pink.<\/span><\/p>\n<p><span style=\"font-weight: 400;\">Um mehr \u00fcber PETG-Filamente zu erfahren, lesen Sie unseren <a href=\"https:\/\/azurefilm.com\/de\/2023\/07\/10\/petg-filamente-alles-was-sie-wissen-muessen\/\" target=\"_blank\" rel=\"noopener\"><strong>Blog<\/strong><\/a>. <\/span><\/p>\n<p><span style=\"font-weight: 400;\">Sie k\u00f6nnen das <\/span><b>Technische Datenblatt<\/b> <span style=\"font-weight: 400;\"><a href=\"https:\/\/azurefilm.com\/de\/technical-data-sheets\/\" target=\"_blank\" rel=\"noopener\"><strong> hier<\/strong><\/a>.<\/span><\/p>\n<h3><strong>Druckempfehlungen:<\/strong><\/h3>\n<ul>\n<li style=\"font-weight: 400;\" aria-level=\"1\"><span style=\"font-weight: 400;\">F\u00fcr beste Ergebnisse drucken Sie bei 220\u2013240\u00b0C. <\/span><\/li>\n<li style=\"font-weight: 400;\" aria-level=\"1\"><span style=\"font-weight: 400;\">Empfohlene Druckbett-Temperatur ist 80\u00b0C.<\/span><\/li>\n<li style=\"font-weight: 400;\" aria-level=\"1\"><span style=\"font-weight: 400;\">Verwenden Sie ein Glasbett, eine PEI-Folie, Kapton oder Blaues Klebeband f\u00fcr die Bauplattform mit 3Dlac-Spray.<\/span><\/li>\n<\/ul>\n<p><i><span style=\"font-weight: 400;\">*Die ideale Temperatur kann je nach verwendetem Drucker variieren.<\/span><\/i><\/p>\n","protected":false},"excerpt":{"rendered":"<p><span style=\"font-weight: 400;\">Erstellen Sie s\u00fc\u00dfe und atemberaubende Drucke mit PETG Pastel Filament Ice Cream Pink.<\/span><\/p>\n","protected":false},"featured_media":109686,"comment_status":"closed","ping_status":"closed","template":"","meta":{"_acf_changed":false},"product_brand":[],"product_cat":[2070,1669,1672,1751],"product_tag":[],"brand":[267],"class_list":{"0":"post-52184","1":"product","2":"type-product","3":"status-publish","4":"has-post-thumbnail","6":"product_cat-petg-pastel-de","7":"product_cat-3d-filamente","8":"product_cat-alle-filamente","9":"product_cat-petg-filamente","10":"pa_colour-pink","11":"pa_filament-diameter-1-75mm","12":"pa_filament-weight-1000g","13":"brand-azurefilm","15":"first","16":"instock","17":"taxable","18":"shipping-taxable","19":"purchasable","20":"product-type-variable"},"acf":[],"_links":{"self":[{"href":"https:\/\/azurefilm.com\/de\/wp-json\/wp\/v2\/product\/52184","targetHints":{"allow":["GET"]}}],"collection":[{"href":"https:\/\/azurefilm.com\/de\/wp-json\/wp\/v2\/product"}],"about":[{"href":"https:\/\/azurefilm.com\/de\/wp-json\/wp\/v2\/types\/product"}],"replies":[{"embeddable":true,"href":"https:\/\/azurefilm.com\/de\/wp-json\/wp\/v2\/comments?post=52184"}],"wp:featuredmedia":[{"embeddable":true,"href":"https:\/\/azurefilm.com\/de\/wp-json\/wp\/v2\/media\/109686"}],"wp:attachment":[{"href":"https:\/\/azurefilm.com\/de\/wp-json\/wp\/v2\/media?parent=52184"}],"wp:term":[{"taxonomy":"product_brand","embeddable":true,"href":"https:\/\/azurefilm.com\/de\/wp-json\/wp\/v2\/product_brand?post=52184"},{"taxonomy":"product_cat","embeddable":true,"href":"https:\/\/azurefilm.com\/de\/wp-json\/wp\/v2\/product_cat?post=52184"},{"taxonomy":"product_tag","embeddable":true,"href":"https:\/\/azurefilm.com\/de\/wp-json\/wp\/v2\/product_tag?post=52184"},{"taxonomy":"brand","embeddable":true,"href":"https:\/\/azurefilm.com\/de\/wp-json\/wp\/v2\/brand?post=52184"}],"curies":[{"name":"wp","href":"https:\/\/api.w.org\/{rel}","templated":true}]}}