
{"id":52198,"date":"2023-11-04T09:47:41","date_gmt":"2023-11-04T09:47:41","guid":{"rendered":"https:\/\/azurefilm.com\/product\/nozzle-e3d-v5-v6-m6\/"},"modified":"2026-01-09T13:44:41","modified_gmt":"2026-01-09T13:44:41","slug":"nozzle-e3d-v5-v6-m6","status":"publish","type":"product","link":"https:\/\/azurefilm.com\/de\/produkt\/nozzle-e3d-v5-v6-m6\/","title":{"rendered":"Nozzle E3D V5-V6 M6"},"content":{"rendered":"<h4>Nozzle E3D V5-V6 M6<\/h4>\n<h3><b>Hauptmerkmale:<\/b><\/h3>\n<ul>\n<li>Die Nozzle E3D V5-V6 M6 zeichnet sich durch ihre Schl\u00fcsselfunktionen aus, die f\u00fcr optimale 3D-Druckerlebnisse entwickelt wurden:<\/li>\n<li><strong>Vielseitige Kompatibilit\u00e4t:<\/strong> Speziell entwickelt f\u00fcr die Kompatibilit\u00e4t mit einer Reihe von Creality 3D-Druckern, einschlie\u00dflich beliebter Modelle wie Creality CR-10 V2, Creality Ender 3, Creality Ender 5 und mehr. Dies gew\u00e4hrleistet eine nahtlose Integration mit weit verbreiteten Druckern in der 3D-Druck-Community. <\/li>\n<li><strong>Anpassbarer Eingangsdurchmesser:<\/strong> Mit einem Eingangsdurchmesser von 1,75 mm kann diese D\u00fcse eine Vielzahl von Filamenttypen aufnehmen, was den Benutzern die Flexibilit\u00e4t bietet, mit verschiedenen Materialien f\u00fcr ihre Druckanforderungen zu experimentieren.<\/li>\n<li><strong>Pr\u00e4zisionsausgabeoptionen:<\/strong> Mit einer Auswahl an Ausgabedurchmessern (0,2 mm, 0,3 mm, 0,4 mm, 0,5 mm, 0,6 mm, 0,8 mm, 1,0 mm) k\u00f6nnen Benutzer ihre Druckprojekte feinabstimmen, um das gew\u00fcnschte Detailniveau und die Schichtdicke zu erreichen.<\/li>\n<li><strong>Universelles M6-Gewinde:<\/strong> Die M6-Gewindegr\u00f6\u00dfe gew\u00e4hrleistet die Kompatibilit\u00e4t mit einem breiten Spektrum von 3D-Druckern und sorgt f\u00fcr eine einfache Installation und Nutzung bei Creality CR-10 V2, Creality Ender-Serie und anderen kompatiblen Modellen.<\/li>\n<li><strong>Hochwertige Messingkonstruktion:<\/strong> Gefertigt aus hochwertigem Messingmaterial, sind diese D\u00fcsen darauf ausgelegt, den Anforderungen des 3D-Drucks standzuhalten. Die Haltbarkeit des Materials gew\u00e4hrleistet Langlebigkeit und konstante Leistung w\u00e4hrend langer Drucksitzungen. <\/li>\n<\/ul>\n<p>Im Wesentlichen kombiniert die Nozzle E3D V5-V6 M6 Vielseitigkeit, Pr\u00e4zision und Haltbarkeit und ist damit eine ideale Wahl f\u00fcr 3D-Druck-Enthusiasten, die Creality-Drucker verwenden. Egal, ob Sie an komplexen Designs oder gro\u00df angelegten Projekten arbeiten, diese D\u00fcse bietet die wesentlichen Funktionen, die f\u00fcr zuverl\u00e4ssige und hochwertige 3D-Drucke erforderlich sind. <\/p>\n","protected":false},"excerpt":{"rendered":"<p><strong>Nozzle E3D V5-V6 M6<\/strong> 3D-Druckerd\u00fcsen sind aus hochwertigem Messingmaterial gefertigt, robust und langlebig.<\/p>\n","protected":false},"featured_media":51335,"comment_status":"closed","ping_status":"closed","template":"","meta":{"_acf_changed":false},"product_brand":[],"product_cat":[1767,1671,1807,1765,1808],"product_tag":[],"brand":[270],"class_list":{"0":"post-52198","1":"product","2":"type-product","3":"status-publish","4":"has-post-thumbnail","6":"product_cat-alle-ersatzteile","7":"product_cat-angebote","8":"product_cat-dusen","9":"product_cat-ersatzteile","10":"product_cat-normale-dusen","11":"pa_nozzle-diameter-0-2mm","12":"pa_nozzle-diameter-0-3mm","13":"pa_nozzle-diameter-0-4mm","14":"pa_nozzle-diameter-0-5mm","15":"pa_nozzle-diameter-0-6mm","16":"pa_nozzle-diameter-0-8mm","17":"pa_nozzle-diameter-1-0mm","18":"brand-creality","20":"first","21":"instock","22":"sale","23":"taxable","24":"shipping-taxable","25":"purchasable","26":"product-type-variable"},"acf":[],"_links":{"self":[{"href":"https:\/\/azurefilm.com\/de\/wp-json\/wp\/v2\/product\/52198","targetHints":{"allow":["GET"]}}],"collection":[{"href":"https:\/\/azurefilm.com\/de\/wp-json\/wp\/v2\/product"}],"about":[{"href":"https:\/\/azurefilm.com\/de\/wp-json\/wp\/v2\/types\/product"}],"replies":[{"embeddable":true,"href":"https:\/\/azurefilm.com\/de\/wp-json\/wp\/v2\/comments?post=52198"}],"wp:featuredmedia":[{"embeddable":true,"href":"https:\/\/azurefilm.com\/de\/wp-json\/wp\/v2\/media\/51335"}],"wp:attachment":[{"href":"https:\/\/azurefilm.com\/de\/wp-json\/wp\/v2\/media?parent=52198"}],"wp:term":[{"taxonomy":"product_brand","embeddable":true,"href":"https:\/\/azurefilm.com\/de\/wp-json\/wp\/v2\/product_brand?post=52198"},{"taxonomy":"product_cat","embeddable":true,"href":"https:\/\/azurefilm.com\/de\/wp-json\/wp\/v2\/product_cat?post=52198"},{"taxonomy":"product_tag","embeddable":true,"href":"https:\/\/azurefilm.com\/de\/wp-json\/wp\/v2\/product_tag?post=52198"},{"taxonomy":"brand","embeddable":true,"href":"https:\/\/azurefilm.com\/de\/wp-json\/wp\/v2\/brand?post=52198"}],"curies":[{"name":"wp","href":"https:\/\/api.w.org\/{rel}","templated":true}]}}