
{"id":52239,"date":"2023-11-22T14:35:52","date_gmt":"2023-11-22T14:35:52","guid":{"rendered":"https:\/\/azurefilm.com\/product\/creality-standard-orange-resin\/"},"modified":"2023-11-22T14:35:52","modified_gmt":"2023-11-22T14:35:52","slug":"creality-standard-orange-resin","status":"publish","type":"product","link":"https:\/\/azurefilm.com\/de\/produkt\/creality-standard-orange-resin\/","title":{"rendered":"Creality Standard Orange resin"},"content":{"rendered":"<h2><strong>Creality Standard Orange resin<\/strong><\/h2>\n<p><span style=\"font-weight: 400;\">Creality Standard Orange resin ist ein hochpr\u00e4zises UV-h\u00e4rtendes Harz, das f\u00fcr LCD-Drucker mit einer Wellenl\u00e4nge von 405 nm entwickelt wurde. Dieses Harz zeichnet sich durch  <\/span><b>gerine Schrumpfung<\/b><span style=\"font-weight: 400;\"> w\u00e4hrend des Photoh\u00e4rtungsprozesses aus, wodurch Ihre Druckmodelle<\/span><b> hohe Pr\u00e4zision mit einer glatten Oberfl\u00e4che beibehalten.<\/b><span style=\"font-weight: 400;\">. It prioritizes your comfort with its   <\/span><b>geringer Geruch<\/b><span style=\"font-weight: 400;\">, wodurch unangenehme Ger\u00fcche w\u00e4hrend des Druckprozesses vermieden werden. Dar\u00fcber hinaus bietet Creality Resin  <\/span><b>lebendige und reine Farbeffekte<\/b><span style=\"font-weight: 400;\">, dank seiner hochwertigen Pigmente.<\/span><\/p>\n<p><span style=\"font-weight: 400;\">Sicher verpackt, wird dieses Harz in einer verdickten Aluminiumflasche geliefert, um es vor Lichteinwirkung zu sch\u00fctzen. Sein <\/span> <b>leckdichtes Design<\/b><span style=\"font-weight: 400;\"> wird zus\u00e4tzlich durch eine Plastikt\u00fctenverpackung gesch\u00fctzt, um sicherzustellen, dass Ihr Harz in einwandfreiem Zustand bleibt. <\/span><b>Kompatibel mit einer Vielzahl von LCD-Druckern<\/b><span style=\"font-weight: 400;\">, wie Elegoo Mars, Creality LD002R, Anycubic Photon, SainSmart KL9 und \u00e4hnlichen Modellen, garantiert Creality Standard Resin erstklassige Ergebnisse f\u00fcr Ihre 3D-Druckbed\u00fcrfnisse.<\/span><\/p>\n<h3><strong>Eigenschaften:<\/strong><\/h3>\n<ul>\n<li style=\"font-weight: 400;\" aria-level=\"1\"><span style=\"font-weight: 400;\">Geringe Schrumpfung<\/span><\/li>\n<li style=\"font-weight: 400;\" aria-level=\"1\"><span style=\"font-weight: 400;\">Geringer Geruch<\/span><\/li>\n<li style=\"font-weight: 400;\" aria-level=\"1\"><span style=\"font-weight: 400;\">Glattes Finish<\/span><\/li>\n<\/ul>\n","protected":false},"excerpt":{"rendered":"<p>Erzielen Sie lebendige und reine Farbeffekte mit Creality Standard Orange (500g) Harz.<\/p>\n","protected":false},"featured_media":52241,"comment_status":"closed","ping_status":"closed","template":"","meta":{"_acf_changed":false},"product_brand":[],"product_cat":[1669,1672,1951,2044],"product_tag":[],"brand":[],"class_list":{"0":"post-52239","1":"product","2":"type-product","3":"status-publish","4":"has-post-thumbnail","6":"product_cat-3d-filamente","7":"product_cat-alle-filamente","8":"product_cat-resin-de","9":"product_cat-standardharz","10":"pa_colour-orange","11":"pa_resin-technology-dlp","12":"pa_resin-technology-lcd-msla","13":"pa_resin-type-standard","14":"pa_resin-weight-500g","16":"first","17":"outofstock","18":"taxable","19":"shipping-taxable","20":"purchasable","21":"product-type-simple"},"acf":[],"_links":{"self":[{"href":"https:\/\/azurefilm.com\/de\/wp-json\/wp\/v2\/product\/52239","targetHints":{"allow":["GET"]}}],"collection":[{"href":"https:\/\/azurefilm.com\/de\/wp-json\/wp\/v2\/product"}],"about":[{"href":"https:\/\/azurefilm.com\/de\/wp-json\/wp\/v2\/types\/product"}],"replies":[{"embeddable":true,"href":"https:\/\/azurefilm.com\/de\/wp-json\/wp\/v2\/comments?post=52239"}],"wp:featuredmedia":[{"embeddable":true,"href":"https:\/\/azurefilm.com\/de\/wp-json\/wp\/v2\/media\/52241"}],"wp:attachment":[{"href":"https:\/\/azurefilm.com\/de\/wp-json\/wp\/v2\/media?parent=52239"}],"wp:term":[{"taxonomy":"product_brand","embeddable":true,"href":"https:\/\/azurefilm.com\/de\/wp-json\/wp\/v2\/product_brand?post=52239"},{"taxonomy":"product_cat","embeddable":true,"href":"https:\/\/azurefilm.com\/de\/wp-json\/wp\/v2\/product_cat?post=52239"},{"taxonomy":"product_tag","embeddable":true,"href":"https:\/\/azurefilm.com\/de\/wp-json\/wp\/v2\/product_tag?post=52239"},{"taxonomy":"brand","embeddable":true,"href":"https:\/\/azurefilm.com\/de\/wp-json\/wp\/v2\/brand?post=52239"}],"curies":[{"name":"wp","href":"https:\/\/api.w.org\/{rel}","templated":true}]}}