
{"id":52245,"date":"2023-11-14T14:29:46","date_gmt":"2023-11-14T14:29:46","guid":{"rendered":"https:\/\/azurefilm.com\/product\/pctg-transparent-filament\/"},"modified":"2026-03-15T11:16:13","modified_gmt":"2026-03-15T11:16:13","slug":"pctg-transparent-filament","status":"publish","type":"product","link":"https:\/\/azurefilm.com\/de\/produkt\/pctg-transparent-filament\/","title":{"rendered":"PCTG Transparent Filament"},"content":{"rendered":"<h2><b>PCTG <\/b><\/h2>\n<p><span style=\"font-weight: 400;\">PCTG Filament ist unser verbessertes PETG Original Filament <\/span><b>das f\u00fcr h\u00f6here Temperaturen ausgelegt ist<\/b><span style=\"font-weight: 400;\">. Consequently, this material withstands <\/span><b>5\u201310\u00b0C h\u00f6here<\/b><span style=\"font-weight: 400;\"> Temperaturen und hat <\/span><b> erh\u00f6hte Haltbarkeit<\/b><span style=\"font-weight: 400;\"> im Vergleich zu PETG Original. PCTG ist immer noch ein sehr einfach zu verarbeitendes Material und <\/span><b>geeignet f\u00fcr Anf\u00e4nger<\/b><span style=\"font-weight: 400;\">. Try this filament for different applications like tools, mechanical parts, robotics, and prosthetics or just make simple gadgets and decorations. <\/span><\/p>\n<h2><strong><b>PCTG Transparent Filament<\/b><\/strong><\/h2>\n<p><span style=\"font-weight: 400;\">Drucken Sie mit unserem PCTG Transparent Filament, das au\u00dfergew\u00f6hnliche St\u00e4rke und transparente Effekte kombiniert.<\/span><\/p>\n<p><span style=\"font-weight: 400;\">Um mehr \u00fcber PCTG Filamente zu erfahren, lesen Sie unseren <strong><a href=\"https:\/\/azurefilm.com\/de\/2023\/10\/12\/pctg-filamente-alles-was-sie-wissen-muessen\/\" target=\"_blank\" rel=\"noopener\">Blog<\/a>.<\/strong> <\/span><\/p>\n<p><span style=\"font-weight: 400;\">Sie k\u00f6nnen das <\/span><b>Technische Datenblatt<\/b> <span style=\"font-weight: 400;\"> <strong><a href=\"https:\/\/azurefilm.com\/de\/technical-data-sheets\/\" target=\"_blank\" rel=\"noopener\">hier<\/a>.<\/strong><\/span><\/p>\n<h3><strong>Druckempfehlungen:<\/strong><\/h3>\n<ul>\n<li style=\"font-weight: 400;\" aria-level=\"1\"><span style=\"font-weight: 400;\">F\u00fcr beste Ergebnisse drucken Sie bei 240\u2013260\u00b0C. <\/span><\/li>\n<li style=\"font-weight: 400;\" aria-level=\"1\"><span style=\"font-weight: 400;\">Empfohlene Druckbett-Temperatur ist 80\u00b0C.<\/span><\/li>\n<li style=\"font-weight: 400;\" aria-level=\"1\"><span style=\"font-weight: 400;\">Verwenden Sie ein Glasbett, eine PEI-Folie, Kapton oder Blaues Klebeband f\u00fcr die Bauplattform mit 3Dlac-Spray.<\/span><\/li>\n<\/ul>\n<p><i><span style=\"font-weight: 400;\">*Die ideale Temperatur kann je nach verwendetem Drucker variieren.<\/span><\/i><\/p>\n","protected":false},"excerpt":{"rendered":"<p><span style=\"font-weight: 400;\">Drucken Sie mit unserem PCTG Transparent Filament, das au\u00dfergew\u00f6hnliche St\u00e4rke und transparente Effekte kombiniert.<\/span><\/p>\n","protected":false},"featured_media":113066,"comment_status":"closed","ping_status":"closed","template":"","meta":{"_acf_changed":false},"product_brand":[],"product_cat":[1876,1669,1672],"product_tag":[],"brand":[],"class_list":{"0":"post-52245","1":"product","2":"type-product","3":"status-publish","4":"has-post-thumbnail","6":"product_cat-pctg-filamente","7":"product_cat-3d-filamente","8":"product_cat-alle-filamente","9":"pa_colour-transparent","10":"pa_filament-diameter-1-75mm","11":"pa_filament-weight-1000g","13":"first","14":"instock","15":"taxable","16":"shipping-taxable","17":"purchasable","18":"product-type-variable","19":"has-default-attributes"},"acf":[],"_links":{"self":[{"href":"https:\/\/azurefilm.com\/de\/wp-json\/wp\/v2\/product\/52245","targetHints":{"allow":["GET"]}}],"collection":[{"href":"https:\/\/azurefilm.com\/de\/wp-json\/wp\/v2\/product"}],"about":[{"href":"https:\/\/azurefilm.com\/de\/wp-json\/wp\/v2\/types\/product"}],"replies":[{"embeddable":true,"href":"https:\/\/azurefilm.com\/de\/wp-json\/wp\/v2\/comments?post=52245"}],"wp:featuredmedia":[{"embeddable":true,"href":"https:\/\/azurefilm.com\/de\/wp-json\/wp\/v2\/media\/113066"}],"wp:attachment":[{"href":"https:\/\/azurefilm.com\/de\/wp-json\/wp\/v2\/media?parent=52245"}],"wp:term":[{"taxonomy":"product_brand","embeddable":true,"href":"https:\/\/azurefilm.com\/de\/wp-json\/wp\/v2\/product_brand?post=52245"},{"taxonomy":"product_cat","embeddable":true,"href":"https:\/\/azurefilm.com\/de\/wp-json\/wp\/v2\/product_cat?post=52245"},{"taxonomy":"product_tag","embeddable":true,"href":"https:\/\/azurefilm.com\/de\/wp-json\/wp\/v2\/product_tag?post=52245"},{"taxonomy":"brand","embeddable":true,"href":"https:\/\/azurefilm.com\/de\/wp-json\/wp\/v2\/brand?post=52245"}],"curies":[{"name":"wp","href":"https:\/\/api.w.org\/{rel}","templated":true}]}}