
{"id":52521,"date":"2023-10-29T14:23:59","date_gmt":"2023-10-29T14:23:59","guid":{"rendered":"https:\/\/azurefilm.com\/product\/aluminium-motor-jaw-shaft-coupler\/"},"modified":"2023-10-29T14:23:59","modified_gmt":"2023-10-29T14:23:59","slug":"aluminium-motor-jaw-shaft-coupler","status":"publish","type":"product","link":"https:\/\/azurefilm.com\/de\/produkt\/aluminium-motor-jaw-shaft-coupler\/","title":{"rendered":"Aluminium Motor Jaw Shaft Coupler"},"content":{"rendered":"<h2><strong>Hauptmerkmale:<\/strong><\/h2>\n<ul>\n<li>Aluminium Motor Jaw Shaft Coupler ist aus hochwertigem Material gefertigt und in drei verschiedenen Gr\u00f6\u00dfen erh\u00e4ltlich.<\/li>\n<li>Es ist langlebig und praktisch zu verwenden.<\/li>\n<\/ul>\n<h3><strong>Flexibler Schalter f\u00fcr Antriebsachse Z:<\/strong><\/h3>\n<ul>\n<li>Von fi 5mm vom Motor zu fi 5mm<\/li>\n<li>Von fi 5mm vom Motor zu fi 8mm<\/li>\n<li>Von fi 5mm vom Motor zu fi 10mm<\/li>\n<\/ul>\n","protected":false},"excerpt":{"rendered":"<p><strong>Aluminium Motor Jaw Shaft Coupler<\/strong> ist aus hochwertigem Material gefertigt und in drei verschiedenen Gr\u00f6\u00dfen erh\u00e4ltlich.<\/p>\n","protected":false},"featured_media":52523,"comment_status":"closed","ping_status":"closed","template":"","meta":{"_acf_changed":false},"product_brand":[],"product_cat":[1767,1671,1765,1774],"product_tag":[],"brand":[],"class_list":{"0":"post-52521","1":"product","2":"type-product","3":"status-publish","4":"has-post-thumbnail","6":"product_cat-alle-ersatzteile","7":"product_cat-angebote","8":"product_cat-ersatzteile","9":"product_cat-lager-fuhrungen","11":"first","12":"instock","13":"sale","14":"taxable","15":"shipping-taxable","16":"purchasable","17":"product-type-variable"},"acf":[],"_links":{"self":[{"href":"https:\/\/azurefilm.com\/de\/wp-json\/wp\/v2\/product\/52521","targetHints":{"allow":["GET"]}}],"collection":[{"href":"https:\/\/azurefilm.com\/de\/wp-json\/wp\/v2\/product"}],"about":[{"href":"https:\/\/azurefilm.com\/de\/wp-json\/wp\/v2\/types\/product"}],"replies":[{"embeddable":true,"href":"https:\/\/azurefilm.com\/de\/wp-json\/wp\/v2\/comments?post=52521"}],"wp:featuredmedia":[{"embeddable":true,"href":"https:\/\/azurefilm.com\/de\/wp-json\/wp\/v2\/media\/52523"}],"wp:attachment":[{"href":"https:\/\/azurefilm.com\/de\/wp-json\/wp\/v2\/media?parent=52521"}],"wp:term":[{"taxonomy":"product_brand","embeddable":true,"href":"https:\/\/azurefilm.com\/de\/wp-json\/wp\/v2\/product_brand?post=52521"},{"taxonomy":"product_cat","embeddable":true,"href":"https:\/\/azurefilm.com\/de\/wp-json\/wp\/v2\/product_cat?post=52521"},{"taxonomy":"product_tag","embeddable":true,"href":"https:\/\/azurefilm.com\/de\/wp-json\/wp\/v2\/product_tag?post=52521"},{"taxonomy":"brand","embeddable":true,"href":"https:\/\/azurefilm.com\/de\/wp-json\/wp\/v2\/brand?post=52521"}],"curies":[{"name":"wp","href":"https:\/\/api.w.org\/{rel}","templated":true}]}}