
{"id":52541,"date":"2023-10-29T14:23:59","date_gmt":"2023-10-29T14:23:59","guid":{"rendered":"https:\/\/azurefilm.com\/product\/netzteil-12-24v-150-350w\/"},"modified":"2025-04-15T19:37:34","modified_gmt":"2025-04-15T19:37:34","slug":"netzteil-12-24v-150-350w","status":"publish","type":"product","link":"https:\/\/azurefilm.com\/de\/produkt\/netzteil-12-24v-150-350w\/","title":{"rendered":"Netzteil 12\/24V 150 &#8211; 350W"},"content":{"rendered":"<h4><span style=\"vertical-align: inherit;\">Netzteil 12\/24V 150 &#8211; 350W<\/span><\/h4>\n<h3><strong><span style=\"vertical-align: inherit;\">Hauptmerkmale:<\/span><\/strong><\/h3>\n<p><strong><span style=\"vertical-align: inherit;\">Netzteil 12\/24V 150 &#8211; 350W<\/span><\/strong><span style=\"vertical-align: inherit;\"> Hauptmerkmale:<\/span><\/p>\n<ul>\n<li><strong><span style=\"vertical-align: inherit;\">Netzteil:<\/span><\/strong><span style=\"vertical-align: inherit;\"> 12V &#8211; 350W &#8211; 30A<\/span><\/li>\n<li><strong><span style=\"vertical-align: inherit;\">Ausgangsspannung:<\/span><\/strong><span style=\"vertical-align: inherit;\"> 12 Volt<\/span><\/li>\n<li><strong><span style=\"vertical-align: inherit;\">Ausgangsleistung:<\/span><\/strong><span style=\"vertical-align: inherit;\"> 350 Watt<\/span><\/li>\n<li><strong><span style=\"vertical-align: inherit;\">Ausgangsstrom:<\/span><\/strong><span style=\"vertical-align: inherit;\"> 30 Ampere<\/span><\/li>\n<li><strong><span style=\"vertical-align: inherit;\">Hohe Leistung:<\/span><\/strong><span style=\"vertical-align: inherit;\"> Geeignet f\u00fcr Anwendungen, die einen h\u00f6heren Stromverbrauch erfordern.<\/span><\/li>\n<li><strong><span style=\"vertical-align: inherit;\">Vielseitig:<\/span><\/strong><span style=\"vertical-align: inherit;\"> Kann eine Vielzahl von Ger\u00e4ten und elektronischen Komponenten mit Strom versorgen.<\/span><\/li>\n<\/ul>\n<p><strong><span style=\"vertical-align: inherit;\">Netzteil:<\/span><\/strong><span style=\"vertical-align: inherit;\"> 24V &#8211; 350W &#8211; 15A<\/span><\/p>\n<ul>\n<li><strong><span style=\"vertical-align: inherit;\">Ausgangsspannung:<\/span><\/strong><span style=\"vertical-align: inherit;\"> 24 Volt<\/span><\/li>\n<li><strong><span style=\"vertical-align: inherit;\">Ausgangsleistung:<\/span><\/strong><span style=\"vertical-align: inherit;\"> 350 Watt<\/span><\/li>\n<li><strong><span style=\"vertical-align: inherit;\">Ausgangsstrom:<\/span><\/strong><span style=\"vertical-align: inherit;\"> 15 Ampere<\/span><\/li>\n<li><strong><span style=\"vertical-align: inherit;\">H\u00f6here Spannung:<\/span><\/strong><span style=\"vertical-align: inherit;\"> Geeignet f\u00fcr Ger\u00e4te, die mit einem 24V-System arbeiten.<\/span><\/li>\n<li><strong><span style=\"vertical-align: inherit;\">Ausgewogene Leistung:<\/span><\/strong><span style=\"vertical-align: inherit;\"> Bietet ein Gleichgewicht zwischen Spannung und Strom.<\/span><\/li>\n<\/ul>\n<p><strong><span style=\"vertical-align: inherit;\">Netzteil:<\/span><\/strong><span style=\"vertical-align: inherit;\"> 12V &#8211; 250W &#8211; 20A<\/span><\/p>\n<ul>\n<li><strong><span style=\"vertical-align: inherit;\">Ausgangsspannung:<\/span><\/strong><span style=\"vertical-align: inherit;\"> 12 Volt<\/span><\/li>\n<li><strong><span style=\"vertical-align: inherit;\">Ausgangsleistung:<\/span><\/strong><span style=\"vertical-align: inherit;\"> 250 Watt<\/span><\/li>\n<li><strong><span style=\"vertical-align: inherit;\">Ausgangsstrom:<\/span><\/strong><span style=\"vertical-align: inherit;\"> 20 Ampere<\/span><\/li>\n<li><strong><span style=\"vertical-align: inherit;\">Mittlere Leistung:<\/span><\/strong><span style=\"vertical-align: inherit;\"> Geeignet f\u00fcr Anwendungen mit mittlerem Energiebedarf.<\/span><\/li>\n<li><strong><span style=\"vertical-align: inherit;\">H\u00f6herer Strom:<\/span><\/strong><span style=\"vertical-align: inherit;\"> Bietet h\u00f6heren Strom f\u00fcr Ger\u00e4te, die dies ben\u00f6tigen.<\/span><\/li>\n<\/ul>\n<p><strong>Netzteil:<\/strong> 12V &#8211; 150W &#8211; 12,5A<\/p>\n<ul>\n<li><strong><span style=\"vertical-align: inherit;\">Ausgangsspannung:<\/span><\/strong><span style=\"vertical-align: inherit;\"> 12 Volt<\/span><\/li>\n<li><strong><span style=\"vertical-align: inherit;\">Ausgangsleistung:<\/span><\/strong><span style=\"vertical-align: inherit;\"> 150 Watt<\/span><\/li>\n<li><strong><span style=\"vertical-align: inherit;\">Ausgangsstrom:<\/span><\/strong><span style=\"vertical-align: inherit;\"> 12,5 Ampere<\/span><\/li>\n<li><strong><span style=\"vertical-align: inherit;\">Kompakte Leistung:<\/span><\/strong><span style=\"vertical-align: inherit;\"> Geeignet f\u00fcr Ger\u00e4te mit geringem Strombedarf.<\/span><\/li>\n<li><strong><span style=\"vertical-align: inherit;\">Mittlere Leistung:<\/span><\/strong><span style=\"vertical-align: inherit;\"> Bietet mittleren Strom f\u00fcr verschiedene Anwendungen.<\/span><\/li>\n<\/ul>\n","protected":false},"excerpt":{"rendered":"<h4><span style=\"vertical-align: inherit;\">Netzteil 12\/24V 150 &#8211; 350W<\/span><\/h4>\n","protected":false},"featured_media":52543,"comment_status":"closed","ping_status":"closed","template":"","meta":{"_acf_changed":false},"product_brand":[],"product_cat":[1765,1767,1671,1787,1766],"product_tag":[],"brand":[],"class_list":{"0":"post-52541","1":"product","2":"type-product","3":"status-publish","4":"has-post-thumbnail","6":"product_cat-ersatzteile","7":"product_cat-alle-ersatzteile","8":"product_cat-angebote","9":"product_cat-elektronik","10":"product_cat-sonstige_artikel","12":"first","13":"instock","14":"sale","15":"taxable","16":"shipping-taxable","17":"purchasable","18":"product-type-variable"},"acf":[],"_links":{"self":[{"href":"https:\/\/azurefilm.com\/de\/wp-json\/wp\/v2\/product\/52541","targetHints":{"allow":["GET"]}}],"collection":[{"href":"https:\/\/azurefilm.com\/de\/wp-json\/wp\/v2\/product"}],"about":[{"href":"https:\/\/azurefilm.com\/de\/wp-json\/wp\/v2\/types\/product"}],"replies":[{"embeddable":true,"href":"https:\/\/azurefilm.com\/de\/wp-json\/wp\/v2\/comments?post=52541"}],"wp:featuredmedia":[{"embeddable":true,"href":"https:\/\/azurefilm.com\/de\/wp-json\/wp\/v2\/media\/52543"}],"wp:attachment":[{"href":"https:\/\/azurefilm.com\/de\/wp-json\/wp\/v2\/media?parent=52541"}],"wp:term":[{"taxonomy":"product_brand","embeddable":true,"href":"https:\/\/azurefilm.com\/de\/wp-json\/wp\/v2\/product_brand?post=52541"},{"taxonomy":"product_cat","embeddable":true,"href":"https:\/\/azurefilm.com\/de\/wp-json\/wp\/v2\/product_cat?post=52541"},{"taxonomy":"product_tag","embeddable":true,"href":"https:\/\/azurefilm.com\/de\/wp-json\/wp\/v2\/product_tag?post=52541"},{"taxonomy":"brand","embeddable":true,"href":"https:\/\/azurefilm.com\/de\/wp-json\/wp\/v2\/brand?post=52541"}],"curies":[{"name":"wp","href":"https:\/\/api.w.org\/{rel}","templated":true}]}}