
{"id":52549,"date":"2023-10-29T14:23:59","date_gmt":"2023-10-29T14:23:59","guid":{"rendered":"https:\/\/azurefilm.com\/product\/fuehrungen-8-10-12mm\/"},"modified":"2023-10-29T14:23:59","modified_gmt":"2023-10-29T14:23:59","slug":"fuehrungen-8-10-12mm","status":"publish","type":"product","link":"https:\/\/azurefilm.com\/de\/produkt\/fuehrungen-8-10-12mm\/","title":{"rendered":"F\u00fchrungen 8\/10\/12mm"},"content":{"rendered":"<h4>F\u00fchrungen 8\/10\/12mm<\/h4>\n<h2><strong>Hauptmerkmale:<\/strong><\/h2>\n<ul>\n<li>F\u00fchrungen sind 100% brandneu und von hoher Qualit\u00e4t<\/li>\n<li>Sie sind langlebig und praktisch in der Anwendung<\/li>\n<li>Hohe Pr\u00e4zision, hohe H\u00e4rte<\/li>\n<li>Glatte Oberfl\u00e4che, widerstandsf\u00e4hig gegen Reibung und Korrosion<\/li>\n<li>Anwendbar f\u00fcr 3D-Drucker.<\/li>\n<\/ul>\n<h3><strong>Erh\u00e4ltlich in verschiedenen L\u00e4ngen, um Ihren Bed\u00fcrfnissen gerecht zu werden:<\/strong><\/h3>\n<p>F\u00fchrungen 8mm<\/p>\n<ul>\n<li>400mm<\/li>\n<li>500mm<\/li>\n<li>600mm<\/li>\n<li>1000mm<\/li>\n<\/ul>\n<p>F\u00fchrungen 10mm<\/p>\n<ul>\n<li>500mm<\/li>\n<li>1000mm<\/li>\n<\/ul>\n<p>F\u00fchrungen 12mm<\/p>\n<ul>\n<li>500mm<\/li>\n<li>1000mm<\/li>\n<\/ul>\n<p>&nbsp;<\/p>\n","protected":false},"excerpt":{"rendered":"<p><strong>F\u00fchrungen 8mm<\/strong> f\u00fcr 3D-Drucker im Durchmesser 8mm und L\u00e4nge 400mm, 500mm, 600mm oder 1000mm.<\/p>\n","protected":false},"featured_media":52551,"comment_status":"closed","ping_status":"closed","template":"","meta":{"_acf_changed":false},"product_brand":[],"product_cat":[1767,1671,1765,1774],"product_tag":[],"brand":[],"class_list":{"0":"post-52549","1":"product","2":"type-product","3":"status-publish","4":"has-post-thumbnail","6":"product_cat-alle-ersatzteile","7":"product_cat-angebote","8":"product_cat-ersatzteile","9":"product_cat-lager-fuhrungen","11":"first","12":"instock","13":"sale","14":"taxable","15":"shipping-taxable","16":"purchasable","17":"product-type-variable","18":"has-default-attributes"},"acf":[],"_links":{"self":[{"href":"https:\/\/azurefilm.com\/de\/wp-json\/wp\/v2\/product\/52549","targetHints":{"allow":["GET"]}}],"collection":[{"href":"https:\/\/azurefilm.com\/de\/wp-json\/wp\/v2\/product"}],"about":[{"href":"https:\/\/azurefilm.com\/de\/wp-json\/wp\/v2\/types\/product"}],"replies":[{"embeddable":true,"href":"https:\/\/azurefilm.com\/de\/wp-json\/wp\/v2\/comments?post=52549"}],"wp:featuredmedia":[{"embeddable":true,"href":"https:\/\/azurefilm.com\/de\/wp-json\/wp\/v2\/media\/52551"}],"wp:attachment":[{"href":"https:\/\/azurefilm.com\/de\/wp-json\/wp\/v2\/media?parent=52549"}],"wp:term":[{"taxonomy":"product_brand","embeddable":true,"href":"https:\/\/azurefilm.com\/de\/wp-json\/wp\/v2\/product_brand?post=52549"},{"taxonomy":"product_cat","embeddable":true,"href":"https:\/\/azurefilm.com\/de\/wp-json\/wp\/v2\/product_cat?post=52549"},{"taxonomy":"product_tag","embeddable":true,"href":"https:\/\/azurefilm.com\/de\/wp-json\/wp\/v2\/product_tag?post=52549"},{"taxonomy":"brand","embeddable":true,"href":"https:\/\/azurefilm.com\/de\/wp-json\/wp\/v2\/brand?post=52549"}],"curies":[{"name":"wp","href":"https:\/\/api.w.org\/{rel}","templated":true}]}}