
{"id":52600,"date":"2023-10-29T14:25:25","date_gmt":"2023-10-29T14:25:25","guid":{"rendered":"https:\/\/azurefilm.com\/product\/creality-exzentrische-extruderschraube\/"},"modified":"2023-10-29T14:25:25","modified_gmt":"2023-10-29T14:25:25","slug":"creality-exzentrische-extruderschraube","status":"publish","type":"product","link":"https:\/\/azurefilm.com\/de\/produkt\/creality-exzentrische-extruderschraube\/","title":{"rendered":"Creality Exzentrische Extruderschraube"},"content":{"rendered":"<h2><b>Hauptmerkmale:<\/b><\/h2>\n<ul>\n<li>Verschlei\u00dffestigkeit, langlebig und haltbar, \u00fcberlegene Rostbest\u00e4ndigkeit und ausgezeichnete Oxidationsbest\u00e4ndigkeit.<\/li>\n<li>Stabile Steifigkeit, leicht, nicht magnetisch und korrosionsbest\u00e4ndig.<\/li>\n<li>Hergestellt aus verschlei\u00dffestem elastischem Edelstahl.<\/li>\n<li>Exzenter-Schraube hat eine 5mm Bohrung und kann mit einem 10mm Schraubenschl\u00fcssel eingestellt werden.<\/li>\n<li>Die Exzenter-Schraube hat eine Vertiefung an der Au\u00dfenseite, die es Ihnen erm\u00f6glicht, jederzeit zu wissen, wo sich der kleinste Teil des Nockenlochs befindet.<\/li>\n<\/ul>\n","protected":false},"excerpt":{"rendered":"<p><strong>Creality Eccentric Extruder Screw<\/strong> mit Verschlei\u00dffestigkeit, langlebig und haltbar, \u00fcberlegene Rostbest\u00e4ndigkeit und ausgezeichnete Oxidationsbest\u00e4ndigkeit.<\/p>\n","protected":false},"featured_media":52606,"comment_status":"closed","ping_status":"closed","template":"","meta":{"_acf_changed":false},"product_brand":[],"product_cat":[1767,1671,1765,1786,1788],"product_tag":[],"brand":[],"class_list":{"0":"post-52600","1":"product","2":"type-product","3":"status-publish","4":"has-post-thumbnail","6":"product_cat-alle-ersatzteile","7":"product_cat-angebote","8":"product_cat-ersatzteile","9":"product_cat-extruder-de","10":"product_cat-extruderteile","12":"first","13":"instock","14":"sale","15":"taxable","16":"shipping-taxable","17":"purchasable","18":"product-type-simple"},"acf":[],"_links":{"self":[{"href":"https:\/\/azurefilm.com\/de\/wp-json\/wp\/v2\/product\/52600","targetHints":{"allow":["GET"]}}],"collection":[{"href":"https:\/\/azurefilm.com\/de\/wp-json\/wp\/v2\/product"}],"about":[{"href":"https:\/\/azurefilm.com\/de\/wp-json\/wp\/v2\/types\/product"}],"replies":[{"embeddable":true,"href":"https:\/\/azurefilm.com\/de\/wp-json\/wp\/v2\/comments?post=52600"}],"wp:featuredmedia":[{"embeddable":true,"href":"https:\/\/azurefilm.com\/de\/wp-json\/wp\/v2\/media\/52606"}],"wp:attachment":[{"href":"https:\/\/azurefilm.com\/de\/wp-json\/wp\/v2\/media?parent=52600"}],"wp:term":[{"taxonomy":"product_brand","embeddable":true,"href":"https:\/\/azurefilm.com\/de\/wp-json\/wp\/v2\/product_brand?post=52600"},{"taxonomy":"product_cat","embeddable":true,"href":"https:\/\/azurefilm.com\/de\/wp-json\/wp\/v2\/product_cat?post=52600"},{"taxonomy":"product_tag","embeddable":true,"href":"https:\/\/azurefilm.com\/de\/wp-json\/wp\/v2\/product_tag?post=52600"},{"taxonomy":"brand","embeddable":true,"href":"https:\/\/azurefilm.com\/de\/wp-json\/wp\/v2\/brand?post=52600"}],"curies":[{"name":"wp","href":"https:\/\/api.w.org\/{rel}","templated":true}]}}