
{"id":52613,"date":"2023-10-29T14:24:55","date_gmt":"2023-10-29T14:24:55","guid":{"rendered":"https:\/\/azurefilm.com\/product\/nema-23-stepper-motor\/"},"modified":"2026-01-20T08:07:19","modified_gmt":"2026-01-20T08:07:19","slug":"nema-23-stepper-motor","status":"publish","type":"product","link":"https:\/\/azurefilm.com\/de\/produkt\/nema-23-stepper-motor\/","title":{"rendered":"NEMA 23 Stepper Motor"},"content":{"rendered":"<h2><strong>Hauptmerkmale:<\/strong><\/h2>\n<p>&nbsp;<\/p>\n<ul>\n<li><strong>Hohe Pr\u00e4zision:<\/strong> Dieser Motor bietet au\u00dfergew\u00f6hnliche Pr\u00e4zision mit einem niedrigen Schrittwinkel, typischerweise 1,8 Grad pro Schritt, was genaue und kontrollierte Bewegungen gew\u00e4hrleistet.<\/li>\n<li><strong>Starkes Haltemoment:<\/strong> Er bietet ein erhebliches Haltemoment, sodass er seine Position auch unter \u00e4u\u00dferer Kraft oder Last beibehalten kann.<\/li>\n<li><strong>Vielseitiger Spannungsbereich:<\/strong> Arbeitet effizient \u00fcber einen weiten Spannungsbereich und ist somit an verschiedene Anwendungen und Stromquellen anpassbar.<\/li>\n<li><strong>Robuste Konstruktion:<\/strong> Entwickelt, um den Anforderungen des Dauereinsatzes standzuhalten, verf\u00fcgt er \u00fcber ein robustes Design f\u00fcr langfristige Zuverl\u00e4ssigkeit.<\/li>\n<li><strong>NEMA 23 Standard:<\/strong> Entspricht dem NEMA 23 Standard und gew\u00e4hrleistet die Kompatibilit\u00e4t mit einer Vielzahl von Montagehalterungen und Befestigungen.<\/li>\n<li><strong>Sanfter Betrieb:<\/strong> Dieser Schrittmotor arbeitet reibungslos und liefert konsistente und zuverl\u00e4ssige Leistung f\u00fcr Ihre Projekte.<\/li>\n<li><strong>Bipolare Konfiguration:<\/strong> Als bipolarer Schrittmotor konzipiert, bietet er pr\u00e4zise Bewegungssteuerung f\u00fcr verschiedene Anwendungen.<\/li>\n<li><strong>Temperaturbest\u00e4ndigkeit:<\/strong> Entwickelt, um einem breiten Temperaturbereich standzuhalten, bleibt er in verschiedenen Umgebungsbedingungen zuverl\u00e4ssig.<\/li>\n<li><strong>Breites Anwendungsspektrum:<\/strong> Geeignet f\u00fcr eine Vielzahl von Anwendungen, von 3D-Druck bis CNC-Bearbeitung, bei denen kontrollierte Bewegung entscheidend ist.<\/li>\n<li><strong>Kosteneffektive L\u00f6sung:<\/strong> Bietet eine kosteneffektive L\u00f6sung f\u00fcr pr\u00e4zise und kontrollierte Bewegungen in Ihren Projekten.<\/li>\n<\/ul>\n<h2><strong> <\/strong><\/h2>\n<ul>\n<li>\n<h3><strong>HOHES DREHMOMENT:<\/strong><\/h3>\n<\/li>\n<\/ul>\n<p>Durch die Verwendung von hochwertigem Motorstahlmaterial ist das Schrittmotor-Kit des 3D-Druckers mit hohem Drehmoment, niedriger Selbstinduktanzreaktanz, reaktionsschnell und kann Systemfehler vermeiden.<\/p>\n<ul>\n<li>\n<h3><strong>GER\u00c4USCHARM: <\/strong><\/h3>\n<\/li>\n<\/ul>\n<p>Es gibt eine Rotorabdeckung aus Gummi, die den Rotor effektiv abdeckt und das Ger\u00e4usch reduziert.<\/p>\n<ul>\n<li>\n<h3><strong>ROBUST  LANGLEBIG:<\/strong><\/h3>\n<\/li>\n<\/ul>\n<p>Unser Mini-Motor verwendet Metall mit hoher H\u00e4rte, ist robust und langlebig. Und die matte Textur an der Seitenwand kann die Reibung erh\u00f6hen. <\/p>\n<ul>\n<li>\n<h3><strong>BREITE ANWENDUNG:<\/strong><\/h3>\n<\/li>\n<\/ul>\n<p>Diese kleinen Motoren k\u00f6nnen in verschiedenen Bereichen eingesetzt werden, wie z.B. B\u00fchnenbeleuchtung; Lasergravur; Textilmaschinen; medizinische Ger\u00e4te; Best\u00fcckungsmaschinen; nicht standardisierte Ger\u00e4te; 3D-Drucker; Automatisierungsger\u00e4te usw.<\/p>\n<ul>\n<li>\n<h3><strong>WAS SIE BEKOMMEN:<\/strong><\/h3>\n<\/li>\n<\/ul>\n<p>Das Paket enth\u00e4lt 1 Schrittmotor.<\/p>\n","protected":false},"excerpt":{"rendered":"<p><strong>NEMA 23 Stepper Motor<\/strong> ist ger\u00e4uscharm, hat eine lange Lebensdauer und hohe Leistung.<\/p>\n","protected":false},"featured_media":52614,"comment_status":"closed","ping_status":"closed","template":"","meta":{"_acf_changed":false},"product_brand":[],"product_cat":[1767,1671,1765,1793,1830],"product_tag":[],"brand":[],"class_list":{"0":"post-52613","1":"product","2":"type-product","3":"status-publish","4":"has-post-thumbnail","6":"product_cat-alle-ersatzteile","7":"product_cat-angebote","8":"product_cat-ersatzteile","9":"product_cat-motoren-treiber","10":"product_cat-schrittmotoren","12":"first","13":"instock","14":"sale","15":"taxable","16":"shipping-taxable","17":"purchasable","18":"product-type-simple"},"acf":[],"_links":{"self":[{"href":"https:\/\/azurefilm.com\/de\/wp-json\/wp\/v2\/product\/52613","targetHints":{"allow":["GET"]}}],"collection":[{"href":"https:\/\/azurefilm.com\/de\/wp-json\/wp\/v2\/product"}],"about":[{"href":"https:\/\/azurefilm.com\/de\/wp-json\/wp\/v2\/types\/product"}],"replies":[{"embeddable":true,"href":"https:\/\/azurefilm.com\/de\/wp-json\/wp\/v2\/comments?post=52613"}],"wp:featuredmedia":[{"embeddable":true,"href":"https:\/\/azurefilm.com\/de\/wp-json\/wp\/v2\/media\/52614"}],"wp:attachment":[{"href":"https:\/\/azurefilm.com\/de\/wp-json\/wp\/v2\/media?parent=52613"}],"wp:term":[{"taxonomy":"product_brand","embeddable":true,"href":"https:\/\/azurefilm.com\/de\/wp-json\/wp\/v2\/product_brand?post=52613"},{"taxonomy":"product_cat","embeddable":true,"href":"https:\/\/azurefilm.com\/de\/wp-json\/wp\/v2\/product_cat?post=52613"},{"taxonomy":"product_tag","embeddable":true,"href":"https:\/\/azurefilm.com\/de\/wp-json\/wp\/v2\/product_tag?post=52613"},{"taxonomy":"brand","embeddable":true,"href":"https:\/\/azurefilm.com\/de\/wp-json\/wp\/v2\/brand?post=52613"}],"curies":[{"name":"wp","href":"https:\/\/api.w.org\/{rel}","templated":true}]}}