
{"id":52626,"date":"2023-10-29T14:25:51","date_gmt":"2023-10-29T14:25:51","guid":{"rendered":"https:\/\/azurefilm.com\/product\/creality-dc-fan-4010-12-24v\/"},"modified":"2025-06-25T16:31:17","modified_gmt":"2025-06-25T16:31:17","slug":"creality-dc-fan-4010-12-24v","status":"publish","type":"product","link":"https:\/\/azurefilm.com\/de\/produkt\/creality-dc-fan-4010-12-24v\/","title":{"rendered":"Creality DC Fan 4010 12\/24V"},"content":{"rendered":"<h4>Creality DC Fan 4010 12\/24V<\/h4>\n<h3><strong>Hauptmerkmale:<\/strong><\/h3>\n<ul>\n<li>Anschluss: 2 Pin<\/li>\n<li>Lager: \u00d6l-Lager<\/li>\n<li>Kabell\u00e4nge: ca. 18cm <\/li>\n<li>Nennleistung: DC 12\/24V 0.1A<\/li>\n<li>Artikelgr\u00f6\u00dfe: 4x4x1cm<\/li>\n<li>Artikelgewicht: 12.6g<\/li>\n<li>Ender 3, Ender 3 Pro, Ender 3 V2, Ender 5, Ender 5 Pro, CR-10, CR-10S, CR-10 Mini, CR-10S Pro und CR-10 V2.<\/li>\n<\/ul>\n","protected":false},"excerpt":{"rendered":"<p>Der Creality DC Fan 4010 12\/24V L\u00fcfter wird zur K\u00fchlung von Komponenten in 3D-Druckern und anderen elektronischen Ger\u00e4ten verwendet.<\/p>\n","protected":false},"featured_media":52627,"comment_status":"closed","ping_status":"closed","template":"","meta":{"_acf_changed":false},"product_brand":[],"product_cat":[1767,1671,1765,1814],"product_tag":[],"brand":[270],"class_list":{"0":"post-52626","1":"product","2":"type-product","3":"status-publish","4":"has-post-thumbnail","6":"product_cat-alle-ersatzteile","7":"product_cat-angebote","8":"product_cat-ersatzteile","9":"product_cat-lufter","10":"brand-creality","12":"first","13":"instock","14":"sale","15":"taxable","16":"shipping-taxable","17":"purchasable","18":"product-type-variable"},"acf":[],"_links":{"self":[{"href":"https:\/\/azurefilm.com\/de\/wp-json\/wp\/v2\/product\/52626","targetHints":{"allow":["GET"]}}],"collection":[{"href":"https:\/\/azurefilm.com\/de\/wp-json\/wp\/v2\/product"}],"about":[{"href":"https:\/\/azurefilm.com\/de\/wp-json\/wp\/v2\/types\/product"}],"replies":[{"embeddable":true,"href":"https:\/\/azurefilm.com\/de\/wp-json\/wp\/v2\/comments?post=52626"}],"wp:featuredmedia":[{"embeddable":true,"href":"https:\/\/azurefilm.com\/de\/wp-json\/wp\/v2\/media\/52627"}],"wp:attachment":[{"href":"https:\/\/azurefilm.com\/de\/wp-json\/wp\/v2\/media?parent=52626"}],"wp:term":[{"taxonomy":"product_brand","embeddable":true,"href":"https:\/\/azurefilm.com\/de\/wp-json\/wp\/v2\/product_brand?post=52626"},{"taxonomy":"product_cat","embeddable":true,"href":"https:\/\/azurefilm.com\/de\/wp-json\/wp\/v2\/product_cat?post=52626"},{"taxonomy":"product_tag","embeddable":true,"href":"https:\/\/azurefilm.com\/de\/wp-json\/wp\/v2\/product_tag?post=52626"},{"taxonomy":"brand","embeddable":true,"href":"https:\/\/azurefilm.com\/de\/wp-json\/wp\/v2\/brand?post=52626"}],"curies":[{"name":"wp","href":"https:\/\/api.w.org\/{rel}","templated":true}]}}