
{"id":52632,"date":"2023-10-29T14:25:51","date_gmt":"2023-10-29T14:25:51","guid":{"rendered":"https:\/\/azurefilm.com\/product\/creality-extruder-hohe-temperatur\/"},"modified":"2025-10-08T16:29:09","modified_gmt":"2025-10-08T16:29:09","slug":"creality-extruder-hohe-temperatur","status":"publish","type":"product","link":"https:\/\/azurefilm.com\/de\/produkt\/creality-extruder-hohe-temperatur\/","title":{"rendered":"Creality Extruder Hohe Temperatur"},"content":{"rendered":"<h2><strong>Hauptmerkmale:<\/strong><\/h2>\n<ul>\n<li>Creality Extruder 12V 0,4mm f\u00fcr h\u00f6here Temperaturen 300\u00b0C<\/li>\n<li>Installationstyp: Externe Gewindeverbindung<\/li>\n<li>Kompatibel mit: Creality CR-10, CR-10S, CR-10 S4, CR-10 S5<\/li>\n<li>D\u00fcsen Gr\u00f6\u00dfe: 0,4mm<\/li>\n<li>Kabell\u00e4nge: Etwa 1m<\/li>\n<li>Heizrohr: 12V 40W<\/li>\n<li>Betriebstemperaturbereich: -40~+300\u00b0C<\/li>\n<li>Material: Aluminium, Edelstahl und Messing<\/li>\n<li>Aluminiumblock Gr\u00f6\u00dfe: ca. 20x20x10mm <\/li>\n<\/ul>\n","protected":false},"excerpt":{"rendered":"<p><strong>Creality Extruder<\/strong> 12V f\u00fcr h\u00f6here Temperaturen 300\u00b0C.<\/p>\n","protected":false},"featured_media":52634,"comment_status":"closed","ping_status":"closed","template":"","meta":{"_acf_changed":false},"product_brand":[],"product_cat":[1767,1671,1765,1799,1786,1800,1795],"product_tag":[],"brand":[],"class_list":{"0":"post-52632","1":"product","2":"type-product","3":"status-publish","4":"has-post-thumbnail","6":"product_cat-alle-ersatzteile","7":"product_cat-angebote","8":"product_cat-ersatzteile","9":"product_cat-extruder-de-2","10":"product_cat-extruder-de","11":"product_cat-extruder-upgrades","12":"product_cat-hotends-de","13":"pa_compatible-with-creality-fdm-3d-printers","14":"pa_fits-printer-creality-cr-10","16":"first","17":"instock","18":"sale","19":"taxable","20":"shipping-taxable","21":"purchasable","22":"product-type-simple"},"acf":[],"_links":{"self":[{"href":"https:\/\/azurefilm.com\/de\/wp-json\/wp\/v2\/product\/52632","targetHints":{"allow":["GET"]}}],"collection":[{"href":"https:\/\/azurefilm.com\/de\/wp-json\/wp\/v2\/product"}],"about":[{"href":"https:\/\/azurefilm.com\/de\/wp-json\/wp\/v2\/types\/product"}],"replies":[{"embeddable":true,"href":"https:\/\/azurefilm.com\/de\/wp-json\/wp\/v2\/comments?post=52632"}],"wp:featuredmedia":[{"embeddable":true,"href":"https:\/\/azurefilm.com\/de\/wp-json\/wp\/v2\/media\/52634"}],"wp:attachment":[{"href":"https:\/\/azurefilm.com\/de\/wp-json\/wp\/v2\/media?parent=52632"}],"wp:term":[{"taxonomy":"product_brand","embeddable":true,"href":"https:\/\/azurefilm.com\/de\/wp-json\/wp\/v2\/product_brand?post=52632"},{"taxonomy":"product_cat","embeddable":true,"href":"https:\/\/azurefilm.com\/de\/wp-json\/wp\/v2\/product_cat?post=52632"},{"taxonomy":"product_tag","embeddable":true,"href":"https:\/\/azurefilm.com\/de\/wp-json\/wp\/v2\/product_tag?post=52632"},{"taxonomy":"brand","embeddable":true,"href":"https:\/\/azurefilm.com\/de\/wp-json\/wp\/v2\/brand?post=52632"}],"curies":[{"name":"wp","href":"https:\/\/api.w.org\/{rel}","templated":true}]}}