
{"id":52949,"date":"2023-10-29T14:11:41","date_gmt":"2023-10-29T14:11:41","guid":{"rendered":"https:\/\/azurefilm.com\/product\/creality-halot-mage-8k500ml-resin-gratis\/"},"modified":"2026-01-13T08:41:30","modified_gmt":"2026-01-13T08:41:30","slug":"creality-halot-mage-8k","status":"publish","type":"product","link":"https:\/\/azurefilm.com\/de\/produkt\/creality-halot-mage-8k\/","title":{"rendered":"Creality Halot Mage 8K"},"content":{"rendered":"<p><span style=\"font-weight: 400;\">Creality Halot Mage 8K hat zahlreiche neue Funktionen und Eigenschaften. Lassen Sie uns einen Blick darauf werfen! <\/span><\/p>\n<h2><strong>8K-Magie f\u00fcr aufregende Details<\/strong><\/h2>\n<p><span style=\"font-weight: 400;\">Creality Halot Mage 8K ist mit einem 8K-Mono-LCD-Bildschirm ausgestattet, der beeindruckende 33.177.600 Pixel und eine XY-Aufl\u00f6sung von 29.7\u03bcm bietet, was deutlich besser ist als herk\u00f6mmliche 4K-Drucker, die nur 50\u03bcm haben. Diese fortschrittliche Technologie erm\u00f6glicht es dem Drucker, filigrane Details wie Haare, Stoffe, Hauttexturen und organische Formen zu drucken. <\/span><\/p>\n<h2><strong>10.3\u201d LCD-Bildschirm<\/strong><\/h2>\n<p><span style=\"font-weight: 400;\">Creality Halot Mage 8K verf\u00fcgt \u00fcber einen gro\u00dfen 10.3\u2033 LCD-Bildschirm und ein Volumen von 228x128x230 mm. Das gr\u00f6\u00dfere Volumen gibt Ihnen viel mehr kreative Freiheit, da Ihre Produkte gr\u00f6\u00dfer und detaillierter sein k\u00f6nnen. <\/span><\/p>\n<h2><strong>\u201eMAGEARCH\u201c Klappdeckel<\/strong><\/h2>\n<p><span style=\"font-weight: 400;\">Creality hat auch den Druckerdeckel neu gestaltet. Der \u201eMageArch\u201c-Deckel kann mit einer Hand ge\u00f6ffnet und geschlossen werden. Der \u201eMageArch\u201c-Deckel ist direkt am Drucker befestigt und der orangefarbene Schirm blockiert 99,89% des UV-Lichts aus der Umgebung. <\/span><\/p>\n<h2><strong>Luftreiniger<\/strong><\/h2>\n<p><span style=\"font-weight: 400;\">Direkt vom Drucker betrieben und gesteuert, enth\u00e4lt der Luftreiniger einen austauschbaren Aktivkohlefilter, der 5,8-mal gr\u00f6\u00dfer ist als andere Filter. Daher ist er effektiver beim Absorbieren des unangenehmen Resin-Geruchs. Die L\u00fcftungs\u00f6ffnung auf der R\u00fcckseite erm\u00f6glicht den Anschluss eines Luftschlauchs. <\/span><\/p>\n<h2><strong>Ultra-stabile Z-Achse mit doppelten Linearf\u00fchrungen<\/strong><\/h2>\n<p><span style=\"font-weight: 400;\">Die Z-Achse des Creality Halot Mage 8K integriert zwei starre Linearf\u00fchrungen, die von einem Hochleistungsmotor angetrieben werden. Dieser Mechanismus minimiert das Wackeln und erm\u00f6glicht es dem Drucker, gr\u00f6\u00dfere und schwerere Drucke problemlos zu handhaben. <\/span><\/p>\n<h2><strong>Breitere Auswahl, besseres Slicen<\/strong><\/h2>\n<p><span style=\"font-weight: 400;\">Mit dem unabh\u00e4ngig entwickelten HALOT BOX-System bietet der Creality Halot Mage 8K einen intuitiven 4-Schritte-Workflow und verschiedene Voreinstellungen, um eine bessere Druckqualit\u00e4t zu erzielen. Dar\u00fcber hinaus ist der Drucker mit anderer Slicer-Software kompatibel, was die Auswahlm\u00f6glichkeiten erweitert. Au\u00dferdem ist in Ihrem Kauf ein 3-monatiges VIP-CHITUBOX Pro-Slicing-Programm ohne zus\u00e4tzliche Kosten enthalten. <\/span><\/p>\n<p><span style=\"font-weight: 400;\">Resin-basierte Druckbegeisterte aller F\u00e4higkeitsstufen k\u00f6nnen von dem speziell entwickelten HALOT MAGE 8K 3D-Drucker profitieren, der fortschrittliche Funktionen und modernste Technologie bietet, um hochwertige Drucke mit au\u00dfergew\u00f6hnlichen Details und Pr\u00e4zision zu erzeugen.<\/span><\/p>\n","protected":false},"excerpt":{"rendered":"<p>Einf\u00fchrung des neuen <strong>Creality Halot Mage 8K Resin-Druckers<\/strong> &#8211; eine anspruchsvolle und technologisch fortschrittliche Maschine, die selbst die komplexesten Details Ihrer Produkte zum Leben erweckt.<\/p>\n","protected":false},"featured_media":105049,"comment_status":"closed","ping_status":"closed","template":"","meta":{"_acf_changed":false},"product_brand":[],"product_cat":[1693,1695,1671,2092,1859,2069],"product_tag":[],"brand":[],"class_list":{"0":"post-52949","1":"product","2":"type-product","3":"status-publish","4":"has-post-thumbnail","6":"product_cat-3d-drucker","7":"product_cat-alle-3d-drucker","8":"product_cat-angebote","9":"product_cat-creality-harz-drucker","10":"product_cat-resin-drucker-de","11":"product_cat-spezialpackungen","13":"first","14":"instock","15":"sale","16":"taxable","17":"shipping-taxable","18":"purchasable","19":"product-type-simple"},"acf":[],"_links":{"self":[{"href":"https:\/\/azurefilm.com\/de\/wp-json\/wp\/v2\/product\/52949","targetHints":{"allow":["GET"]}}],"collection":[{"href":"https:\/\/azurefilm.com\/de\/wp-json\/wp\/v2\/product"}],"about":[{"href":"https:\/\/azurefilm.com\/de\/wp-json\/wp\/v2\/types\/product"}],"replies":[{"embeddable":true,"href":"https:\/\/azurefilm.com\/de\/wp-json\/wp\/v2\/comments?post=52949"}],"wp:featuredmedia":[{"embeddable":true,"href":"https:\/\/azurefilm.com\/de\/wp-json\/wp\/v2\/media\/105049"}],"wp:attachment":[{"href":"https:\/\/azurefilm.com\/de\/wp-json\/wp\/v2\/media?parent=52949"}],"wp:term":[{"taxonomy":"product_brand","embeddable":true,"href":"https:\/\/azurefilm.com\/de\/wp-json\/wp\/v2\/product_brand?post=52949"},{"taxonomy":"product_cat","embeddable":true,"href":"https:\/\/azurefilm.com\/de\/wp-json\/wp\/v2\/product_cat?post=52949"},{"taxonomy":"product_tag","embeddable":true,"href":"https:\/\/azurefilm.com\/de\/wp-json\/wp\/v2\/product_tag?post=52949"},{"taxonomy":"brand","embeddable":true,"href":"https:\/\/azurefilm.com\/de\/wp-json\/wp\/v2\/brand?post=52949"}],"curies":[{"name":"wp","href":"https:\/\/api.w.org\/{rel}","templated":true}]}}