
{"id":52983,"date":"2023-10-29T14:31:41","date_gmt":"2023-10-29T14:31:41","guid":{"rendered":"https:\/\/azurefilm.com\/product\/nozzle-assembly-fuer-flashforge\/"},"modified":"2023-10-29T14:31:41","modified_gmt":"2023-10-29T14:31:41","slug":"nozzle-assembly-fuer-flashforge","status":"publish","type":"product","link":"https:\/\/azurefilm.com\/de\/produkt\/nozzle-assembly-fuer-flashforge\/","title":{"rendered":"Nozzle Assembly f\u00fcr FlashForge"},"content":{"rendered":"<h2><strong>Hauptmerkmale:<\/strong><\/h2>\n<p>Dies ist die erweiterte Version einer Nozzle Assembly f\u00fcr Adventurer Serien 3D-Drucker.<\/p>\n<ul>\n<li>Standardd\u00fcsengr\u00f6\u00dfe 0,4\/ 0,6 mm.<\/li>\n<li>Funktioniert mit Adventurer 3, AD3C, Adventurer 3 Lite, Adventurer 4.<\/li>\n<li>Maximale Temperatur 240\u2103.<\/li>\n<li>Verpackungsspezifikationen: 1 St\u00fcck\/Beutel.<\/li>\n<\/ul>\n","protected":false},"excerpt":{"rendered":"<p>Dies ist die erweiterte Version der <strong>Nozzle Assembly f\u00fcr FlashForge<\/strong> 3D-Drucker der Adventurer 3 und 4 Serien.<\/p>\n","protected":false},"featured_media":52986,"comment_status":"closed","ping_status":"closed","template":"","meta":{"_acf_changed":false},"product_brand":[],"product_cat":[1767,1671,1765],"product_tag":[],"brand":[],"class_list":{"0":"post-52983","1":"product","2":"type-product","3":"status-publish","4":"has-post-thumbnail","6":"product_cat-alle-ersatzteile","7":"product_cat-angebote","8":"product_cat-ersatzteile","10":"first","11":"instock","12":"sale","13":"taxable","14":"shipping-taxable","15":"purchasable","16":"product-type-simple"},"acf":[],"_links":{"self":[{"href":"https:\/\/azurefilm.com\/de\/wp-json\/wp\/v2\/product\/52983","targetHints":{"allow":["GET"]}}],"collection":[{"href":"https:\/\/azurefilm.com\/de\/wp-json\/wp\/v2\/product"}],"about":[{"href":"https:\/\/azurefilm.com\/de\/wp-json\/wp\/v2\/types\/product"}],"replies":[{"embeddable":true,"href":"https:\/\/azurefilm.com\/de\/wp-json\/wp\/v2\/comments?post=52983"}],"wp:featuredmedia":[{"embeddable":true,"href":"https:\/\/azurefilm.com\/de\/wp-json\/wp\/v2\/media\/52986"}],"wp:attachment":[{"href":"https:\/\/azurefilm.com\/de\/wp-json\/wp\/v2\/media?parent=52983"}],"wp:term":[{"taxonomy":"product_brand","embeddable":true,"href":"https:\/\/azurefilm.com\/de\/wp-json\/wp\/v2\/product_brand?post=52983"},{"taxonomy":"product_cat","embeddable":true,"href":"https:\/\/azurefilm.com\/de\/wp-json\/wp\/v2\/product_cat?post=52983"},{"taxonomy":"product_tag","embeddable":true,"href":"https:\/\/azurefilm.com\/de\/wp-json\/wp\/v2\/product_tag?post=52983"},{"taxonomy":"brand","embeddable":true,"href":"https:\/\/azurefilm.com\/de\/wp-json\/wp\/v2\/brand?post=52983"}],"curies":[{"name":"wp","href":"https:\/\/api.w.org\/{rel}","templated":true}]}}