
{"id":53035,"date":"2023-10-29T14:32:52","date_gmt":"2023-10-29T14:32:52","guid":{"rendered":"https:\/\/azurefilm.com\/product\/flexible-kupplung\/"},"modified":"2023-10-29T14:32:52","modified_gmt":"2023-10-29T14:32:52","slug":"flexible-kupplung","status":"publish","type":"product","link":"https:\/\/azurefilm.com\/de\/produkt\/flexible-kupplung\/","title":{"rendered":"Flexible Kupplung"},"content":{"rendered":"<h2><strong>Hauptmerkmale:<\/strong><\/h2>\n<ul>\n<li>Gr\u00f6\u00dfe: 25 x 20mm &#8211; Durchmesser: 5mm zu 5mm<\/li>\n<li>Gr\u00f6\u00dfe: 40 x 66mm &#8211; Durchmesser: 19mm zu 19mm<\/li>\n<li>Gr\u00f6\u00dfe: 55 x 78mm &#8211; Durchmesser: 25mm zu 25mm<\/li>\n<li>Material: Aluminiumlegierung, Polyurethan<\/li>\n<li>Typ: Pflaumenf\u00f6rmig<\/li>\n<li>Super Drehmoment kann Vibrationen absorbieren, geeignet f\u00fcr eine gro\u00dfe Drehmoment\u00fcbertragung.<\/li>\n<li>Hohe H\u00e4rte, langlebig und hervorragende Reaktion, nicht leicht zu l\u00f6sen.<\/li>\n<li>Die Flexibilit\u00e4t der Kupplungswelle beseitigt Spannungen zwischen dem Motor und den Antriebskomponenten.<\/li>\n<li>Die Wellenkupplungen werden haupts\u00e4chlich f\u00fcr 3D-Drucker, CNC-Maschinen, Servomotoren, Spindeln, Schrittmotoren usw. verwendet.<\/li>\n<\/ul>\n","protected":false},"excerpt":{"rendered":"<p><strong>Flexible Coupler<\/strong> in den Abmessungen 25mm x 20mm.<\/p>\n","protected":false},"featured_media":53036,"comment_status":"closed","ping_status":"closed","template":"","meta":{"_acf_changed":false},"product_brand":[],"product_cat":[1767,1671,1765,1774],"product_tag":[],"brand":[],"class_list":{"0":"post-53035","1":"product","2":"type-product","3":"status-publish","4":"has-post-thumbnail","6":"product_cat-alle-ersatzteile","7":"product_cat-angebote","8":"product_cat-ersatzteile","9":"product_cat-lager-fuhrungen","11":"first","12":"instock","13":"sale","14":"taxable","15":"shipping-taxable","16":"purchasable","17":"product-type-variable"},"acf":[],"_links":{"self":[{"href":"https:\/\/azurefilm.com\/de\/wp-json\/wp\/v2\/product\/53035","targetHints":{"allow":["GET"]}}],"collection":[{"href":"https:\/\/azurefilm.com\/de\/wp-json\/wp\/v2\/product"}],"about":[{"href":"https:\/\/azurefilm.com\/de\/wp-json\/wp\/v2\/types\/product"}],"replies":[{"embeddable":true,"href":"https:\/\/azurefilm.com\/de\/wp-json\/wp\/v2\/comments?post=53035"}],"wp:featuredmedia":[{"embeddable":true,"href":"https:\/\/azurefilm.com\/de\/wp-json\/wp\/v2\/media\/53036"}],"wp:attachment":[{"href":"https:\/\/azurefilm.com\/de\/wp-json\/wp\/v2\/media?parent=53035"}],"wp:term":[{"taxonomy":"product_brand","embeddable":true,"href":"https:\/\/azurefilm.com\/de\/wp-json\/wp\/v2\/product_brand?post=53035"},{"taxonomy":"product_cat","embeddable":true,"href":"https:\/\/azurefilm.com\/de\/wp-json\/wp\/v2\/product_cat?post=53035"},{"taxonomy":"product_tag","embeddable":true,"href":"https:\/\/azurefilm.com\/de\/wp-json\/wp\/v2\/product_tag?post=53035"},{"taxonomy":"brand","embeddable":true,"href":"https:\/\/azurefilm.com\/de\/wp-json\/wp\/v2\/brand?post=53035"}],"curies":[{"name":"wp","href":"https:\/\/api.w.org\/{rel}","templated":true}]}}