
{"id":53053,"date":"2023-10-29T14:32:52","date_gmt":"2023-10-29T14:32:52","guid":{"rendered":"https:\/\/azurefilm.com\/product\/filamentsensor-fuer-cr-10-smart-pro\/"},"modified":"2023-10-29T14:32:52","modified_gmt":"2023-10-29T14:32:52","slug":"filamentsensor-fuer-cr-10-smart-pro","status":"publish","type":"product","link":"https:\/\/azurefilm.com\/de\/produkt\/filamentsensor-fuer-cr-10-smart-pro\/","title":{"rendered":"Filamentsensor f\u00fcr CR-10 Smart Pro"},"content":{"rendered":"<h2><b>Hauptmerkmale:<\/b><\/h2>\n<ul>\n<li>Der Sensor ist geeignet f\u00fcr CR-10 Smart Pro<\/li>\n<li>Gute Struktur, einfach zu installieren, schnell und bequem<\/li>\n<li>Hergestellt aus hochwertigem Kunststoffmaterial<\/li>\n<li>Langlebig und haltbar<\/li>\n<li>Gro\u00dfartiges Zubeh\u00f6r f\u00fcr 3D-Drucker<\/li>\n<li>Material: Kunststoff<\/li>\n<\/ul>\n","protected":false},"excerpt":{"rendered":"<p><strong>Filamentsensor f\u00fcr CR-10 Smart Pro <\/strong>mit guter Struktur, einfach zu installieren, schnell und bequem.<\/p>\n","protected":false},"featured_media":53059,"comment_status":"closed","ping_status":"closed","template":"","meta":{"_acf_changed":false},"product_brand":[],"product_cat":[1767,1671,1765],"product_tag":[],"brand":[],"class_list":{"0":"post-53053","1":"product","2":"type-product","3":"status-publish","4":"has-post-thumbnail","6":"product_cat-alle-ersatzteile","7":"product_cat-angebote","8":"product_cat-ersatzteile","10":"first","11":"instock","12":"sale","13":"taxable","14":"shipping-taxable","15":"purchasable","16":"product-type-simple"},"acf":[],"_links":{"self":[{"href":"https:\/\/azurefilm.com\/de\/wp-json\/wp\/v2\/product\/53053","targetHints":{"allow":["GET"]}}],"collection":[{"href":"https:\/\/azurefilm.com\/de\/wp-json\/wp\/v2\/product"}],"about":[{"href":"https:\/\/azurefilm.com\/de\/wp-json\/wp\/v2\/types\/product"}],"replies":[{"embeddable":true,"href":"https:\/\/azurefilm.com\/de\/wp-json\/wp\/v2\/comments?post=53053"}],"wp:featuredmedia":[{"embeddable":true,"href":"https:\/\/azurefilm.com\/de\/wp-json\/wp\/v2\/media\/53059"}],"wp:attachment":[{"href":"https:\/\/azurefilm.com\/de\/wp-json\/wp\/v2\/media?parent=53053"}],"wp:term":[{"taxonomy":"product_brand","embeddable":true,"href":"https:\/\/azurefilm.com\/de\/wp-json\/wp\/v2\/product_brand?post=53053"},{"taxonomy":"product_cat","embeddable":true,"href":"https:\/\/azurefilm.com\/de\/wp-json\/wp\/v2\/product_cat?post=53053"},{"taxonomy":"product_tag","embeddable":true,"href":"https:\/\/azurefilm.com\/de\/wp-json\/wp\/v2\/product_tag?post=53053"},{"taxonomy":"brand","embeddable":true,"href":"https:\/\/azurefilm.com\/de\/wp-json\/wp\/v2\/brand?post=53053"}],"curies":[{"name":"wp","href":"https:\/\/api.w.org\/{rel}","templated":true}]}}