
{"id":53063,"date":"2023-10-29T14:32:52","date_gmt":"2023-10-29T14:32:52","guid":{"rendered":"https:\/\/azurefilm.com\/product\/creality-heat-sink\/"},"modified":"2025-06-18T18:03:01","modified_gmt":"2025-06-18T18:03:01","slug":"creality-heat-sink","status":"publish","type":"product","link":"https:\/\/azurefilm.com\/de\/produkt\/creality-heat-sink\/","title":{"rendered":"Creality Heat Sink"},"content":{"rendered":"<h2><strong>Hauptmerkmale:<\/strong><\/h2>\n<ul>\n<li>Dieser originale Creality Heat Sink ist kompatibel mit 3D-Druckern der CR-10 Serie und Ender-3.<\/li>\n<li>Solides Aluminium-Material f\u00fcr langlebigen Gebrauch.<\/li>\n<li>Leichtes Gewicht mit hoher W\u00e4rmeableitungsleistung.<\/li>\n<li>Seitliches Verriegelungsschraubenloch, kleine Gr\u00f6\u00dfe und einfach f\u00fcr DIY, perfekt f\u00fcr Ihren 3D-Drucker.<\/li>\n<\/ul>\n<h2><strong>Spezifikationen:<\/strong><\/h2>\n<ul>\n<li>Kompatibilit\u00e4t: Ender-3 \/ CR-10 Serie<\/li>\n<li>Artikelgr\u00f6\u00dfe: 27 x 20 x 12mm<\/li>\n<li>Artikelgewicht: 7,8g<\/li>\n<\/ul>\n<h2><strong>Geeignet f\u00fcr:<\/strong><\/h2>\n<ul>\n<li>CR10S<\/li>\n<li>CR10 S5<\/li>\n<li>Ender 3<\/li>\n<li>Ender 3 Pro<\/li>\n<li>Ender 3 V2<\/li>\n<li>Ender 5<\/li>\n<li>Ender 5 Pro<\/li>\n<li>Ender 5 Plus<\/li>\n<li>Ender 6<\/li>\n<\/ul>\n","protected":false},"excerpt":{"rendered":"<p>Dieser originale <strong>Creality Heat Sink<\/strong> ist kompatibel mit 3D-Druckern der CR-10 Serie und Ender 3.<\/p>\n","protected":false},"featured_media":53065,"comment_status":"closed","ping_status":"closed","template":"","meta":{"_acf_changed":false},"product_brand":[],"product_cat":[1767,1671,1765,1786,1788],"product_tag":[],"brand":[],"class_list":{"0":"post-53063","1":"product","2":"type-product","3":"status-publish","4":"has-post-thumbnail","6":"product_cat-alle-ersatzteile","7":"product_cat-angebote","8":"product_cat-ersatzteile","9":"product_cat-extruder-de","10":"product_cat-extruderteile","11":"pa_compatible-with-creality-fdm-3d-printers","12":"pa_fits-printer-creality-cr-10","13":"pa_fits-printer-creality-ender-3","15":"first","16":"instock","17":"sale","18":"taxable","19":"shipping-taxable","20":"purchasable","21":"product-type-simple"},"acf":[],"_links":{"self":[{"href":"https:\/\/azurefilm.com\/de\/wp-json\/wp\/v2\/product\/53063","targetHints":{"allow":["GET"]}}],"collection":[{"href":"https:\/\/azurefilm.com\/de\/wp-json\/wp\/v2\/product"}],"about":[{"href":"https:\/\/azurefilm.com\/de\/wp-json\/wp\/v2\/types\/product"}],"replies":[{"embeddable":true,"href":"https:\/\/azurefilm.com\/de\/wp-json\/wp\/v2\/comments?post=53063"}],"wp:featuredmedia":[{"embeddable":true,"href":"https:\/\/azurefilm.com\/de\/wp-json\/wp\/v2\/media\/53065"}],"wp:attachment":[{"href":"https:\/\/azurefilm.com\/de\/wp-json\/wp\/v2\/media?parent=53063"}],"wp:term":[{"taxonomy":"product_brand","embeddable":true,"href":"https:\/\/azurefilm.com\/de\/wp-json\/wp\/v2\/product_brand?post=53063"},{"taxonomy":"product_cat","embeddable":true,"href":"https:\/\/azurefilm.com\/de\/wp-json\/wp\/v2\/product_cat?post=53063"},{"taxonomy":"product_tag","embeddable":true,"href":"https:\/\/azurefilm.com\/de\/wp-json\/wp\/v2\/product_tag?post=53063"},{"taxonomy":"brand","embeddable":true,"href":"https:\/\/azurefilm.com\/de\/wp-json\/wp\/v2\/brand?post=53063"}],"curies":[{"name":"wp","href":"https:\/\/api.w.org\/{rel}","templated":true}]}}