
{"id":53087,"date":"2023-10-29T14:33:26","date_gmt":"2023-10-29T14:33:26","guid":{"rendered":"https:\/\/azurefilm.com\/product\/schleiffeile\/"},"modified":"2025-10-27T13:30:54","modified_gmt":"2025-10-27T13:30:54","slug":"schleiffeile","status":"publish","type":"product","link":"https:\/\/azurefilm.com\/de\/produkt\/schleiffeile\/","title":{"rendered":"Schleiffeile"},"content":{"rendered":"<h2><strong>Hauptmerkmale:<\/strong><\/h2>\n<ul>\n<li>Doppelseitig<\/li>\n<li>Ein unverzichtbares Werkzeug f\u00fcr alle Liebhaber des 3D-Drucks<\/li>\n<li>Die doppelseitige Schleiffeile ist zum Schleifen Ihres 3D-Drucks gedacht, um ein sch\u00f6neres Endprodukt ohne Unregelm\u00e4\u00dfigkeiten zu erhalten<\/li>\n<li>F\u00fcr eine Vielzahl von Aufgaben bei der Verarbeitung Ihres 3D-Drucks, vom Entfernen des St\u00fctzmaterials bis zur Korrektur von Druckunregelm\u00e4\u00dfigkeiten<\/li>\n<\/ul>\n","protected":false},"excerpt":{"rendered":"<p><strong>Schleiffeile<\/strong> f\u00fcr eine Vielzahl von Aufgaben bei der Verarbeitung Ihres 3D-Drucks, vom Entfernen des St\u00fctzmaterials bis zur Korrektur von Druckunregelm\u00e4\u00dfigkeiten.<\/p>\n","protected":false},"featured_media":53089,"comment_status":"closed","ping_status":"closed","template":"","meta":{"_acf_changed":false},"product_brand":[],"product_cat":[1767,1671,1765,1815,1769],"product_tag":[],"brand":[],"class_list":{"0":"post-53087","1":"product","2":"type-product","3":"status-publish","4":"has-post-thumbnail","6":"product_cat-alle-ersatzteile","7":"product_cat-angebote","8":"product_cat-ersatzteile","9":"product_cat-nachbearbeitung","10":"product_cat-werkzeuge","12":"first","13":"instock","14":"sale","15":"taxable","16":"shipping-taxable","17":"purchasable","18":"product-type-simple"},"acf":[],"_links":{"self":[{"href":"https:\/\/azurefilm.com\/de\/wp-json\/wp\/v2\/product\/53087","targetHints":{"allow":["GET"]}}],"collection":[{"href":"https:\/\/azurefilm.com\/de\/wp-json\/wp\/v2\/product"}],"about":[{"href":"https:\/\/azurefilm.com\/de\/wp-json\/wp\/v2\/types\/product"}],"replies":[{"embeddable":true,"href":"https:\/\/azurefilm.com\/de\/wp-json\/wp\/v2\/comments?post=53087"}],"wp:featuredmedia":[{"embeddable":true,"href":"https:\/\/azurefilm.com\/de\/wp-json\/wp\/v2\/media\/53089"}],"wp:attachment":[{"href":"https:\/\/azurefilm.com\/de\/wp-json\/wp\/v2\/media?parent=53087"}],"wp:term":[{"taxonomy":"product_brand","embeddable":true,"href":"https:\/\/azurefilm.com\/de\/wp-json\/wp\/v2\/product_brand?post=53087"},{"taxonomy":"product_cat","embeddable":true,"href":"https:\/\/azurefilm.com\/de\/wp-json\/wp\/v2\/product_cat?post=53087"},{"taxonomy":"product_tag","embeddable":true,"href":"https:\/\/azurefilm.com\/de\/wp-json\/wp\/v2\/product_tag?post=53087"},{"taxonomy":"brand","embeddable":true,"href":"https:\/\/azurefilm.com\/de\/wp-json\/wp\/v2\/brand?post=53087"}],"curies":[{"name":"wp","href":"https:\/\/api.w.org\/{rel}","templated":true}]}}