
{"id":53125,"date":"2023-10-29T14:33:26","date_gmt":"2023-10-29T14:33:26","guid":{"rendered":"https:\/\/azurefilm.com\/product\/hardened-nozzle-kit-fuer-flashforge\/"},"modified":"2023-10-29T14:33:26","modified_gmt":"2023-10-29T14:33:26","slug":"hardened-nozzle-kit-fuer-flashforge","status":"publish","type":"product","link":"https:\/\/azurefilm.com\/de\/produkt\/hardened-nozzle-kit-fuer-flashforge\/","title":{"rendered":"Hardened Nozzle Kit f\u00fcr Flashforge"},"content":{"rendered":"<h2><b>Hauptmerkmale:<\/b><\/h2>\n<ul>\n<li>Originald\u00fcsen f\u00fcr Flashforge Creator 3 Pro 3D-Drucker.<\/li>\n<li>Diese D\u00fcse ist geeignet f\u00fcr das Drucken von besseren Filamenten wie Carbon Fiber, Nylon, ASA und ABS. Die D\u00fcse besteht aus Stahl und nutzt sich nicht so schnell ab wie gew\u00f6hnliches Messing. <\/li>\n<li>Die W\u00e4rmeleitf\u00e4higkeit einer geh\u00e4rteten Stahld\u00fcse ist nicht so gut wie die einer Messingd\u00fcse. Daher m\u00fcssen Sie m\u00f6glicherweise die Temperatur Ihres Extruders um 5-15\u00b0C erh\u00f6hen. <\/li>\n<li>Beim Drucken von abrasiven Filamenten reduzieren Sie die Druckgeschwindigkeit der ersten Schicht auf 10mm\/s.<\/li>\n<\/ul>\n<h2><strong>Im Paket erhalten Sie:<\/strong><\/h2>\n<ul>\n<li>2x 0.4 D\u00fcse<\/li>\n<li>2x 0.6 D\u00fcse<\/li>\n<li>2x 0.8 D\u00fcse<\/li>\n<\/ul>\n<p>&nbsp;<\/p>\n","protected":false},"excerpt":{"rendered":"<p><strong>Hardened Nozzle Kit f\u00fcr Flashforge<\/strong> f\u00fcr Creator 3 Pro 3D-Drucker.<\/p>\n","protected":false},"featured_media":53126,"comment_status":"closed","ping_status":"closed","template":"","meta":{"_acf_changed":false},"product_brand":[],"product_cat":[1767,1671,1807,1765,1835],"product_tag":[],"brand":[],"class_list":{"0":"post-53125","1":"product","2":"type-product","3":"status-publish","4":"has-post-thumbnail","6":"product_cat-alle-ersatzteile","7":"product_cat-angebote","8":"product_cat-dusen","9":"product_cat-ersatzteile","10":"product_cat-gehartete-verschleisfeste-dusen","12":"first","13":"instock","14":"sale","15":"taxable","16":"shipping-taxable","17":"purchasable","18":"product-type-simple"},"acf":[],"_links":{"self":[{"href":"https:\/\/azurefilm.com\/de\/wp-json\/wp\/v2\/product\/53125","targetHints":{"allow":["GET"]}}],"collection":[{"href":"https:\/\/azurefilm.com\/de\/wp-json\/wp\/v2\/product"}],"about":[{"href":"https:\/\/azurefilm.com\/de\/wp-json\/wp\/v2\/types\/product"}],"replies":[{"embeddable":true,"href":"https:\/\/azurefilm.com\/de\/wp-json\/wp\/v2\/comments?post=53125"}],"wp:featuredmedia":[{"embeddable":true,"href":"https:\/\/azurefilm.com\/de\/wp-json\/wp\/v2\/media\/53126"}],"wp:attachment":[{"href":"https:\/\/azurefilm.com\/de\/wp-json\/wp\/v2\/media?parent=53125"}],"wp:term":[{"taxonomy":"product_brand","embeddable":true,"href":"https:\/\/azurefilm.com\/de\/wp-json\/wp\/v2\/product_brand?post=53125"},{"taxonomy":"product_cat","embeddable":true,"href":"https:\/\/azurefilm.com\/de\/wp-json\/wp\/v2\/product_cat?post=53125"},{"taxonomy":"product_tag","embeddable":true,"href":"https:\/\/azurefilm.com\/de\/wp-json\/wp\/v2\/product_tag?post=53125"},{"taxonomy":"brand","embeddable":true,"href":"https:\/\/azurefilm.com\/de\/wp-json\/wp\/v2\/brand?post=53125"}],"curies":[{"name":"wp","href":"https:\/\/api.w.org\/{rel}","templated":true}]}}