
{"id":53184,"date":"2023-10-29T14:17:05","date_gmt":"2023-10-29T14:17:05","guid":{"rendered":"https:\/\/azurefilm.com\/product\/creality-uw-02-wasch-und-aushaertegeraet\/"},"modified":"2023-10-29T14:17:05","modified_gmt":"2023-10-29T14:17:05","slug":"creality-uw-02-wasch-und-aushaertegeraet","status":"publish","type":"product","link":"https:\/\/azurefilm.com\/de\/produkt\/creality-uw-02-wasch-und-aushaertegeraet\/","title":{"rendered":"Creality UW-02 Wasch- und Aush\u00e4rteger\u00e4t"},"content":{"rendered":"<p><span style=\"font-weight: 400;\">Das UW-02 ist ein All-in-One Wasch- und Aush\u00e4rteger\u00e4t, das f\u00fcr Effizienz und Komfort entwickelt wurde. Mit einem gro\u00dfz\u00fcgigen 10,1-Zoll-H\u00e4rtungsraum ist es f\u00fcr gr\u00f6\u00dfere Modelle ausgelegt und erf\u00fcllt die Anforderungen umfangreicher 3D-Druckprojekte. <\/span><\/p>\n<h2><strong>Zwei-in-eins Reinigung und Aush\u00e4rtung<\/strong><\/h2>\n<p><span style=\"font-weight: 400;\">Dieses Ger\u00e4t bietet eine Zwei-in-eins-L\u00f6sung f\u00fcr die Reinigung und Aush\u00e4rtung von 3D-Drucken. Im Waschmodus integriert es eine automatische Reinigungsfunktion, die einen kraftvollen und gr\u00fcndlichen Reinigungsprozess bietet. Im Aush\u00e4rtungsmodus sorgt die pr\u00e4zise Steuerung von Licht, Geschwindigkeit und Zeit f\u00fcr eine genaue und umfassende Aush\u00e4rtung der 3D-gedruckten Teile.  <\/span><\/p>\n<h2><strong>360-Grad-Rundum-Aush\u00e4rtung<\/strong><\/h2>\n<p><span style=\"font-weight: 400;\">Das UW-02 ist mit einer 360-Grad-Drehplattform ausgestattet, die 24 Dual-Band-UV-Lampenperlen enth\u00e4lt. Dieses Design gew\u00e4hrleistet eine Rundum-Aush\u00e4rtung ohne tote Winkel und maximiert die Effizienz des Aush\u00e4rtungsprozesses. Das reflektierende Lichtdesign verbessert zus\u00e4tzlich die Reflexivit\u00e4t der Lichtquelle und beschleunigt die Modellh\u00e4rtung.  <\/span><\/p>\n<h2><strong>Zwei flexible Reinigungsmethoden<\/strong><\/h2>\n<p><span style=\"font-weight: 400;\">Das UW-02 bietet zwei flexible Reinigungsmethoden: Waschen ohne Bauplatte oder Waschen zusammen mit der Bauplatte. Seine leistungsstarken Reinigungskapazit\u00e4ten verdankt es dem ma\u00dfgeschneiderten magnetischen gro\u00dfen L\u00fcfterblatt, das eine effiziente Entfernung von \u00fcbersch\u00fcssigem Harz von den Modelloberfl\u00e4chen gew\u00e4hrleistet. <\/span><\/p>\n<h2><strong>Gr\u00f6\u00dferer Waschkorb<\/strong><\/h2>\n<p><span style=\"font-weight: 400;\">Mit einem gr\u00f6\u00dferen Waschbeh\u00e4lter ausgestattet, kann das UW-02 gr\u00f6\u00dfere Modelle zur Reinigung aufnehmen. Es ist mit allen SLA-3D-Druckern bis zu 10,1 Zoll auf dem Markt kompatibel und stellt somit eine vielseitige Erg\u00e4nzung f\u00fcr Ihren 3D-Druck-Workflow dar. Die Waschgr\u00f6\u00dfenma\u00dfe betragen 240mm x 160mm x 200mm und bieten ausreichend Platz f\u00fcr verschiedene Druckgr\u00f6\u00dfen.  <\/span><\/p>\n<h2><strong>Technische Details:<\/strong><\/h2>\n<ul>\n<li style=\"font-weight: 400;\" aria-level=\"1\"><span style=\"font-weight: 400;\">Vollst\u00e4ndig geschlossene Maschinenabmessungen: 325x295x485mm<\/span><\/li>\n<li style=\"font-weight: 400;\" aria-level=\"1\"><span style=\"font-weight: 400;\">Vollst\u00e4ndig geschlossenes Gewicht: 7,1kg<\/span><\/li>\n<li style=\"font-weight: 400;\" aria-level=\"1\"><span style=\"font-weight: 400;\">Waschgr\u00f6\u00dfe: 240x160x200mm<\/span><\/li>\n<li style=\"font-weight: 400;\" aria-level=\"1\"><span style=\"font-weight: 400;\">Aush\u00e4rtungsgr\u00f6\u00dfe: Durchmesser von 200x300mm<\/span><\/li>\n<li style=\"font-weight: 400;\" aria-level=\"1\"><span style=\"font-weight: 400;\">Maximales Modellgewicht: 2,5kg<\/span><\/li>\n<li style=\"font-weight: 400;\" aria-level=\"1\"><span style=\"font-weight: 400;\">Verpackungsspezifikation: 381x349x525mm<\/span><\/li>\n<li style=\"font-weight: 400;\" aria-level=\"1\"><span style=\"font-weight: 400;\">Modus: Reinigung \/ Aush\u00e4rtung<\/span><\/li>\n<li style=\"font-weight: 400;\" aria-level=\"1\"><span style=\"font-weight: 400;\">Geschwindigkeit: Schnell \/ Konstant<\/span><\/li>\n<li style=\"font-weight: 400;\" aria-level=\"1\"><span style=\"font-weight: 400;\">Zeit: 2min-30min<\/span><\/li>\n<li style=\"font-weight: 400;\" aria-level=\"1\"><span style=\"font-weight: 400;\">SLA-Wellenl\u00e4nge: 385nm  405nm<\/span><\/li>\n<li style=\"font-weight: 400;\" aria-level=\"1\"><span style=\"font-weight: 400;\">Eingangsspannung: 100-240V<\/span><\/li>\n<li style=\"font-weight: 400;\" aria-level=\"1\"><span style=\"font-weight: 400;\">Ausgangskonstantspannung: DC 24V<\/span><\/li>\n<li style=\"font-weight: 400;\" aria-level=\"1\"><span style=\"font-weight: 400;\">Netzteilleistung: 60W<\/span><\/li>\n<li style=\"font-weight: 400;\" aria-level=\"1\"><span style=\"font-weight: 400;\">Geh\u00e4usetyp: Vollst\u00e4ndig geschlossen<\/span><\/li>\n<li style=\"font-weight: 400;\" aria-level=\"1\"><span style=\"font-weight: 400;\">Material der Aush\u00e4rtungsplattform: Spiegel-Edelstahl<\/span><\/li>\n<li style=\"font-weight: 400;\" aria-level=\"1\"><span style=\"font-weight: 400;\">Material des Waschbeh\u00e4lters: PP<\/span><\/li>\n<li style=\"font-weight: 400;\" aria-level=\"1\"><span style=\"font-weight: 400;\">Unterst\u00fctzte Sprachen: Chinesisch\/Englisch<\/span><\/li>\n<li style=\"font-weight: 400;\" aria-level=\"1\"><span style=\"font-weight: 400;\">Steuerungssoftware-System: Windows 7 oder h\u00f6her<\/span><\/li>\n<\/ul>\n","protected":false},"excerpt":{"rendered":"<p>Das <strong>Creality UW-02 Wasch- und Aush\u00e4rteger\u00e4t<\/strong> ist f\u00fcr die Reinigung und Aush\u00e4rtung Ihrer 3D-Modelle gedacht, die mit DLP-3D-Druckern gedruckt wurden.<\/p>\n","protected":false},"featured_media":53188,"comment_status":"closed","ping_status":"closed","template":"","meta":{"_acf_changed":false},"product_brand":[],"product_cat":[1671,1741],"product_tag":[],"brand":[],"class_list":{"0":"post-53184","1":"product","2":"type-product","3":"status-publish","4":"has-post-thumbnail","6":"product_cat-angebote","7":"product_cat-nicht-kategorisiert","9":"first","10":"outofstock","11":"sale","12":"taxable","13":"shipping-taxable","14":"purchasable","15":"product-type-simple"},"acf":[],"_links":{"self":[{"href":"https:\/\/azurefilm.com\/de\/wp-json\/wp\/v2\/product\/53184","targetHints":{"allow":["GET"]}}],"collection":[{"href":"https:\/\/azurefilm.com\/de\/wp-json\/wp\/v2\/product"}],"about":[{"href":"https:\/\/azurefilm.com\/de\/wp-json\/wp\/v2\/types\/product"}],"replies":[{"embeddable":true,"href":"https:\/\/azurefilm.com\/de\/wp-json\/wp\/v2\/comments?post=53184"}],"wp:featuredmedia":[{"embeddable":true,"href":"https:\/\/azurefilm.com\/de\/wp-json\/wp\/v2\/media\/53188"}],"wp:attachment":[{"href":"https:\/\/azurefilm.com\/de\/wp-json\/wp\/v2\/media?parent=53184"}],"wp:term":[{"taxonomy":"product_brand","embeddable":true,"href":"https:\/\/azurefilm.com\/de\/wp-json\/wp\/v2\/product_brand?post=53184"},{"taxonomy":"product_cat","embeddable":true,"href":"https:\/\/azurefilm.com\/de\/wp-json\/wp\/v2\/product_cat?post=53184"},{"taxonomy":"product_tag","embeddable":true,"href":"https:\/\/azurefilm.com\/de\/wp-json\/wp\/v2\/product_tag?post=53184"},{"taxonomy":"brand","embeddable":true,"href":"https:\/\/azurefilm.com\/de\/wp-json\/wp\/v2\/brand?post=53184"}],"curies":[{"name":"wp","href":"https:\/\/api.w.org\/{rel}","templated":true}]}}