
{"id":53243,"date":"2023-10-29T14:17:44","date_gmt":"2023-10-29T14:17:44","guid":{"rendered":"https:\/\/azurefilm.com\/product\/creality-cr-scan-lizard\/"},"modified":"2023-10-29T14:17:44","modified_gmt":"2023-10-29T14:17:44","slug":"creality-cr-scan-lizard","status":"publish","type":"product","link":"https:\/\/azurefilm.com\/de\/produkt\/creality-cr-scan-lizard\/","title":{"rendered":"Creality CR-Scan Lizard"},"content":{"rendered":"<h2 style=\"text-align: left;\"><strong>Hauptmerkmale: <\/strong><\/h2>\n<h3 style=\"text-align: left;\"><strong>1. Ultra-hohe Genauigkeit<\/strong><\/h3>\n<p style=\"text-align: left;\">Creality CR-Scan Lizard kann kleine Objekte und Prototypen mit tiefen, schwer zug\u00e4nglichen Details scannen. Ausgestattet mit Ferngl\u00e4sern zeichnet sich dieser 3D-Scanner durch seine professionelle Genauigkeit von bis zu 0,05 mm aus, die durch die verbesserte Pr\u00e4zisionskalibrierungsmethode erreicht wird. Der 3D-Punktabstand reicht von 0,1 mm bis 0,2 mm, die minimale Scan-Gr\u00f6\u00dfe des gescannten Objekts betr\u00e4gt 15 mm.  <\/p>\n<h3 style=\"text-align: left;\"><strong>2. Neue Software<\/strong><\/h3>\n<p style=\"text-align: left;\">Creality hat die Integration von 3D-Komplettautomatisierungsalgorithmen entwickelt, die eine Modelloptimierung mit nur einem Klick erm\u00f6glichen. Es unterst\u00fctzt die automatische Ausrichtung aus mehreren Positionen, die automatische Rauschunterdr\u00fcckung, die automatische Modellvereinfachung, das automatische F\u00fcllen von L\u00f6chern, die automatische Texturabbildung und vieles mehr. Creality wird die Software regelm\u00e4\u00dfig \u00fcberpr\u00fcfen und Fehler beheben, und alle Upgrades werden kostenlos sein.  <\/p>\n<h3 style=\"text-align: left;\"><strong>3. Scannen von wei\u00dfen oder schwarzen Objekten<\/strong><\/h3>\n<p style=\"text-align: left;\">Die \u201eSchw\u00e4rze\u201c oder \u201eHelligkeit\u201c des gescannten Objekts ist kein Problem mehr. Creality CR-Scan Lizard kann problemlos schwarze Objekte scannen und auch bei hellem Sonnenlicht hervorragend arbeiten. Der Unterschied zum CR-Scan 01 besteht darin, dass die Version 01 die Helligkeit reguliert und das Scannen in Innenr\u00e4umen mit spezifischen Lichtanforderungen erfolgen muss. Der Lizard hingegen verf\u00fcgt \u00fcber ein hochpr\u00e4zises Fernglaskamerasystem mit einem selbst entwickelten multispektralen optischen System, das die Lichtanpassungsf\u00e4higkeit erheblich verbessert und es ihm erm\u00f6glicht, mehr Scan-Ziele zu erfassen. Auf diese Weise wird sogar das Scannen im Freien zu einer einfachen und unterhaltsamen Aufgabe.    <\/p>\n<h3 style=\"text-align: left;\"><strong>4. Multi-Mode-Scanning<\/strong><\/h3>\n<p style=\"text-align: left;\">Genau wie der CR-Scan 01 bietet uns der Creality CR-Scan Lizard verschiedene Scan-Modi, die von den jeweiligen Umst\u00e4nden abh\u00e4ngen. Der CR-Scan Lizard kann Objekte von 15 mm bis 1500 mm mit drei Scan-Modi scannen: Drehtisch-Scanning, Handheld-Scanning und Handheld plus Drehtisch-Scanning. Ein wichtiges Merkmal ist, dass Sie problemlos vom Handheld-Scanning zum Drehtisch-Scanning wechseln k\u00f6nnen. Der Kombinationsmodus ist perfekt f\u00fcr das Scannen von Objekten von 300 mm bis 500 mm, wie Skulpturen, kleinere Objekte wie Vasen, die die Handheld-Flexibilit\u00e4t zum intelligenten Drehtisch-Scanning hinzuf\u00fcgen. Wenn Sie etwas Gr\u00f6\u00dferes wie eine Motorhaube oder M\u00f6bel scannen m\u00fcssen, ist der Handheld-Modus, der f\u00fcr das Scannen von Objekten von 500 mm bis 1500 mm geeignet ist, die beste Wahl, da er gen\u00fcgend Freiheit und kreative M\u00f6glichkeiten bietet.    <\/p>\n<h3 style=\"text-align: left;\"><strong>5. Konnektivit\u00e4tsoptionen<\/strong><\/h3>\n<p style=\"text-align: left;\">Der Vorteil eines Creality 3D-Scanners und 3D-Druckers ist die <strong>Creality Cloud<\/strong>, da das 3D-Modell in die Datenbank (Creality Cloud) hochgeladen werden kann und das Slicen und 3D-Drucken mit nur einem Klick abgeschlossen werden kann. Sie k\u00f6nnen Ihr 3D-Modell auch in der Creality APP teilen. Auf diese Weise k\u00f6nnen Sie die 3D-Freude mit Freunden und anderen Machern teilen und interagieren.  <\/p>\n<h3 style=\"text-align: left;\"><strong>6. HD-Farbwiedergabe<\/strong><\/h3>\n<p style=\"text-align: left;\">Um den Anforderungen von VR, 3D-Rendering, Spielen und farbigem 3D-Druck, die in Zukunft realisiert werden k\u00f6nnten, gerecht zu werden, kann der Creality CR-Scan Lizard mit dem Farbkit kombiniert werden und unterst\u00fctzt das Aufnehmen von farbenfrohen Texturen mit Mobiltelefonen oder DSLR-Kameras. Danach werden die Farben automatisch mit nur einem Klick \u00fcber die Automatisierungssoftware auf die Modelle abgebildet, um die Farbwiedergabe abzuschlie\u00dfen. Die Datei wird im OBJ-Format exportiert und bringt lebendige 3D-Modelle. Es bietet den Benutzern die M\u00f6glichkeit, mit oder ohne Farbe zu sein, und in Zukunft sagte Creality, dass sie diese Funktion erweitern werden, um mehr Scan-Gr\u00f6\u00dfen zu unterst\u00fctzen.   <\/p>\n<h3 style=\"text-align: left;\"><strong>7. Tragbar und einfach im Freien scannen<\/strong><\/h3>\n<p style=\"text-align: left;\">Neben dem USB-Laden ist der Creality Lizard mit einem tragbaren Ladeger\u00e4t kompatibel, das separat erworben werden muss, sodass Macher ihn nach drau\u00dfen mitnehmen und versuchen k\u00f6nnen, \u00fcberall erstaunliche Objekte zu erfassen. Diese Funktion macht die Portabilit\u00e4t wirklich lebendig und aktiv.<\/p>\n","protected":false},"excerpt":{"rendered":"<p style=\"text-align: left;\"><strong>Creality CR-Scan Lizard<\/strong> hat eine Genauigkeit von bis zu 0,05 mm. Aufgrund seiner einfachen Handhabung ist der 3D-Scanner auch f\u00fcr Anf\u00e4nger geeignet. <\/p>\n","protected":false},"featured_media":53245,"comment_status":"closed","ping_status":"closed","template":"","meta":{"_acf_changed":false},"product_brand":[],"product_cat":[2112,1767,1671,1765],"product_tag":[],"brand":[],"class_list":{"0":"post-53243","1":"product","2":"type-product","3":"status-publish","4":"has-post-thumbnail","6":"product_cat-3d-scanner","7":"product_cat-alle-ersatzteile","8":"product_cat-angebote","9":"product_cat-ersatzteile","11":"first","12":"onbackorder","13":"sale","14":"taxable","15":"shipping-taxable","16":"purchasable","17":"product-type-simple"},"acf":[],"_links":{"self":[{"href":"https:\/\/azurefilm.com\/de\/wp-json\/wp\/v2\/product\/53243","targetHints":{"allow":["GET"]}}],"collection":[{"href":"https:\/\/azurefilm.com\/de\/wp-json\/wp\/v2\/product"}],"about":[{"href":"https:\/\/azurefilm.com\/de\/wp-json\/wp\/v2\/types\/product"}],"replies":[{"embeddable":true,"href":"https:\/\/azurefilm.com\/de\/wp-json\/wp\/v2\/comments?post=53243"}],"wp:featuredmedia":[{"embeddable":true,"href":"https:\/\/azurefilm.com\/de\/wp-json\/wp\/v2\/media\/53245"}],"wp:attachment":[{"href":"https:\/\/azurefilm.com\/de\/wp-json\/wp\/v2\/media?parent=53243"}],"wp:term":[{"taxonomy":"product_brand","embeddable":true,"href":"https:\/\/azurefilm.com\/de\/wp-json\/wp\/v2\/product_brand?post=53243"},{"taxonomy":"product_cat","embeddable":true,"href":"https:\/\/azurefilm.com\/de\/wp-json\/wp\/v2\/product_cat?post=53243"},{"taxonomy":"product_tag","embeddable":true,"href":"https:\/\/azurefilm.com\/de\/wp-json\/wp\/v2\/product_tag?post=53243"},{"taxonomy":"brand","embeddable":true,"href":"https:\/\/azurefilm.com\/de\/wp-json\/wp\/v2\/brand?post=53243"}],"curies":[{"name":"wp","href":"https:\/\/api.w.org\/{rel}","templated":true}]}}