
{"id":53311,"date":"2023-10-29T14:18:08","date_gmt":"2023-10-29T14:18:08","guid":{"rendered":"https:\/\/azurefilm.com\/product\/modix-big-60-v3\/"},"modified":"2023-10-29T14:18:08","modified_gmt":"2023-10-29T14:18:08","slug":"modix-big-60-v3","status":"publish","type":"product","link":"https:\/\/azurefilm.com\/de\/produkt\/modix-big-60-v3\/","title":{"rendered":"Modix BIG-60 V3"},"content":{"rendered":"<h2><strong>Modix BIG-60 V3: Erschwinglich  verbessert<\/strong><\/h2>\n<p><span style=\"font-weight: 400;\">Der Modix BIG-60, der 2017 eingef\u00fchrt wurde und nun in der dritten Version (V3) vorliegt, bietet eine gewinnende Kombination aus ger\u00e4umigem Bauvolumen, erstklassigen Komponenten und einem attraktiven Preis. Die in V3 eingef\u00fchrten Verbesserungen werden auf alle anderen Modelle der Serie \u00fcbertragen. <\/span><\/p>\n<h2><strong>Wichtige Vorteile:<\/strong><\/h2>\n<ul>\n<li style=\"font-weight: 400;\" aria-level=\"1\"><span style=\"font-weight: 400;\">Griffin-Druckkopf: Pr\u00e4zisionsdruck mit dem Griffin-Druckkopf.<\/span><\/li>\n<li style=\"font-weight: 400;\" aria-level=\"1\"><span style=\"font-weight: 400;\">PT-1000 Upgrade: Verbesserte Version mit dem PT-1000 (ersetzt den PT-100).<\/span><\/li>\n<li style=\"font-weight: 400;\" aria-level=\"1\"><span style=\"font-weight: 400;\">Verstopfungsdetektor: Ausgestattet mit einem Verstopfungsdetektor zur Vermeidung von Druckproblemen.<\/span><\/li>\n<li style=\"font-weight: 400;\" aria-level=\"1\"><span style=\"font-weight: 400;\">Crash-Detektor: Verf\u00fcgt \u00fcber einen Crash-Detektor f\u00fcr zus\u00e4tzliche Sicherheit und Zuverl\u00e4ssigkeit.<\/span><\/li>\n<\/ul>\n","protected":false},"excerpt":{"rendered":"<p><strong>Modix BIG-60 V3<\/strong> bietet eine wettbewerbsf\u00e4hige Mischung aus gro\u00dfem Bauvolumen, hochwertigen Komponenten und erschwinglichem Preis.<\/p>\n","protected":false},"featured_media":53312,"comment_status":"closed","ping_status":"closed","template":"","meta":{"_acf_changed":false},"product_brand":[],"product_cat":[1693,1695,1694,2100,1854],"product_tag":[],"brand":[],"class_list":{"0":"post-53311","1":"product","2":"type-product","3":"status-publish","4":"has-post-thumbnail","6":"product_cat-3d-drucker","7":"product_cat-alle-3d-drucker","8":"product_cat-fdm-drucker","9":"product_cat-modix-fdm-drucker","10":"product_cat-professionelle-3d-drucker","12":"first","13":"instock","14":"taxable","15":"shipping-taxable","16":"purchasable","17":"product-type-simple"},"acf":[],"_links":{"self":[{"href":"https:\/\/azurefilm.com\/de\/wp-json\/wp\/v2\/product\/53311","targetHints":{"allow":["GET"]}}],"collection":[{"href":"https:\/\/azurefilm.com\/de\/wp-json\/wp\/v2\/product"}],"about":[{"href":"https:\/\/azurefilm.com\/de\/wp-json\/wp\/v2\/types\/product"}],"replies":[{"embeddable":true,"href":"https:\/\/azurefilm.com\/de\/wp-json\/wp\/v2\/comments?post=53311"}],"wp:featuredmedia":[{"embeddable":true,"href":"https:\/\/azurefilm.com\/de\/wp-json\/wp\/v2\/media\/53312"}],"wp:attachment":[{"href":"https:\/\/azurefilm.com\/de\/wp-json\/wp\/v2\/media?parent=53311"}],"wp:term":[{"taxonomy":"product_brand","embeddable":true,"href":"https:\/\/azurefilm.com\/de\/wp-json\/wp\/v2\/product_brand?post=53311"},{"taxonomy":"product_cat","embeddable":true,"href":"https:\/\/azurefilm.com\/de\/wp-json\/wp\/v2\/product_cat?post=53311"},{"taxonomy":"product_tag","embeddable":true,"href":"https:\/\/azurefilm.com\/de\/wp-json\/wp\/v2\/product_tag?post=53311"},{"taxonomy":"brand","embeddable":true,"href":"https:\/\/azurefilm.com\/de\/wp-json\/wp\/v2\/brand?post=53311"}],"curies":[{"name":"wp","href":"https:\/\/api.w.org\/{rel}","templated":true}]}}