
{"id":53341,"date":"2023-10-29T14:20:10","date_gmt":"2023-10-29T14:20:10","guid":{"rendered":"https:\/\/azurefilm.com\/product\/unset-pla-strongman\/"},"modified":"2025-12-19T08:25:31","modified_gmt":"2025-12-19T08:25:31","slug":"unset-pla-strongman","status":"publish","type":"product","link":"https:\/\/azurefilm.com\/de\/produkt\/unset-pla-strongman\/","title":{"rendered":"Unset PLA Strongman"},"content":{"rendered":"<h2><b>PLA Strongman<\/b><\/h2>\n<p><span style=\"font-weight: 400;\">PLA Strongman Filament ist <\/span><b>ein einzigartiges Material<\/b><span style=\"font-weight: 400;\">, das<\/span><b> robust, sto\u00dffest<\/b><span style=\"font-weight: 400;\"> und dennoch <\/span><b>sehr einfach zu drucken ist. <\/b> <span style=\"font-weight: 400;\">Vor der Einf\u00fchrung von PLA Strongman bot kein anderes Filament die Kombination aus einfacher Druckbarkeit und hervorragenden mechanischen Eigenschaften. In Zusammenarbeit mit einer f\u00fchrenden Universit\u00e4t, die sich auf Polymercharakterisierung spezialisiert hat, haben wir dieses bemerkenswerte Filament entwickelt, das jetzt <\/span><b>eines der<\/b> <b>meistverkauften Materialien<\/b><span style=\"font-weight: 400;\"> ist.<\/span><\/p>\n<h2><b>Unset PLA Strongman<\/b><\/h2>\n<p><span style=\"font-weight: 400;\">AzureFilm Unset Filamente erm\u00f6glichen Ihnen, <\/span><b>umweltfreundliche<\/b><span style=\"font-weight: 400;\"> Optionen f\u00fcr Ihre kommenden Projekte zu nutzen. Diese <\/span><b>umweltbewussten<\/b><span style=\"font-weight: 400;\"> Filamente werden aus \u00fcbersch\u00fcssigen Materialien w\u00e4hrend unserer Produktionsprozesse hergestellt, was sie zu einer nachhaltigen Wahl macht. Durch die Nutzung von <\/span><b>100% recycelten Materialien<\/b><span style=\"font-weight: 400;\"> tragen Unset Filamente zur Abfallreduzierung bei. Jede Bestellung bringt eine einzigartige Farbe. <\/span><\/p>\n<p><span style=\"font-weight: 400;\">Sie k\u00f6nnen das <\/span><b>Technische Datenblatt<\/b> <span style=\"font-weight: 400;\"><a href=\"https:\/\/azurefilm.com\/de\/technical-data-sheets\/\">hie<\/a><\/span><span style=\"font-weight: 400;\"><a href=\"https:\/\/azurefilm.com\/de\/technical-data-sheets\/\">r<\/a>.<\/span><\/p>\n<h3><strong>Druckempfehlungen:<\/strong><\/h3>\n<ul>\n<li style=\"font-weight: 400;\" aria-level=\"1\"><span style=\"font-weight: 400;\">Drucken Sie bei einer Temperatur von 200\u2013230\u00b0C f\u00fcr beste Ergebnisse. <\/span><\/li>\n<li style=\"font-weight: 400;\" aria-level=\"1\"><span style=\"font-weight: 400;\">Die empfohlene Temperatur f\u00fcr den Drucktisch betr\u00e4gt 50\u201360\u00b0C.<\/span><\/li>\n<li style=\"font-weight: 400;\" aria-level=\"1\"><span style=\"font-weight: 400;\">Verwenden Sie ein Glasbett, eine PEI-Folie, Kapton oder Blaues Klebeband f\u00fcr die Bauplattform mit 3Dlac-Spray.<\/span><\/li>\n<\/ul>\n<p><i><span style=\"font-weight: 400;\">*Die ideale Temperatur kann je nach verwendetem Drucker variieren.<\/span><\/i><\/p>\n","protected":false},"excerpt":{"rendered":"<p>Tragen Sie zu einem nachhaltigen Lebensstil bei und holen Sie sich unser recyceltes Unset PLA Strongman.<\/p>\n","protected":false},"featured_media":114548,"comment_status":"closed","ping_status":"closed","template":"","meta":{"_acf_changed":false},"product_brand":[],"product_cat":[1959,1669,1672,1671,1843,1670,1841,2102],"product_tag":[1675,1839,1844],"brand":[],"class_list":{"0":"post-53341","1":"product","2":"type-product","3":"status-publish","4":"has-post-thumbnail","6":"product_cat-pla-strongman-de","7":"product_cat-3d-filamente","8":"product_cat-alle-filamente","9":"product_cat-angebote","10":"product_cat-oko-filamente","11":"product_cat-pla-filamente","12":"product_cat-unset-filamente","13":"product_cat-unset-pla-strongman-de","14":"product_tag-high-speed","15":"product_tag-oko","16":"product_tag-zufallige-farbe","17":"pa_colour-random","18":"pa_filament-diameter-1-75mm","19":"pa_filament-weight-1000g","21":"first","22":"instock","23":"sale","24":"taxable","25":"shipping-taxable","26":"purchasable","27":"product-type-variable","28":"has-default-attributes"},"acf":[],"_links":{"self":[{"href":"https:\/\/azurefilm.com\/de\/wp-json\/wp\/v2\/product\/53341","targetHints":{"allow":["GET"]}}],"collection":[{"href":"https:\/\/azurefilm.com\/de\/wp-json\/wp\/v2\/product"}],"about":[{"href":"https:\/\/azurefilm.com\/de\/wp-json\/wp\/v2\/types\/product"}],"replies":[{"embeddable":true,"href":"https:\/\/azurefilm.com\/de\/wp-json\/wp\/v2\/comments?post=53341"}],"wp:featuredmedia":[{"embeddable":true,"href":"https:\/\/azurefilm.com\/de\/wp-json\/wp\/v2\/media\/114548"}],"wp:attachment":[{"href":"https:\/\/azurefilm.com\/de\/wp-json\/wp\/v2\/media?parent=53341"}],"wp:term":[{"taxonomy":"product_brand","embeddable":true,"href":"https:\/\/azurefilm.com\/de\/wp-json\/wp\/v2\/product_brand?post=53341"},{"taxonomy":"product_cat","embeddable":true,"href":"https:\/\/azurefilm.com\/de\/wp-json\/wp\/v2\/product_cat?post=53341"},{"taxonomy":"product_tag","embeddable":true,"href":"https:\/\/azurefilm.com\/de\/wp-json\/wp\/v2\/product_tag?post=53341"},{"taxonomy":"brand","embeddable":true,"href":"https:\/\/azurefilm.com\/de\/wp-json\/wp\/v2\/brand?post=53341"}],"curies":[{"name":"wp","href":"https:\/\/api.w.org\/{rel}","templated":true}]}}