
{"id":53351,"date":"2023-10-29T14:20:10","date_gmt":"2023-10-29T14:20:10","guid":{"rendered":"https:\/\/azurefilm.com\/product\/carbon-fiber-pet-filament\/"},"modified":"2024-11-21T13:23:01","modified_gmt":"2024-11-21T13:23:01","slug":"carbon-fiber-pet-filament","status":"publish","type":"product","link":"https:\/\/azurefilm.com\/de\/produkt\/carbon-fiber-pet-filament\/","title":{"rendered":"Carbon Fiber PET Filament"},"content":{"rendered":"<h2><strong>Carbon Fiber PET Filamente<\/strong><\/h2>\n<p><span style=\"font-weight: 400;\">Carbon Fiber PET Filamente bestehen aus PET (Polyethylenterephthalat) und Kohlenstofffasern. Diese Filamente haben eine <\/span><b>gehackte kohlenstofffaserverst\u00e4rkte Struktur<\/b><span style=\"font-weight: 400;\">, die sie <\/span><b>\u00fcberlegen in Schlagz\u00e4higkeit, Festigkeit und geringer Wasseraufnahme macht<\/b><span style=\"font-weight: 400;\">. Carbon Fiber PET allows <\/span><b>kontinuierliche Nutzung f\u00fcr 3 Stunden bis zu 125\u00b0C<\/b><span style=\"font-weight: 400;\"> und <\/span><b>kontinuierliche Nutzung f\u00fcr 10 Stunden bis zu 100\u00b0C<\/b><span style=\"font-weight: 400;\">. <\/span><\/p>\n<p><span style=\"font-weight: 400;\">Aufgrund seiner Eigenschaften hat Carbon Fiber PET viele verschiedene Anwendungen wie funktionale Prototypen, mechanische Teile, Robotikkomponenten, Drohnen und UAVs, Automobilteile, Luft- und Raumfahrtkomponenten, Sportausr\u00fcstung, industrielle Werkzeuge, elektrische Geh\u00e4use, ma\u00dfgeschneiderte Gadgets und Zubeh\u00f6r. <\/span><\/p>\n<p><span style=\"font-weight: 400;\">Da die Dicke der Fasern zwischen 0,4mm und 0,6mm variiert, empfehlen wir die Verwendung einer <\/span><b>abriebfesten 0,6mm D\u00fcse<\/b><span style=\"font-weight: 400;\">. Carbon Fiber PAHT can be printed without an enclosed printer but we <\/span><b>empfehlen wir die Verwendung eines Geh\u00e4uses oder eines geschlossenen 3D-Druckers f\u00fcr bessere Ergebnisse<\/b><span style=\"font-weight: 400;\">.<\/span><\/p>\n<h3><strong>Carbon Fiber PET Filament<\/strong><\/h3>\n<p>Heben Sie Ihre Druckprojekte mit dem \u00e4sthetischen und fortschrittlichen Carbon Fiber PET Filament auf ein neues Niveau.<\/p>\n<p><span style=\"font-weight: 400;\">Um mehr \u00fcber Carbon Fiber Filamente zu erfahren, lesen Sie unseren <a href=\"https:\/\/azurefilm.com\/de\/2023\/07\/26\/carbon-fiber-filamente-alles-was-sie-wissen-muessen\/\">Blog<\/a>. <\/span><span style=\"font-weight: 400;\"><br \/>\n<\/span><\/p>\n<p><span style=\"font-weight: 400;\">Sie k\u00f6nnen das <\/span><b>Technische Datenblatt<\/b> <span style=\"font-weight: 400;\"><a href=\"https:\/\/azurefilm.com\/de\/technical-data-sheets\/\">hier<\/a>.<\/span><\/p>\n<h3><strong>Druckempfehlungen:<\/strong><\/h3>\n<ul>\n<li style=\"font-weight: 400;\" aria-level=\"1\"><span style=\"font-weight: 400;\">F\u00fcr die besten Ergebnisse drucken Sie bei 245\u2013270\u00b0C. <\/span><\/li>\n<li style=\"font-weight: 400;\" aria-level=\"1\"><span style=\"font-weight: 400;\">Empfohlene Druckbett-Temperatur ist 80\u201390\u00b0C. <\/span><\/li>\n<li style=\"font-weight: 400;\" aria-level=\"1\"><span style=\"font-weight: 400;\">Verwenden Sie ein Glasbett, Kapton oder Blue Tape f\u00fcr die Bauplattform mit Dimafix-Spray.<\/span><\/li>\n<li style=\"font-weight: 400;\" aria-level=\"1\"><span style=\"font-weight: 400;\">Wir empfehlen die Verwendung einer mindestens 0,6mm abriebfesten D\u00fcse.<\/span><\/li>\n<\/ul>\n<p><i><span style=\"font-weight: 400;\">*Die ideale Temperatur kann je nach verwendetem Drucker variieren.<\/span><\/i><\/p>\n<h3><strong>Zus\u00e4tzliche Anforderungen f\u00fcr die Arbeit mit Carbon Fiber PET Filamenten:<\/strong><\/h3>\n<ul>\n<li style=\"font-weight: 400;\" aria-level=\"1\"><span style=\"font-weight: 400;\">Beheiztes Druckbett<\/span><\/li>\n<li style=\"font-weight: 400;\" aria-level=\"1\"><span style=\"font-weight: 400;\">Geh\u00e4rtete D\u00fcse &#8211; Aufgrund seiner abrasiven Struktur wird das Filament die Standard-Messingd\u00fcse schnell abnutzen. Sie ben\u00f6tigen eine D\u00fcse, die nicht verstopft (0,6mm) und h\u00f6heren Temperaturen standh\u00e4lt. <\/span><\/li>\n<li style=\"font-weight: 400;\" aria-level=\"1\"><span style=\"font-weight: 400;\">Beheizte Filamentkammer ist optional, aber f\u00fcr die beste Produktqualit\u00e4t empfehlen wir, Ihre Filamente jederzeit an einem trockenen Ort aufzubewahren.<\/span><\/li>\n<li style=\"font-weight: 400;\" aria-level=\"1\"><span style=\"font-weight: 400;\">Geschlossene Umgebung &#8211; Sicherstellung einer konsistenten kontrollierten Umgebung ist optional, aber sehr empfehlenswert. <\/span><\/li>\n<\/ul>\n","protected":false},"excerpt":{"rendered":"<p>Heben Sie Ihre Druckprojekte mit dem \u00e4sthetischen und fortschrittlichen Carbon Fiber PET Filament auf ein neues Niveau.<\/p>\n","protected":false},"featured_media":53353,"comment_status":"closed","ping_status":"closed","template":"","meta":{"_acf_changed":false},"product_brand":[],"product_cat":[1669,1672,1671,2028,2029],"product_tag":[],"brand":[267],"class_list":{"0":"post-53351","1":"product","2":"type-product","3":"status-publish","4":"has-post-thumbnail","6":"product_cat-3d-filamente","7":"product_cat-alle-filamente","8":"product_cat-angebote","9":"product_cat-carbon-fiber-filamente","10":"product_cat-carbon-fiber-pet-de","11":"pa_colour-black","12":"pa_filament-diameter-1-75mm","13":"pa_filament-diameter-2-85mm","14":"pa_filament-weight-1000g","15":"pa_filament-weight-500g","16":"brand-azurefilm","18":"first","19":"instock","20":"sale","21":"taxable","22":"shipping-taxable","23":"purchasable","24":"product-type-variable","25":"has-default-attributes"},"acf":[],"_links":{"self":[{"href":"https:\/\/azurefilm.com\/de\/wp-json\/wp\/v2\/product\/53351","targetHints":{"allow":["GET"]}}],"collection":[{"href":"https:\/\/azurefilm.com\/de\/wp-json\/wp\/v2\/product"}],"about":[{"href":"https:\/\/azurefilm.com\/de\/wp-json\/wp\/v2\/types\/product"}],"replies":[{"embeddable":true,"href":"https:\/\/azurefilm.com\/de\/wp-json\/wp\/v2\/comments?post=53351"}],"wp:featuredmedia":[{"embeddable":true,"href":"https:\/\/azurefilm.com\/de\/wp-json\/wp\/v2\/media\/53353"}],"wp:attachment":[{"href":"https:\/\/azurefilm.com\/de\/wp-json\/wp\/v2\/media?parent=53351"}],"wp:term":[{"taxonomy":"product_brand","embeddable":true,"href":"https:\/\/azurefilm.com\/de\/wp-json\/wp\/v2\/product_brand?post=53351"},{"taxonomy":"product_cat","embeddable":true,"href":"https:\/\/azurefilm.com\/de\/wp-json\/wp\/v2\/product_cat?post=53351"},{"taxonomy":"product_tag","embeddable":true,"href":"https:\/\/azurefilm.com\/de\/wp-json\/wp\/v2\/product_tag?post=53351"},{"taxonomy":"brand","embeddable":true,"href":"https:\/\/azurefilm.com\/de\/wp-json\/wp\/v2\/brand?post=53351"}],"curies":[{"name":"wp","href":"https:\/\/api.w.org\/{rel}","templated":true}]}}