
{"id":53362,"date":"2023-10-29T14:20:42","date_gmt":"2023-10-29T14:20:42","guid":{"rendered":"https:\/\/azurefilm.com\/product\/unset-pc-abs\/"},"modified":"2024-11-21T13:48:15","modified_gmt":"2024-11-21T13:48:15","slug":"unset-pc-abs","status":"publish","type":"product","link":"https:\/\/azurefilm.com\/de\/produkt\/unset-pc-abs\/","title":{"rendered":"Unset PC ABS"},"content":{"rendered":"<h2><strong>PC ABS<\/strong><\/h2>\n<p><span style=\"font-weight: 400;\">PC ABS ist ein unglaublich starkes Material in Automobilqualit\u00e4t, perfekt f\u00fcr mechanische Teile und technische Anwendungen. Die Zugabe von Polycarbonat (PC) zu Acrylnitril-Butadien-Styrol (ABS) schafft ein Material, das sich reibungslos drucken l\u00e4sst und nahezu perfekte Schichtverbindungen aufweist. Das Endergebnis ist ein hochwertiger Druck, der leicht, langlebig und mit einer glatten Oberfl\u00e4chenglanz ist. <\/span><\/p>\n<p><span style=\"font-weight: 400;\">Um mehr \u00fcber PC ABS Filamente zu erfahren, lesen Sie unseren <a href=\"https:\/\/azurefilm.com\/de\/2024\/03\/07\/pc-abs-neue-und-verbesserte-formel\/\" target=\"_blank\" rel=\"noopener\"><strong>Blog<\/strong><\/a>. <\/span><\/p>\n<h2><strong>Unset PC ABS<\/strong><\/h2>\n<p><span style=\"font-weight: 400;\">Die Unset Filamente sind Ihre <\/span><b>\u00d6ko-Wahl<\/b><span style=\"font-weight: 400;\"> f\u00fcr die n\u00e4chsten Projekte. Diese Filamente werden aus \u00fcbersch\u00fcssigem Material hergestellt, das w\u00e4hrend unserer Produktionsprozesse anf\u00e4llt. Das bedeutet, dass Unset Filament aus <\/span> <b> 100% recycelten Materialien<\/b><span style=\"font-weight: 400;\"> besteht und <\/span><b>Abfall reduziert<\/b><span style=\"font-weight: 400;\">. The colour of these filaments changes with every order because of the different combinations of recycled material colours. <\/span><\/p>\n<h3><strong>Druckempfehlungen:*<\/strong><\/h3>\n<ul>\n<li style=\"font-weight: 400;\" aria-level=\"1\"><span style=\"font-weight: 400;\">F\u00fcr beste Ergebnisse drucken Sie bei 265\u2013285\u00b0C.<\/span><\/li>\n<li style=\"font-weight: 400;\" aria-level=\"1\"><span style=\"font-weight: 400;\">Empfohlene Druckbett-Temperatur ist 110\u00b0C. <\/span><b>Dieses Material muss mit einem geschlossenen 3D-Drucker gedruckt werden.<\/b><\/li>\n<\/ul>\n<p><span style=\"font-weight: 400;\">*<\/span><i><span style=\"font-weight: 400;\">Die ideale Temperatur kann je nach verwendetem Drucker variieren.<\/span><\/i><\/p>\n<div class=\"is-divider divider clearfix\" style=\"max-width:100%;height:1px;background-color:rgb(17, 107, 168);\"><\/div>\n<h3><strong>Anwendungen<\/strong><\/h3>\n<p><span style=\"font-weight: 400;\">PC ABS Filament wird in der 3D-Druckindustrie aufgrund seiner einzigartigen Kombination aus Z\u00e4higkeit, hoher Hitzebest\u00e4ndigkeit (bis zu 122\u00b0C) und einfacher Druckbarkeit hoch gesch\u00e4tzt.<\/span><\/p>\n<p><img loading=\"lazy\" decoding=\"async\" class=\"alignright wp-image-29916 \" src=\"https:\/\/azurefilm.com\/wp-content\/uploads\/2024\/03\/pc-abs-spider-chart_EN.jpg\" alt=\"\" width=\"600\" height=\"434\" title=\"\" srcset=\"https:\/\/azurefilm.com\/wp-content\/uploads\/2024\/03\/pc-abs-spider-chart_EN.jpg 566w, https:\/\/azurefilm.com\/wp-content\/uploads\/2024\/03\/pc-abs-spider-chart_EN-510x369.jpg 510w, https:\/\/azurefilm.com\/wp-content\/uploads\/2024\/03\/pc-abs-spider-chart_EN-300x217.jpg 300w\" sizes=\"auto, (max-width: 600px) 100vw, 600px\" \/><\/p>\n<h4><strong>Funktionale Prototypen<\/strong><\/h4>\n<p><span style=\"font-weight: 400;\">PC ABS wird h\u00e4ufig zur Erstellung funktionaler Prototypen verwendet, die strengen Tests und Bewertungen standhalten m\u00fcssen. Funktionales Prototyping ist ein kritischer Schritt im Entwicklungsprozess in verschiedenen Branchen und liefert wertvolle Einblicke, wie das Endprodukt unter realen Bedingungen funktionieren wird, sowie erm\u00f6glicht Designanpassungen und Verbesserungen. Automobilkomponenten wie Bel\u00fcftungssysteme, Armaturenbrettprototypen und T\u00fcrgriffe k\u00f6nnen mit PC ABS 3D-gedruckt werden, um ihre Leistung unter Bedingungen wie mechanischer Belastung und hohen Temperaturen vollst\u00e4ndig zu testen. <\/span><\/p>\n<h4><strong>Komponenten f\u00fcr Konsumg\u00fcter<\/strong><\/h4>\n<p><span style=\"font-weight: 400;\">Aufgrund der hervorragenden Haltbarkeit und St\u00e4rke von PC ABS wird es verwendet, um Endverbrauchsteile f\u00fcr eine Vielzahl von Konsumg\u00fctern zu 3D-drucken. Zum Beispiel wird PC ABS verwendet, um ma\u00dfgeschneiderte Geh\u00e4use f\u00fcr elektronische Ger\u00e4te wie Handheld-Ger\u00e4te (Smartphones, Tablets) und Drohnen zu drucken. Die beeindruckende Hitze- und Schlagfestigkeit von PC ABS stellt sicher, dass die eingeschlossenen Elektroniken in verschiedenen Umgebungen gesch\u00fctzt sind. <\/span><\/p>\n<h4><strong>Ma\u00dfgeschneiderte Komponenten f\u00fcr die Fertigung<\/strong><\/h4>\n<p><span style=\"font-weight: 400;\">Die Vielseitigkeit von PC ABS macht es ideal f\u00fcr die Herstellung ma\u00dfgeschneiderter Vorrichtungen, Lehren und anderer Komponenten, die in Fertigungsprozessen verwendet werden. Dies kann Werkzeuge, Montagehilfen und ma\u00dfgeschneiderte Halterungen umfassen, die langlebig und widerstandsf\u00e4hig gegen\u00fcber industriellen Umgebungen sein m\u00fcssen. <\/span><\/p>\n<h3><strong>Produktlagerung<\/strong><\/h3>\n<p><span style=\"font-weight: 400;\">Wir empfehlen, das Filament in einem k\u00fchlen, trockenen, geschlossenen Raum mit einem Silica-Trockenmittelbeutel und fern von UV-Licht aufzubewahren.<\/span><\/p>\n<div class=\"is-divider divider clearfix\" style=\"max-width:100%;height:1px;background-color:rgb(17, 107, 168);\"><\/div>\n<h3><strong>Eigenschaften Merkmale<\/strong><\/h3>\n<table>\n<tbody>\n<tr>\n<th><span style=\"font-weight: 400;\"> Merkmal<\/span><\/th>\n<th><span style=\"font-weight: 400;\">Standard<\/span><\/th>\n<th><span style=\"font-weight: 400;\">XY-Wert <\/span><\/th>\n<th><span style=\"font-weight: 400;\">XZ-Wert<\/span><\/th>\n<th><span style=\"font-weight: 400;\">ZX-Wert<\/span><\/th>\n<th><span style=\"font-weight: 400;\">Einheit<\/span><\/th>\n<\/tr>\n<tr>\n<td><span style=\"font-weight: 400;\"> Zugfestigkeit<\/span><\/td>\n<td><span style=\"font-weight: 400;\">ISO 527-2<\/span><\/td>\n<td><span style=\"font-weight: 400;\">41.4<\/span><\/td>\n<td><span style=\"font-weight: 400;\">42.7<\/span><\/td>\n<td><span style=\"font-weight: 400;\">18.3<\/span><\/td>\n<td><span style=\"font-weight: 400;\">MPa<\/span><\/td>\n<\/tr>\n<tr>\n<td><span style=\"font-weight: 400;\"> Streckgrenze<\/span><\/td>\n<td><span style=\"font-weight: 400;\">ISO 527-2<\/span><\/td>\n<td><span style=\"font-weight: 400;\">33.3<\/span><\/td>\n<td><span style=\"font-weight: 400;\">32.8<\/span><\/td>\n<td><span style=\"font-weight: 400;\">\/<\/span><\/td>\n<td><span style=\"font-weight: 400;\">MPa<\/span><\/td>\n<\/tr>\n<tr>\n<td><span style=\"font-weight: 400;\"> Zugmodul<\/span><\/td>\n<td><span style=\"font-weight: 400;\">ISO 527-2<\/span><\/td>\n<td><span style=\"font-weight: 400;\">2000<\/span><\/td>\n<td><span style=\"font-weight: 400;\">2000<\/span><\/td>\n<td><span style=\"font-weight: 400;\">1800<\/span><\/td>\n<td><span style=\"font-weight: 400;\">MPa<\/span><\/td>\n<\/tr>\n<tr>\n<td><span style=\"font-weight: 400;\"> Dehnung bei Streckgrenze<\/span><\/td>\n<td><span style=\"font-weight: 400;\">ISO 527-2<\/span><\/td>\n<td><span style=\"font-weight: 400;\">5.3<\/span><\/td>\n<td><span style=\"font-weight: 400;\">4.0<\/span><\/td>\n<td><span style=\"font-weight: 400;\">1.2<\/span><\/td>\n<td><span style=\"font-weight: 400;\">%<\/span><\/td>\n<\/tr>\n<tr>\n<td><span style=\"font-weight: 400;\"> Biegefestigkeit<\/span><\/td>\n<td><span style=\"font-weight: 400;\">ISO 178<\/span><\/td>\n<td><span style=\"font-weight: 400;\">65.7<\/span><\/td>\n<td><span style=\"font-weight: 400;\">67.0<\/span><\/td>\n<td><span style=\"font-weight: 400;\">26.8<\/span><\/td>\n<td><span style=\"font-weight: 400;\">MPa<\/span><\/td>\n<\/tr>\n<tr>\n<td><span style=\"font-weight: 400;\"> Biegemodul<\/span><\/td>\n<td><span style=\"font-weight: 400;\">ISO 178<\/span><\/td>\n<td><span style=\"font-weight: 400;\">2100<\/span><\/td>\n<td><span style=\"font-weight: 400;\">2200<\/span><\/td>\n<td><span style=\"font-weight: 400;\">1900<\/span><\/td>\n<td><span style=\"font-weight: 400;\">MPa<\/span><\/td>\n<\/tr>\n<tr>\n<td><span style=\"font-weight: 400;\"> Schlagfestigkeit<\/span><\/td>\n<td><span style=\"font-weight: 400;\">ISO 179<\/span><\/td>\n<td><span style=\"font-weight: 400;\">25<\/span><\/td>\n<td><span style=\"font-weight: 400;\">\/<\/span><\/td>\n<td><span style=\"font-weight: 400;\">\/<\/span><\/td>\n<td><span style=\"font-weight: 400;\">kJ\/m\u00b2<\/span><\/td>\n<\/tr>\n<\/tbody>\n<\/table>\n<p><span style=\"font-weight: 400;\">Sie k\u00f6nnen auf das <\/span><b>Technische Datenblatt<\/b> <span style=\"font-weight: 400;\"><a href=\"https:\/\/azurefilm.com\/de\/technical-data-sheets\/\" target=\"_blank\" rel=\"noopener\"><strong>hier<\/strong><\/a> zugreifen. <\/span><\/p>\n","protected":false},"excerpt":{"rendered":"<p><span style=\"font-weight: 400;\">Unterst\u00fctzen Sie die Nachhaltigkeit, w\u00e4hrend Sie starke und zuverl\u00e4ssige Teile mit unserem recycelten Unset PC ABS drucken.<\/span><\/p>\n","protected":false},"featured_media":49542,"comment_status":"closed","ping_status":"closed","template":"","meta":{"_acf_changed":false},"product_brand":[],"product_cat":[2104,1669,1993,1672,1843,1841,2105],"product_tag":[1675,1839,1844],"brand":[267],"class_list":{"0":"post-53362","1":"product","2":"type-product","3":"status-publish","4":"has-post-thumbnail","6":"product_cat-pc-abs-filamente","7":"product_cat-3d-filamente","8":"product_cat-abs-filamente","9":"product_cat-alle-filamente","10":"product_cat-oko-filamente","11":"product_cat-unset-filamente","12":"product_cat-unset-pc-abs-de","13":"product_tag-high-speed","14":"product_tag-oko","15":"product_tag-zufallige-farbe","16":"pa_colour-random","17":"pa_filament-diameter-1-75mm","18":"pa_filament-weight-1000g","19":"brand-azurefilm","21":"first","22":"instock","23":"taxable","24":"shipping-taxable","25":"purchasable","26":"product-type-variable","27":"has-default-attributes"},"acf":[],"_links":{"self":[{"href":"https:\/\/azurefilm.com\/de\/wp-json\/wp\/v2\/product\/53362","targetHints":{"allow":["GET"]}}],"collection":[{"href":"https:\/\/azurefilm.com\/de\/wp-json\/wp\/v2\/product"}],"about":[{"href":"https:\/\/azurefilm.com\/de\/wp-json\/wp\/v2\/types\/product"}],"replies":[{"embeddable":true,"href":"https:\/\/azurefilm.com\/de\/wp-json\/wp\/v2\/comments?post=53362"}],"wp:featuredmedia":[{"embeddable":true,"href":"https:\/\/azurefilm.com\/de\/wp-json\/wp\/v2\/media\/49542"}],"wp:attachment":[{"href":"https:\/\/azurefilm.com\/de\/wp-json\/wp\/v2\/media?parent=53362"}],"wp:term":[{"taxonomy":"product_brand","embeddable":true,"href":"https:\/\/azurefilm.com\/de\/wp-json\/wp\/v2\/product_brand?post=53362"},{"taxonomy":"product_cat","embeddable":true,"href":"https:\/\/azurefilm.com\/de\/wp-json\/wp\/v2\/product_cat?post=53362"},{"taxonomy":"product_tag","embeddable":true,"href":"https:\/\/azurefilm.com\/de\/wp-json\/wp\/v2\/product_tag?post=53362"},{"taxonomy":"brand","embeddable":true,"href":"https:\/\/azurefilm.com\/de\/wp-json\/wp\/v2\/brand?post=53362"}],"curies":[{"name":"wp","href":"https:\/\/api.w.org\/{rel}","templated":true}]}}