
{"id":53367,"date":"2023-10-29T14:20:10","date_gmt":"2023-10-29T14:20:10","guid":{"rendered":"https:\/\/azurefilm.com\/product\/carbon-fiber-paht-filament\/"},"modified":"2024-11-21T13:15:04","modified_gmt":"2024-11-21T13:15:04","slug":"carbon-fiber-paht-filament","status":"publish","type":"product","link":"https:\/\/azurefilm.com\/de\/produkt\/carbon-fiber-paht-filament\/","title":{"rendered":"Carbon Fiber PAHT Filament"},"content":{"rendered":"<h2><b>Carbon Fiber PAHT Filamente<\/b><\/h2>\n<p><span style=\"font-weight: 400;\">Carbon Fiber PAHT Filamente enthalten Nylon und Kohlenstofffasern, die f\u00fcr den 3D-Druck geeignet sind. Diese Filamente sind aufgrund ihrer mechanischen Eigenschaften beliebt wie <\/span><b>hervorragende Abriebfestigkeit, gute chemische und Schlagfestigkeit, hohe Festigkeit und Steifigkeit<\/b><span style=\"font-weight: 400;\">. Carbon Fiber PAHT allows <\/span><b>kontinuierlicher Einsatz bis zu 160\u00b0C <\/b><span style=\"font-weight: 400;\">(max. 200 Stunden). <\/span><\/p>\n<p><span style=\"font-weight: 400;\">Aufgrund seiner Eigenschaften kann Carbon Fiber PAHT f\u00fcr viele verschiedene Anwendungen verwendet werden, wie funktionale Prototypen, Vorrichtungen und Werkzeuge, Verbundformen, leichte Komponenten, Hochtemperaturumgebungen und Teile, die Belastungen ausgesetzt sind.<\/span><\/p>\n<p><span style=\"font-weight: 400;\">Da die Dicke der Fasern zwischen 0,4mm und 0,6mm variiert, empfehlen wir die Verwendung einer <\/span><b>abriebfesten 0,6mm D\u00fcse<\/b><span style=\"font-weight: 400;\">. Carbon Fiber PAHT can be printed without an enclosed printer but we <\/span><b>empfehlen wir die Verwendung eines Geh\u00e4uses oder eines geschlossenen 3D-Druckers f\u00fcr bessere Ergebnisse<\/b><span style=\"font-weight: 400;\">.<\/span><\/p>\n<h3><strong>Carbon Fiber PAHT Filament<\/strong><\/h3>\n<p>Probieren Sie unser Carbon Fiber PAHT Filament, das f\u00fcr Hochleistungsdruck und ansprechende matte schwarze Designs entwickelt wurde.<\/p>\n<p><span style=\"font-weight: 400;\">Um mehr \u00fcber Carbon Fiber PAHT Filamente zu erfahren, lesen Sie unseren <a href=\"https:\/\/azurefilm.com\/de\/2023\/07\/26\/carbon-fiber-filamente-alles-was-sie-wissen-muessen\/\">Blog<\/a>. <\/span><span style=\"font-weight: 400;\"><br \/>\n<\/span><\/p>\n<p><span style=\"font-weight: 400;\">Sie k\u00f6nnen das <\/span><b>Technische Datenblatt<\/b> <span style=\"font-weight: 400;\"><a href=\"https:\/\/azurefilm.com\/de\/technical-data-sheets\/\">hier<\/a>.<\/span><\/p>\n<h3><strong>Druckempfehlungen:<\/strong><\/h3>\n<ul>\n<li style=\"font-weight: 400;\" aria-level=\"1\"><span style=\"font-weight: 400;\">F\u00fcr die besten Ergebnisse drucken Sie bei 270\u2013290\u00b0C. <\/span><\/li>\n<li style=\"font-weight: 400;\" aria-level=\"1\"><span style=\"font-weight: 400;\">Empfohlene Druckbetttemperatur ist 90\u2013120\u00b0C. <\/span><\/li>\n<li style=\"font-weight: 400;\" aria-level=\"1\"><span style=\"font-weight: 400;\">Verwenden Sie ein Glasbett, Kapton oder Blue Tape f\u00fcr die Bauplattform mit Dimafix-Spray.<\/span><\/li>\n<li style=\"font-weight: 400;\" aria-level=\"1\"><span style=\"font-weight: 400;\">Wir empfehlen die Verwendung einer mindestens 0,6mm abriebfesten D\u00fcse.<\/span><\/li>\n<\/ul>\n<p><i><span style=\"font-weight: 400;\">*Die ideale Temperatur kann je nach verwendetem Drucker variieren.<\/span><\/i><\/p>\n<h3><strong>Zus\u00e4tzliche Anforderungen f\u00fcr die Arbeit mit Carbon Fiber PAHT Filamenten:<\/strong><\/h3>\n<ul>\n<li style=\"font-weight: 400;\" aria-level=\"1\"><span style=\"font-weight: 400;\">Beheiztes Druckbett<\/span><\/li>\n<li style=\"font-weight: 400;\" aria-level=\"1\"><span style=\"font-weight: 400;\">Geh\u00e4rtete D\u00fcse &#8211; Aufgrund seiner abrasiven Struktur wird das Filament die Standard-Messingd\u00fcse in kurzer Zeit abnutzen. Eine abriebfeste D\u00fcse ist f\u00fcr diesen Filamenttyp erforderlich. Da diese D\u00fcsentypen in der Regel weniger leitf\u00e4hig sind als Standardd\u00fcsen, werden normalerweise h\u00f6here Extrudertemperaturen empfohlen. <\/span><\/li>\n<li style=\"font-weight: 400;\" aria-level=\"1\"><span style=\"font-weight: 400;\">Beheizte Filamentkammer ist optional, aber f\u00fcr die beste Produktqualit\u00e4t empfehlen wir, Ihre Filamente jederzeit an einem trockenen Ort aufzubewahren.<\/span><\/li>\n<li style=\"font-weight: 400;\" aria-level=\"1\"><span style=\"font-weight: 400;\">Geschlossene Umgebung &#8211; Sicherstellung einer konsistenten kontrollierten Umgebung ist optional, aber sehr empfehlenswert. <\/span><\/li>\n<\/ul>\n","protected":false},"excerpt":{"rendered":"<p>Probieren Sie unser Carbon Fiber PAHT Filament, das f\u00fcr Hochleistungsdruck und ansprechende matte schwarze Designs entwickelt wurde.<\/p>\n","protected":false},"featured_media":53369,"comment_status":"closed","ping_status":"closed","template":"","meta":{"_acf_changed":false},"product_brand":[],"product_cat":[1669,1672,1671,2028,2031],"product_tag":[],"brand":[267],"class_list":{"0":"post-53367","1":"product","2":"type-product","3":"status-publish","4":"has-post-thumbnail","6":"product_cat-3d-filamente","7":"product_cat-alle-filamente","8":"product_cat-angebote","9":"product_cat-carbon-fiber-filamente","10":"product_cat-carbon-fiber-paht-de","11":"pa_colour-black","12":"pa_filament-diameter-1-75mm","13":"pa_filament-diameter-2-85mm","14":"pa_filament-weight-500g","15":"pa_filament-weight-750g","16":"brand-azurefilm","18":"first","19":"instock","20":"sale","21":"taxable","22":"shipping-taxable","23":"purchasable","24":"product-type-variable","25":"has-default-attributes"},"acf":[],"_links":{"self":[{"href":"https:\/\/azurefilm.com\/de\/wp-json\/wp\/v2\/product\/53367","targetHints":{"allow":["GET"]}}],"collection":[{"href":"https:\/\/azurefilm.com\/de\/wp-json\/wp\/v2\/product"}],"about":[{"href":"https:\/\/azurefilm.com\/de\/wp-json\/wp\/v2\/types\/product"}],"replies":[{"embeddable":true,"href":"https:\/\/azurefilm.com\/de\/wp-json\/wp\/v2\/comments?post=53367"}],"wp:featuredmedia":[{"embeddable":true,"href":"https:\/\/azurefilm.com\/de\/wp-json\/wp\/v2\/media\/53369"}],"wp:attachment":[{"href":"https:\/\/azurefilm.com\/de\/wp-json\/wp\/v2\/media?parent=53367"}],"wp:term":[{"taxonomy":"product_brand","embeddable":true,"href":"https:\/\/azurefilm.com\/de\/wp-json\/wp\/v2\/product_brand?post=53367"},{"taxonomy":"product_cat","embeddable":true,"href":"https:\/\/azurefilm.com\/de\/wp-json\/wp\/v2\/product_cat?post=53367"},{"taxonomy":"product_tag","embeddable":true,"href":"https:\/\/azurefilm.com\/de\/wp-json\/wp\/v2\/product_tag?post=53367"},{"taxonomy":"brand","embeddable":true,"href":"https:\/\/azurefilm.com\/de\/wp-json\/wp\/v2\/brand?post=53367"}],"curies":[{"name":"wp","href":"https:\/\/api.w.org\/{rel}","templated":true}]}}