
{"id":53384,"date":"2023-10-29T14:20:42","date_gmt":"2023-10-29T14:20:42","guid":{"rendered":"https:\/\/azurefilm.com\/product\/unset-abs-plus\/"},"modified":"2025-12-19T08:25:31","modified_gmt":"2025-12-19T08:25:31","slug":"unset-abs-plus","status":"publish","type":"product","link":"https:\/\/azurefilm.com\/de\/produkt\/unset-abs-plus\/","title":{"rendered":"Unset ABS PLUS"},"content":{"rendered":"<h2><b>ABS PLUS Filamente<\/b><\/h2>\n<p><span style=\"font-weight: 400;\">ABS PLUS Filamente sind technische Filamente, die sich perfekt f\u00fcr Anwendungen eignen, die <\/span><b>ultrahohe Schlagz\u00e4higkeit<\/b><span style=\"font-weight: 400;\"> und <\/span><b>gute W\u00e4rmebest\u00e4ndigkeit<\/b> erfordern.<span style=\"font-weight: 400;\">. One of its benefits also includes <\/span><b>gute Flexibilit\u00e4t. <\/b><\/p>\n<p><span style=\"font-weight: 400;\">PLUS steht f\u00fcr unsere geheimen Zutaten, die dieses Material<\/span><b> noch st\u00e4rker machen als regul\u00e4res ABS<\/b><span style=\"font-weight: 400;\">. The material withstands temperatures up to 85\u00b0C which makes it great for outdoor and technical applications. <\/span><\/p>\n<p><span style=\"font-weight: 400;\">Dieses Material kann ohne geschlossenen Drucker gedruckt werden, aber wir <\/span><b>empfehlen dringend die Verwendung eines Geh\u00e4uses oder eines geschlossenen 3D-Druckers<\/b><span style=\"font-weight: 400;\">.<\/span><\/p>\n<h2><b>Unset ABS PLUS<\/b><\/h2>\n<p><span style=\"font-weight: 400;\">AzureFilm Unset Filamente erm\u00f6glichen Ihnen, <\/span><b>umweltfreundliche<\/b><span style=\"font-weight: 400;\"> Optionen f\u00fcr Ihre kommenden Projekte zu nutzen. Diese <\/span><b>umweltbewussten<\/b><span style=\"font-weight: 400;\"> Filamente werden aus \u00fcbersch\u00fcssigen Materialien hergestellt, die wir w\u00e4hrend unserer Produktionsprozesse erhalten, was sie zu einer nachhaltigen Wahl macht. Durch die Nutzung von <\/span><b>100% recycelten Materialien<\/b><span style=\"font-weight: 400;\"> tragen Unset Filamente zur Abfallreduzierung bei. Jede Bestellung bringt eine einzigartige Farbe. <\/span><\/p>\n<p><span style=\"font-weight: 400;\">Sie k\u00f6nnen das <\/span><b>Technische Datenblatt<\/b> <span style=\"font-weight: 400;\"><a href=\"https:\/\/azurefilm.com\/de\/technical-data-sheets\/\">hier<\/a>.<\/span><\/p>\n<h3><strong>Druckempfehlungen:<\/strong><\/h3>\n<ul>\n<li style=\"font-weight: 400;\" aria-level=\"1\"><span style=\"font-weight: 400;\">F\u00fcr beste Ergebnisse drucken Sie bei 240\u2013260\u00b0C. <\/span><\/li>\n<li style=\"font-weight: 400;\" aria-level=\"1\"><span style=\"font-weight: 400;\">Die empfohlene Druckbetttemperatur liegt bei 90\u2013120\u00b0C. Wir empfehlen die Verwendung eines Geh\u00e4uses oder eines geschlossenen 3D-Druckers. <\/span><\/li>\n<li style=\"font-weight: 400;\" aria-level=\"1\"><span style=\"font-weight: 400;\">Verwenden Sie ein Glasbett, eine PEI-Folie, Kapton oder Blaues Klebeband f\u00fcr die Bauplattform mit 3Dlac-Spray.<\/span><\/li>\n<\/ul>\n<p><i><span style=\"font-weight: 400;\">*Die ideale Temperatur kann je nach verwendetem Drucker variieren.<\/span><\/i><\/p>\n","protected":false},"excerpt":{"rendered":"<p>Beginnen Sie verantwortungsbewusst zu kreieren mit unserem hochwertigen recycelten Unset ABS PLUS.<\/p>\n","protected":false},"featured_media":49543,"comment_status":"closed","ping_status":"closed","template":"","meta":{"_acf_changed":false},"product_brand":[],"product_cat":[1992,1669,1993,1672,1671,1843,2107,1841],"product_tag":[1675,1839,1844],"brand":[267],"class_list":{"0":"post-53384","1":"product","2":"type-product","3":"status-publish","4":"has-post-thumbnail","6":"product_cat-abs-plus-filamente","7":"product_cat-3d-filamente","8":"product_cat-abs-filamente","9":"product_cat-alle-filamente","10":"product_cat-angebote","11":"product_cat-oko-filamente","12":"product_cat-unset-abs-plus-de","13":"product_cat-unset-filamente","14":"product_tag-high-speed","15":"product_tag-oko","16":"product_tag-zufallige-farbe","17":"pa_colour-random","18":"pa_filament-diameter-1-75mm","19":"pa_filament-weight-1000g","20":"brand-azurefilm","22":"first","23":"instock","24":"sale","25":"taxable","26":"shipping-taxable","27":"purchasable","28":"product-type-variable","29":"has-default-attributes"},"acf":[],"_links":{"self":[{"href":"https:\/\/azurefilm.com\/de\/wp-json\/wp\/v2\/product\/53384","targetHints":{"allow":["GET"]}}],"collection":[{"href":"https:\/\/azurefilm.com\/de\/wp-json\/wp\/v2\/product"}],"about":[{"href":"https:\/\/azurefilm.com\/de\/wp-json\/wp\/v2\/types\/product"}],"replies":[{"embeddable":true,"href":"https:\/\/azurefilm.com\/de\/wp-json\/wp\/v2\/comments?post=53384"}],"wp:featuredmedia":[{"embeddable":true,"href":"https:\/\/azurefilm.com\/de\/wp-json\/wp\/v2\/media\/49543"}],"wp:attachment":[{"href":"https:\/\/azurefilm.com\/de\/wp-json\/wp\/v2\/media?parent=53384"}],"wp:term":[{"taxonomy":"product_brand","embeddable":true,"href":"https:\/\/azurefilm.com\/de\/wp-json\/wp\/v2\/product_brand?post=53384"},{"taxonomy":"product_cat","embeddable":true,"href":"https:\/\/azurefilm.com\/de\/wp-json\/wp\/v2\/product_cat?post=53384"},{"taxonomy":"product_tag","embeddable":true,"href":"https:\/\/azurefilm.com\/de\/wp-json\/wp\/v2\/product_tag?post=53384"},{"taxonomy":"brand","embeddable":true,"href":"https:\/\/azurefilm.com\/de\/wp-json\/wp\/v2\/brand?post=53384"}],"curies":[{"name":"wp","href":"https:\/\/api.w.org\/{rel}","templated":true}]}}