
{"id":53391,"date":"2023-10-29T14:20:42","date_gmt":"2023-10-29T14:20:42","guid":{"rendered":"https:\/\/azurefilm.com\/product\/unset-asa\/"},"modified":"2026-03-08T16:54:40","modified_gmt":"2026-03-08T16:54:40","slug":"unset-asa","status":"publish","type":"product","link":"https:\/\/azurefilm.com\/de\/produkt\/unset-asa\/","title":{"rendered":"Unset ASA"},"content":{"rendered":"<h2><b>ASA Filamente<\/b><\/h2>\n<p><span style=\"font-weight: 400;\">ASA Filamente sind eines der beliebtesten technischen Filamente auf dem Markt, weil sie <\/span><b>hohe UV-, Wasser- und Chemikalienbest\u00e4ndigkeit<\/b><span style=\"font-weight: 400;\">. Due to its <\/span><b>optimale Leistung<\/b><span style=\"font-weight: 400;\"> und <\/span><b>Langlebigkeit in anspruchsvollen Umgebungen<\/b><span style=\"font-weight: 400;\">, dieses Material ist perfekt f\u00fcr elektrische Geh\u00e4use, Werkzeuge, Au\u00dfenanwendungen, Sportartikel, geformte Komponenten und andere \u00e4hnliche Anwendungen. Dar\u00fcber hinaus sind einige wichtige Teile der AzureFilm-Produktionslinie aus ASA-Filamenten gedruckt. <\/span><\/p>\n<p><span style=\"font-weight: 400;\">Dieses Material kann ohne geschlossenen Drucker gedruckt werden, aber wir <\/span><b>empfehlen dringend die Verwendung eines Geh\u00e4uses oder eines geschlossenen 3D-Druckers<\/b><span style=\"font-weight: 400;\">.<\/span><\/p>\n<h2><b>Unset ASA<\/b><\/h2>\n<p><span style=\"font-weight: 400;\">AzureFilm Unset Filamente erm\u00f6glichen Ihnen, <\/span><b>umweltfreundliche<\/b><span style=\"font-weight: 400;\"> Optionen f\u00fcr Ihre kommenden Projekte zu nutzen. Diese <\/span><b>umweltbewussten<\/b><span style=\"font-weight: 400;\"> Filamente werden aus \u00fcbersch\u00fcssigen Materialien hergestellt, die wir w\u00e4hrend unserer Produktionsprozesse erhalten, was sie zu einer nachhaltigen Wahl macht. Durch die Nutzung von <\/span><b>100% recycelten Materialien<\/b><span style=\"font-weight: 400;\"> tragen Unset Filamente zur Abfallreduzierung bei. Jede Bestellung bringt eine einzigartige Farbe. <\/span><\/p>\n<p><span style=\"font-weight: 400;\">Sie k\u00f6nnen das <\/span><b>Technische Datenblatt<\/b> <span style=\"font-weight: 400;\"><a href=\"https:\/\/azurefilm.com\/de\/technical-data-sheets\/\">hier<\/a>.<\/span><\/p>\n<h3><strong>Druckempfehlungen:<\/strong><\/h3>\n<ul>\n<li style=\"font-weight: 400;\" aria-level=\"1\"><span style=\"font-weight: 400;\">F\u00fcr beste Ergebnisse drucken Sie bei 240\u2013260\u00b0C. <\/span><\/li>\n<li style=\"font-weight: 400;\" aria-level=\"1\"><span style=\"font-weight: 400;\">Die empfohlene Druckbetttemperatur liegt bei 90\u2013120\u00b0C. Wir empfehlen die Verwendung eines Geh\u00e4uses oder eines geschlossenen 3D-Druckers. <\/span><\/li>\n<li style=\"font-weight: 400;\" aria-level=\"1\"><span style=\"font-weight: 400;\">Verwenden Sie ein Glasbett, eine PEI-Folie, Kapton oder Blaues Klebeband f\u00fcr die Bauplattform mit 3Dlac-Spray.<\/span><\/li>\n<\/ul>\n<p><i><span style=\"font-weight: 400;\">*Die ideale Temperatur kann je nach verwendetem Drucker variieren.<\/span><\/i><\/p>\n","protected":false},"excerpt":{"rendered":"<p>Beginnen Sie mit der Erstellung von 3D-Drucken mit hoher UV- und Chemikalienbest\u00e4ndigkeit, aber bleiben Sie umweltfreundlich mit unserem recycelten Unset ASA.<\/p>\n","protected":false},"featured_media":49544,"comment_status":"closed","ping_status":"closed","template":"","meta":{"_acf_changed":false},"product_brand":[],"product_cat":[1872,1669,1672,1671,1873,1843,2108,1841],"product_tag":[1675,1839,1844],"brand":[267],"class_list":{"0":"post-53391","1":"product","2":"type-product","3":"status-publish","4":"has-post-thumbnail","6":"product_cat-asa-filamente","7":"product_cat-3d-filamente","8":"product_cat-alle-filamente","9":"product_cat-angebote","10":"product_cat-asa-original-de","11":"product_cat-oko-filamente","12":"product_cat-unset-asa-de","13":"product_cat-unset-filamente","14":"product_tag-high-speed","15":"product_tag-oko","16":"product_tag-zufallige-farbe","17":"pa_colour-random","18":"pa_filament-diameter-1-75mm","19":"pa_filament-weight-1000g","20":"brand-azurefilm","22":"first","23":"instock","24":"sale","25":"taxable","26":"shipping-taxable","27":"purchasable","28":"product-type-variable","29":"has-default-attributes"},"acf":[],"_links":{"self":[{"href":"https:\/\/azurefilm.com\/de\/wp-json\/wp\/v2\/product\/53391","targetHints":{"allow":["GET"]}}],"collection":[{"href":"https:\/\/azurefilm.com\/de\/wp-json\/wp\/v2\/product"}],"about":[{"href":"https:\/\/azurefilm.com\/de\/wp-json\/wp\/v2\/types\/product"}],"replies":[{"embeddable":true,"href":"https:\/\/azurefilm.com\/de\/wp-json\/wp\/v2\/comments?post=53391"}],"wp:featuredmedia":[{"embeddable":true,"href":"https:\/\/azurefilm.com\/de\/wp-json\/wp\/v2\/media\/49544"}],"wp:attachment":[{"href":"https:\/\/azurefilm.com\/de\/wp-json\/wp\/v2\/media?parent=53391"}],"wp:term":[{"taxonomy":"product_brand","embeddable":true,"href":"https:\/\/azurefilm.com\/de\/wp-json\/wp\/v2\/product_brand?post=53391"},{"taxonomy":"product_cat","embeddable":true,"href":"https:\/\/azurefilm.com\/de\/wp-json\/wp\/v2\/product_cat?post=53391"},{"taxonomy":"product_tag","embeddable":true,"href":"https:\/\/azurefilm.com\/de\/wp-json\/wp\/v2\/product_tag?post=53391"},{"taxonomy":"brand","embeddable":true,"href":"https:\/\/azurefilm.com\/de\/wp-json\/wp\/v2\/brand?post=53391"}],"curies":[{"name":"wp","href":"https:\/\/api.w.org\/{rel}","templated":true}]}}