
{"id":53416,"date":"2023-12-08T12:26:15","date_gmt":"2023-12-08T12:26:15","guid":{"rendered":"https:\/\/azurefilm.com\/product\/filament-wiederverwendbares-vakuum-aufbewahrungsset-10-stueck\/"},"modified":"2026-02-25T09:14:48","modified_gmt":"2026-02-25T09:14:48","slug":"filament-wiederverwendbares-vakuum-aufbewahrungsset-10-stueck","status":"publish","type":"product","link":"https:\/\/azurefilm.com\/de\/produkt\/filament-wiederverwendbares-vakuum-aufbewahrungsset-10-stueck\/","title":{"rendered":"Filament Wiederverwendbares Vakuum-Aufbewahrungsset (10 St\u00fcck)"},"content":{"rendered":"<p>Filament Wiederverwendbares Vakuum-Aufbewahrungsset (10 St\u00fcck)<\/p>\n<h2><strong><span style=\"vertical-align: inherit;\">Hauptmerkmale:<\/span><\/strong><\/h2>\n<ul>\n<li><strong><span style=\"vertical-align: inherit;\">Filamentzustand:<\/span><\/strong>\n<ul>\n<li><span style=\"vertical-align: inherit;\">Schl\u00fcssel zu hochwertigem 3D-Druck.<\/span><\/li>\n<li><span style=\"vertical-align: inherit;\">Sichere Aufbewahrung des Filaments in einwandfreiem Zustand.<\/span><\/li>\n<\/ul>\n<\/li>\n<li><strong><span style=\"vertical-align: inherit;\">Langlebiger Vakuumschutz:<\/span><\/strong>\n<ul>\n<li><span style=\"vertical-align: inherit;\">Kompressionsbeutel aus langlebigem Material.<\/span><\/li>\n<li><span style=\"vertical-align: inherit;\">Leistungsstarkes Vakuumversiegelungsventil.<\/span><\/li>\n<li><span style=\"vertical-align: inherit;\">Doppelverschluss f\u00fcr vollst\u00e4ndige Dichtheit.<\/span><\/li>\n<\/ul>\n<\/li>\n<li><strong><span style=\"vertical-align: inherit;\">Feuchtigkeitsschutz:<\/span><\/strong>\n<ul>\n<li><span style=\"vertical-align: inherit;\">Bietet Schutz vor Feuchtigkeit, h\u00e4lt Filamente optimal trocken.<\/span><\/li>\n<\/ul>\n<\/li>\n<li><strong><span style=\"vertical-align: inherit;\">Einfache Nachverfolgung:<\/span><\/strong>\n<ul>\n<li><span style=\"vertical-align: inherit;\">Transparente Vakuumbeutel erm\u00f6glichen eine visuelle Inspektion ohne \u00d6ffnen.<\/span><\/li>\n<\/ul>\n<\/li>\n<li><strong><span style=\"vertical-align: inherit;\">Anpassbare Beutelgr\u00f6\u00dfe:<\/span><\/strong>\n<ul>\n<li><span style=\"vertical-align: inherit;\">Gr\u00f6\u00dfen: 30 cm \u00d7 40 cm; 40 cm x 40 cm.<\/span><\/li>\n<li><span style=\"vertical-align: inherit;\">Anpassbar an 0,5kg\/0,75kg\/1kg 1,75mm\/2,85mm\/3mm Filamentb\u00fcndel.<\/span><\/li>\n<\/ul>\n<\/li>\n<li><strong><span style=\"vertical-align: inherit;\">Einfach zu bedienen:<\/span><\/strong>\n<ul>\n<li><span style=\"vertical-align: inherit;\">Das benutzerfreundliche Design macht die Verwendung und Lagerung einfach.<\/span><\/li>\n<\/ul>\n<\/li>\n<li><strong><span style=\"vertical-align: inherit;\">Zuverl\u00e4ssiger Druckschutz:<\/span><\/strong><\/li>\n<li><span style=\"vertical-align: inherit;\">Das Paket enth\u00e4lt 10 St\u00fcck Vakuumbeutel + 1 Pumpe<\/span><\/li>\n<\/ul>\n<p>&nbsp;<\/p>\n","protected":false},"excerpt":{"rendered":"<p><span style=\"vertical-align: inherit;\">Filament Wiederverwendbares Vakuum-Aufbewahrungsset (10 St\u00fcck): Bewahren Sie die Qualit\u00e4t Ihrer 3D-Druckfilamente mit unserem fortschrittlichen Vakuum-Aufbewahrungsset. Diese umfassende L\u00f6sung stellt sicher, dass Ihre Filamente in optimalem Zustand bleiben, Feuchtigkeitsaufnahme verhindern und die Druckleistung erhalten. <\/span><\/p>\n","protected":false},"featured_media":53417,"comment_status":"closed","ping_status":"closed","template":"","meta":{"_acf_changed":false},"product_brand":[],"product_cat":[1765,1767,1766,1769],"product_tag":[],"brand":[],"class_list":{"0":"post-53416","1":"product","2":"type-product","3":"status-publish","4":"has-post-thumbnail","6":"product_cat-ersatzteile","7":"product_cat-alle-ersatzteile","8":"product_cat-sonstige_artikel","9":"product_cat-werkzeuge","11":"first","12":"instock","13":"taxable","14":"shipping-taxable","15":"purchasable","16":"product-type-simple"},"acf":[],"_links":{"self":[{"href":"https:\/\/azurefilm.com\/de\/wp-json\/wp\/v2\/product\/53416","targetHints":{"allow":["GET"]}}],"collection":[{"href":"https:\/\/azurefilm.com\/de\/wp-json\/wp\/v2\/product"}],"about":[{"href":"https:\/\/azurefilm.com\/de\/wp-json\/wp\/v2\/types\/product"}],"replies":[{"embeddable":true,"href":"https:\/\/azurefilm.com\/de\/wp-json\/wp\/v2\/comments?post=53416"}],"wp:featuredmedia":[{"embeddable":true,"href":"https:\/\/azurefilm.com\/de\/wp-json\/wp\/v2\/media\/53417"}],"wp:attachment":[{"href":"https:\/\/azurefilm.com\/de\/wp-json\/wp\/v2\/media?parent=53416"}],"wp:term":[{"taxonomy":"product_brand","embeddable":true,"href":"https:\/\/azurefilm.com\/de\/wp-json\/wp\/v2\/product_brand?post=53416"},{"taxonomy":"product_cat","embeddable":true,"href":"https:\/\/azurefilm.com\/de\/wp-json\/wp\/v2\/product_cat?post=53416"},{"taxonomy":"product_tag","embeddable":true,"href":"https:\/\/azurefilm.com\/de\/wp-json\/wp\/v2\/product_tag?post=53416"},{"taxonomy":"brand","embeddable":true,"href":"https:\/\/azurefilm.com\/de\/wp-json\/wp\/v2\/brand?post=53416"}],"curies":[{"name":"wp","href":"https:\/\/api.w.org\/{rel}","templated":true}]}}