
{"id":53438,"date":"2023-12-18T13:48:06","date_gmt":"2023-12-18T13:48:06","guid":{"rendered":"https:\/\/azurefilm.com\/product\/bambu-lab-a1-combo-4kg-pla-original\/"},"modified":"2026-03-12T23:25:43","modified_gmt":"2026-03-12T23:25:43","slug":"bambu-lab-a1-combo-pro-pack","status":"publish","type":"product","link":"https:\/\/azurefilm.com\/de\/produkt\/bambu-lab-a1-combo-pro-pack\/","title":{"rendered":"Bambu Lab A1 Combo BUNDLE"},"content":{"rendered":"<p><iframe loading=\"lazy\" title=\"YouTube-Video-Player\" src=\"https:\/\/www.youtube.com\/embed\/Lb-0C0a3j4g?si=C6wzAf2hXxnWbU8f\" width=\"560\" height=\"315\" frameborder=\"0\" allowfullscreen=\"allowfullscreen\"><\/iframe><\/p>\n<h2>Mehrfarbendruck<\/h2>\n<p>Das AMS Lite ist ein innovatives Mehrfarbsystem, das es Anf\u00e4ngern einfach macht.<\/p>\n<h2>Aktive Flussratenkompensation<\/h2>\n<p>Erleben Sie revolution\u00e4re Flusskontrolle. Der hochaufl\u00f6sende, hochfrequente Stromsensor von Bambu Lab misst den D\u00fcsendruck und passt die Flussrate aktiv f\u00fcr pr\u00e4zise Extrusion an. Keine ungleichm\u00e4\u00dfigen Drucke mehr.<\/p>\n<h2>Vollautomatische Kalibrierung<\/h2>\n<p>Der A1 \u00fcbernimmt alle Kalibrierungen selbst. Vom Z-Versatz \u00fcber die Bettnivellierung, Vibrationen und D\u00fcsendruck, er optimiert alles automatisch f\u00fcr jeden Druck.<\/p>\n<h2>Schneller D\u00fcsenwechsel<\/h2>\n<p>Der D\u00fcsenwechsel ist mit dem neuen Design einfach \u2013 einfach mit einem Clip ein- und ausklicken.<\/p>\n<h2>Aktive Motorger\u00e4uschunterdr\u00fcckung<\/h2>\n<p>Der A1 passt sich an kleinste Motordifferenzen an und macht Ihr Druckerlebnis leiser, indem unerw\u00fcnschte Ger\u00e4usche eliminiert werden.<\/p>\n<h2>Bed Slinger mit CoreXY-Geschwindigkeit und -Qualit\u00e4t<\/h2>\n<p>Mit starken Metallschienen, einem stabilen Rahmen, speziellen Sensoren, Beschleunigungsmessern, einem leistungsstarken Computer und intelligenter Bewegungssteuerung druckt der A1 schnell und pr\u00e4zise.<\/p>\n<h2>Synchronisieren Sie mit Bambu Studio und Bambu Handy<\/h2>\n<p>Steuern und \u00fcberwachen Sie Ihren Drucker ganz einfach \u00fcber Bambu Studio oder Bambu Handy. Erfassen Sie Ihre Drucke in Aktion mit der eingebauten Kamera.<\/p>\n","protected":false},"excerpt":{"rendered":"<p>Genie\u00dfen Sie die grenzenlosen M\u00f6glichkeiten des 3D-Drucks mit dem Bambu Lab A1 Combo in Kombination mit vier Kilogramm AzureFilm Refill-Filamenten und 4 Master-Spulen.<\/p>\n","protected":false},"featured_media":86544,"comment_status":"closed","ping_status":"closed","template":"","meta":{"_acf_changed":false},"product_brand":[],"product_cat":[1693,1695,1671,1696,1694,2069],"product_tag":[],"brand":[268],"class_list":{"0":"post-53438","1":"product","2":"type-product","3":"status-publish","4":"has-post-thumbnail","6":"product_cat-3d-drucker","7":"product_cat-alle-3d-drucker","8":"product_cat-angebote","9":"product_cat-bambu-lab-de","10":"product_cat-fdm-drucker","11":"product_cat-spezialpackungen","12":"pa_colour-black","13":"pa_colour-blue","14":"pa_colour-gray","15":"pa_colour-green","16":"pa_colour-white","17":"pa_filament-diameter-1-75mm","18":"pa_filament-weight-1000g","19":"brand-bambu-lab","21":"first","22":"instock","23":"sale","24":"taxable","25":"shipping-taxable","26":"purchasable","27":"product-type-variable"},"acf":[],"_links":{"self":[{"href":"https:\/\/azurefilm.com\/de\/wp-json\/wp\/v2\/product\/53438","targetHints":{"allow":["GET"]}}],"collection":[{"href":"https:\/\/azurefilm.com\/de\/wp-json\/wp\/v2\/product"}],"about":[{"href":"https:\/\/azurefilm.com\/de\/wp-json\/wp\/v2\/types\/product"}],"replies":[{"embeddable":true,"href":"https:\/\/azurefilm.com\/de\/wp-json\/wp\/v2\/comments?post=53438"}],"wp:featuredmedia":[{"embeddable":true,"href":"https:\/\/azurefilm.com\/de\/wp-json\/wp\/v2\/media\/86544"}],"wp:attachment":[{"href":"https:\/\/azurefilm.com\/de\/wp-json\/wp\/v2\/media?parent=53438"}],"wp:term":[{"taxonomy":"product_brand","embeddable":true,"href":"https:\/\/azurefilm.com\/de\/wp-json\/wp\/v2\/product_brand?post=53438"},{"taxonomy":"product_cat","embeddable":true,"href":"https:\/\/azurefilm.com\/de\/wp-json\/wp\/v2\/product_cat?post=53438"},{"taxonomy":"product_tag","embeddable":true,"href":"https:\/\/azurefilm.com\/de\/wp-json\/wp\/v2\/product_tag?post=53438"},{"taxonomy":"brand","embeddable":true,"href":"https:\/\/azurefilm.com\/de\/wp-json\/wp\/v2\/brand?post=53438"}],"curies":[{"name":"wp","href":"https:\/\/api.w.org\/{rel}","templated":true}]}}