
{"id":53450,"date":"2023-12-13T12:06:06","date_gmt":"2023-12-13T12:06:06","guid":{"rendered":"https:\/\/azurefilm.com\/?post_type=product&#038;p=53450"},"modified":"2026-01-08T22:11:57","modified_gmt":"2026-01-08T22:11:57","slug":"unset-pla-glitzer","status":"publish","type":"product","link":"https:\/\/azurefilm.com\/de\/produkt\/unset-pla-glitzer\/","title":{"rendered":"Unset PLA Glitzer"},"content":{"rendered":"<h2><b>PLA Glitter<\/b><\/h2>\n<p><span style=\"font-weight: 400;\">Einf\u00fchrung unserer PLA Glitter Filamente. Dieses Material besteht aus unserem PLA Original und enth\u00e4lt <\/span><b>Glitzerpartikel<\/b><span style=\"font-weight: 400;\"> f\u00fcr einen schillernderen Effekt bei Ihren Drucken. Da PLA Glitter wie normales PLA ist, ist es <\/span><b>biologisch abbaubar<\/b><span style=\"font-weight: 400;\">, sehr <\/span><b>einfach zu verarbeiten<\/b><span style=\"font-weight: 400;\"> und liefert <\/span><b>konstante Ergebnisse<\/b><span style=\"font-weight: 400;\">. However, there is one thing to be careful about when printing with PLA Glitter filaments. The glitter particles are slightly abrasive so <\/span><b>wir empfehlen die Verwendung einer 0,6mm abriebfesten D\u00fcse<\/b><span style=\"font-weight: 400;\">. <\/span><\/p>\n<h2><strong>Unset PLA Glitter<\/strong><\/h2>\n<p><span style=\"font-weight: 400;\">Die Unset Filamente sind Ihre <\/span><b>\u00d6ko-Wahl<\/b><span style=\"font-weight: 400;\"> f\u00fcr die n\u00e4chsten Projekte. Diese Filamente werden aus \u00fcbersch\u00fcssigem Material hergestellt, das w\u00e4hrend unserer Produktionsprozesse anf\u00e4llt. Das bedeutet, dass Unset Filament aus <\/span> <b> 100% recycelten Materialien<\/b><span style=\"font-weight: 400;\"> besteht und <\/span><b>Abfall reduziert<\/b><span style=\"font-weight: 400;\">. The colour of these filaments changes with every order because of the different combinations of recycled material colours. <\/span><\/p>\n<p><span style=\"font-weight: 400;\">Um mehr \u00fcber PLA Filamente zu erfahren, lesen Sie unseren <strong><a href=\"https:\/\/azurefilm.com\/de\/2023\/07\/04\/pla-filamente-alles-was-sie-wissen-muessen\/\" target=\"_blank\" rel=\"noopener\">Blog<\/a>.<\/strong> <\/span><\/p>\n<p><span style=\"font-weight: 400;\">Sie k\u00f6nnen das <\/span><b>Technische Datenblatt<\/b> <span style=\"font-weight: 400;\"> <strong><a href=\"https:\/\/azurefilm.com\/de\/technical-data-sheets\/\" target=\"_blank\" rel=\"noopener\">hier<\/a>.<\/strong><\/span><\/p>\n<h3><strong>Druckempfehlungen:<\/strong><\/h3>\n<ul>\n<li style=\"font-weight: 400;\" aria-level=\"1\"><span style=\"font-weight: 400;\">Drucken Sie bei einer Temperatur von 200\u2013230\u00b0C f\u00fcr beste Ergebnisse. <\/span><\/li>\n<li style=\"font-weight: 400;\" aria-level=\"1\"><span style=\"font-weight: 400;\">Sie ben\u00f6tigen kein beheiztes Bett, wir empfehlen jedoch, Ihren Drucktisch auf 50\u201360\u00b0C vorzuheizen. <\/span><\/li>\n<li style=\"font-weight: 400;\" aria-level=\"1\"><span style=\"font-weight: 400;\">Verwenden Sie ein Glasbett, eine PEI-Folie, Kapton oder Blaues Klebeband f\u00fcr die Bauplattform mit 3Dlac-Spray.<\/span><\/li>\n<li style=\"font-weight: 400;\" aria-level=\"1\"><span style=\"font-weight: 400;\">Wir empfehlen die Verwendung einer mindestens 0,6mm D\u00fcse, um Verstopfungen zu verhindern<\/span><i><span style=\"font-weight: 400;\">.<\/span><\/i><\/li>\n<\/ul>\n<p><i><span style=\"font-weight: 400;\">*Die ideale Temperatur kann je nach verwendetem Drucker variieren.<\/span><\/i><\/p>\n","protected":false},"excerpt":{"rendered":"<p>Probieren Sie unser Unset PLA Glitter und beginnen Sie, umweltfreundliche Designs mit einem schillernden Glitzer-Finish zu erstellen.<\/p>\n","protected":false},"featured_media":114560,"comment_status":"closed","ping_status":"closed","template":"","meta":{"_acf_changed":false},"product_brand":[],"product_cat":[1669,1672,1671,2020,1670,1841],"product_tag":[],"brand":[],"class_list":{"0":"post-53450","1":"product","2":"type-product","3":"status-publish","4":"has-post-thumbnail","6":"product_cat-3d-filamente","7":"product_cat-alle-filamente","8":"product_cat-angebote","9":"product_cat-pla-glitter-de","10":"product_cat-pla-filamente","11":"product_cat-unset-filamente","12":"pa_colour-random","13":"pa_filament-diameter-1-75mm","14":"pa_filament-weight-1000g","16":"first","17":"instock","18":"sale","19":"taxable","20":"shipping-taxable","21":"purchasable","22":"product-type-variable","23":"has-default-attributes"},"acf":[],"_links":{"self":[{"href":"https:\/\/azurefilm.com\/de\/wp-json\/wp\/v2\/product\/53450","targetHints":{"allow":["GET"]}}],"collection":[{"href":"https:\/\/azurefilm.com\/de\/wp-json\/wp\/v2\/product"}],"about":[{"href":"https:\/\/azurefilm.com\/de\/wp-json\/wp\/v2\/types\/product"}],"replies":[{"embeddable":true,"href":"https:\/\/azurefilm.com\/de\/wp-json\/wp\/v2\/comments?post=53450"}],"wp:featuredmedia":[{"embeddable":true,"href":"https:\/\/azurefilm.com\/de\/wp-json\/wp\/v2\/media\/114560"}],"wp:attachment":[{"href":"https:\/\/azurefilm.com\/de\/wp-json\/wp\/v2\/media?parent=53450"}],"wp:term":[{"taxonomy":"product_brand","embeddable":true,"href":"https:\/\/azurefilm.com\/de\/wp-json\/wp\/v2\/product_brand?post=53450"},{"taxonomy":"product_cat","embeddable":true,"href":"https:\/\/azurefilm.com\/de\/wp-json\/wp\/v2\/product_cat?post=53450"},{"taxonomy":"product_tag","embeddable":true,"href":"https:\/\/azurefilm.com\/de\/wp-json\/wp\/v2\/product_tag?post=53450"},{"taxonomy":"brand","embeddable":true,"href":"https:\/\/azurefilm.com\/de\/wp-json\/wp\/v2\/brand?post=53450"}],"curies":[{"name":"wp","href":"https:\/\/api.w.org\/{rel}","templated":true}]}}