
{"id":53482,"date":"2024-01-22T11:05:56","date_gmt":"2024-01-22T11:05:56","guid":{"rendered":"https:\/\/azurefilm.com\/product\/petg-skin-filament-espresso\/"},"modified":"2026-03-31T11:46:58","modified_gmt":"2026-03-31T11:46:58","slug":"petg-skin-filament-espresso","status":"publish","type":"product","link":"https:\/\/azurefilm.com\/de\/produkt\/petg-skin-filament-espresso\/","title":{"rendered":"PETG Skin Filament Espresso"},"content":{"rendered":"<h2><strong>PETG Skin<\/strong><\/h2>\n<p><span style=\"font-weight: 400;\">Lernen Sie die PETG Skin Filamente kennen! Diese Kollektion wurde f\u00fcr alle entwickelt, die lebensechte Drucke erstellen m\u00f6chten. <\/span><b>Diese Farben ahmen das Aussehen und die Textur menschlicher Haut nach<\/b><span style=\"font-weight: 400;\">. Choose from different skin tones and achieve the desired look of your print. You can use PETG Skin for cosplay props, human figures, prosthetics, and other artistic projects that demand lifelike skin textures. PETG Skin filaments are <\/span><b>sehr einfach zu drucken<\/b><span style=\"font-weight: 400;\">, was sie <\/span><b>gro\u00dfartig f\u00fcr Anf\u00e4nger<\/b><span style=\"font-weight: 400;\">macht.<\/span><\/p>\n<h2><strong>PETG Skin Filament Espresso<\/strong><\/h2>\n<p><span style=\"font-weight: 400;\">Erstellen Sie mit PETG Skin Filament Espresso, um Ihre Designs mutig und farbenreich zu gestalten.<\/span><\/p>\n<p><span style=\"font-weight: 400;\">Um mehr \u00fcber PETG-Filamente zu erfahren, lesen Sie unseren <strong><a href=\"https:\/\/azurefilm.com\/de\/2023\/07\/10\/petg-filamente-alles-was-sie-wissen-muessen\/\" target=\"_blank\" rel=\"noopener\">Blog<\/a>.<\/strong> <\/span><\/p>\n<p><span style=\"font-weight: 400;\">Sie k\u00f6nnen das <\/span><b>Technische Datenblatt<\/b> <span style=\"font-weight: 400;\"> <strong><a href=\"https:\/\/azurefilm.com\/de\/technical-data-sheets\/\" target=\"_blank\" rel=\"noopener\">hier<\/a>.<\/strong><\/span><\/p>\n<h3><strong>Druckempfehlungen:<\/strong><\/h3>\n<ul>\n<li style=\"font-weight: 400;\" aria-level=\"1\"><span style=\"font-weight: 400;\">F\u00fcr beste Ergebnisse drucken Sie bei 220\u2013240\u00b0C. <\/span><\/li>\n<li style=\"font-weight: 400;\" aria-level=\"1\"><span style=\"font-weight: 400;\">Empfohlene Druckbett-Temperatur ist 80\u00b0C.<\/span><\/li>\n<li style=\"font-weight: 400;\" aria-level=\"1\"><span style=\"font-weight: 400;\">Verwenden Sie ein Glasbett, eine PEI-Folie, Kapton oder Blaues Klebeband f\u00fcr die Bauplattform mit 3Dlac-Spray.<\/span><\/li>\n<\/ul>\n<p><i><span style=\"font-weight: 400;\">*Die ideale Temperatur kann je nach verwendetem Drucker variieren.<\/span><\/i><\/p>\n","protected":false},"excerpt":{"rendered":"<p><span style=\"font-weight: 400;\">Erstellen Sie mit PETG Skin Filament Espresso, um Ihre Designs mutig und farbenreich zu gestalten.<\/span><\/p>\n","protected":false},"featured_media":109747,"comment_status":"closed","ping_status":"closed","template":"","meta":{"_acf_changed":false},"product_brand":[],"product_cat":[1871,1669,1672,1751],"product_tag":[],"brand":[267],"class_list":{"0":"post-53482","1":"product","2":"type-product","3":"status-publish","4":"has-post-thumbnail","6":"product_cat-petg-skin-de","7":"product_cat-3d-filamente","8":"product_cat-alle-filamente","9":"product_cat-petg-filamente","10":"pa_colour-brown","11":"pa_colour-skin","12":"pa_filament-diameter-1-75mm","13":"pa_filament-weight-1000g","14":"brand-azurefilm","16":"first","17":"instock","18":"taxable","19":"shipping-taxable","20":"purchasable","21":"product-type-variable","22":"has-default-attributes"},"acf":[],"_links":{"self":[{"href":"https:\/\/azurefilm.com\/de\/wp-json\/wp\/v2\/product\/53482","targetHints":{"allow":["GET"]}}],"collection":[{"href":"https:\/\/azurefilm.com\/de\/wp-json\/wp\/v2\/product"}],"about":[{"href":"https:\/\/azurefilm.com\/de\/wp-json\/wp\/v2\/types\/product"}],"replies":[{"embeddable":true,"href":"https:\/\/azurefilm.com\/de\/wp-json\/wp\/v2\/comments?post=53482"}],"wp:featuredmedia":[{"embeddable":true,"href":"https:\/\/azurefilm.com\/de\/wp-json\/wp\/v2\/media\/109747"}],"wp:attachment":[{"href":"https:\/\/azurefilm.com\/de\/wp-json\/wp\/v2\/media?parent=53482"}],"wp:term":[{"taxonomy":"product_brand","embeddable":true,"href":"https:\/\/azurefilm.com\/de\/wp-json\/wp\/v2\/product_brand?post=53482"},{"taxonomy":"product_cat","embeddable":true,"href":"https:\/\/azurefilm.com\/de\/wp-json\/wp\/v2\/product_cat?post=53482"},{"taxonomy":"product_tag","embeddable":true,"href":"https:\/\/azurefilm.com\/de\/wp-json\/wp\/v2\/product_tag?post=53482"},{"taxonomy":"brand","embeddable":true,"href":"https:\/\/azurefilm.com\/de\/wp-json\/wp\/v2\/brand?post=53482"}],"curies":[{"name":"wp","href":"https:\/\/api.w.org\/{rel}","templated":true}]}}