
{"id":53564,"date":"2023-10-29T14:42:00","date_gmt":"2023-10-29T14:42:00","guid":{"rendered":"https:\/\/azurefilm.com\/product\/liqcreate-standard-clear-impact-resin\/"},"modified":"2023-10-29T14:42:00","modified_gmt":"2023-10-29T14:42:00","slug":"liqcreate-standard-clear-impact-resin","status":"publish","type":"product","link":"https:\/\/azurefilm.com\/de\/produkt\/liqcreate-standard-clear-impact-resin\/","title":{"rendered":"Liqcreate Standard Clear Impact Resin"},"content":{"rendered":"<h2><b>Liqcreate Standard Clear Impact<\/b><\/h2>\n<p><span style=\"font-weight: 400;\">Liqcreate Clear Impact ist ein spezialisierter Photopolymer-Harz, der f\u00fcr SLA-, DLP- und MSLA-3D-Drucktechnologien im Bereich von 385 \u2013 405 nm entwickelt wurde. Objekte, die mit diesem Harz hergestellt werden, bieten  <\/span><b>perfekte Transparenz, leichte Flexibilit\u00e4t und au\u00dfergew\u00f6hnliche Schlagfestigkeit<\/b><span style=\"font-weight: 400;\">.<\/span> <span style=\"font-weight: 400;\">Dieses einzigartige klare Harz ist <\/span><b>zugeschnitten auf<\/b> <b>die Herstellung transparenter funktionaler Teile, die wiederholtem Stress standhalten<\/b><\/p>\n<p><span style=\"font-weight: 400;\">, dank seiner hohen Z\u00e4higkeit. Zus\u00e4tzlich zeichnet es sich durch geringe Wasseraufnahme, Wetterbest\u00e4ndigkeit und minimale Vergilbung aus, was es zu einer  <\/span><b>ausgezeichneten Wahl f\u00fcr sowohl Au\u00dfen- als auch Displayanwendungen macht<\/b><span style=\"font-weight: 400;\">. Get the clarity and strength you need with Liqcreate Clear Impact. <\/span><\/p>\n<h3><strong>Eigenschaften:<\/strong><\/h3>\n<ul>\n<li style=\"font-weight: 400;\" aria-level=\"1\"><span style=\"font-weight: 400;\">Schlagfestigkeit<\/span><\/li>\n<li style=\"font-weight: 400;\" aria-level=\"1\"><span style=\"font-weight: 400;\">Optisch klar<\/span><\/li>\n<li style=\"font-weight: 400;\" aria-level=\"1\"><span style=\"font-weight: 400;\">Wetterfest<\/span><\/li>\n<\/ul>\n<p><img decoding=\"async\" class=\"alignnone size-medium wp-image-18675\" src=\"https:\/\/azurefilm.com\/wp-content\/uploads\/2023\/10\/Liqcreate_Clear_Impact_Properties-Enhanced-SR.jpg\" alt=\"  width=\" height=\"357\" title=\"\"><\/p>\n","protected":false},"excerpt":{"rendered":"<p>Erleben Sie perfekte Transparenz, leichte Flexibilit\u00e4t und au\u00dfergew\u00f6hnliche Schlagfestigkeit mit Liqcreate Standard Clear Impact Resin.<\/p>\n","protected":false},"featured_media":53566,"comment_status":"closed","ping_status":"closed","template":"","meta":{"_acf_changed":false},"product_brand":[],"product_cat":[1669,1672,2045,1951,2044],"product_tag":[],"brand":[],"class_list":{"0":"post-53564","1":"product","2":"type-product","3":"status-publish","4":"has-post-thumbnail","6":"product_cat-3d-filamente","7":"product_cat-alle-filamente","8":"product_cat-industrielles-harz","9":"product_cat-resin-de","10":"product_cat-standardharz","11":"pa_colour-transparent","12":"pa_resin-technology-dlp","13":"pa_resin-technology-lcd-msla","14":"pa_resin-technology-sla","15":"pa_resin-type-industrial","16":"pa_resin-type-standard","17":"pa_resin-weight-1000g","19":"first","20":"instock","21":"taxable","22":"shipping-taxable","23":"purchasable","24":"product-type-simple"},"acf":[],"_links":{"self":[{"href":"https:\/\/azurefilm.com\/de\/wp-json\/wp\/v2\/product\/53564","targetHints":{"allow":["GET"]}}],"collection":[{"href":"https:\/\/azurefilm.com\/de\/wp-json\/wp\/v2\/product"}],"about":[{"href":"https:\/\/azurefilm.com\/de\/wp-json\/wp\/v2\/types\/product"}],"replies":[{"embeddable":true,"href":"https:\/\/azurefilm.com\/de\/wp-json\/wp\/v2\/comments?post=53564"}],"wp:featuredmedia":[{"embeddable":true,"href":"https:\/\/azurefilm.com\/de\/wp-json\/wp\/v2\/media\/53566"}],"wp:attachment":[{"href":"https:\/\/azurefilm.com\/de\/wp-json\/wp\/v2\/media?parent=53564"}],"wp:term":[{"taxonomy":"product_brand","embeddable":true,"href":"https:\/\/azurefilm.com\/de\/wp-json\/wp\/v2\/product_brand?post=53564"},{"taxonomy":"product_cat","embeddable":true,"href":"https:\/\/azurefilm.com\/de\/wp-json\/wp\/v2\/product_cat?post=53564"},{"taxonomy":"product_tag","embeddable":true,"href":"https:\/\/azurefilm.com\/de\/wp-json\/wp\/v2\/product_tag?post=53564"},{"taxonomy":"brand","embeddable":true,"href":"https:\/\/azurefilm.com\/de\/wp-json\/wp\/v2\/brand?post=53564"}],"curies":[{"name":"wp","href":"https:\/\/api.w.org\/{rel}","templated":true}]}}