
{"id":53569,"date":"2023-10-29T14:42:00","date_gmt":"2023-10-29T14:42:00","guid":{"rendered":"https:\/\/azurefilm.com\/product\/liqcreate-dental-gingiva-mask-pink-harz\/"},"modified":"2023-10-29T14:42:00","modified_gmt":"2023-10-29T14:42:00","slug":"liqcreate-dental-gingiva-mask-pink-harz","status":"publish","type":"product","link":"https:\/\/azurefilm.com\/de\/produkt\/liqcreate-dental-gingiva-mask-pink-harz\/","title":{"rendered":"Liqcreate Dental Gingiva Mask Pink Harz"},"content":{"rendered":"<h2><strong>Liqcreate Dental Gingiva Mask Pink<\/strong><\/h2>\n<p><span style=\"font-weight: 400;\">Liqcreate Gingiva Mask Pink ist ein rosa Photopolymerharz <\/span><b>das f\u00fcr die Herstellung weicher, zahnfleisch\u00e4hnlicher Komponenten f\u00fcr Zahnimplantatmodelle entwickelt wurde<\/b><span style=\"font-weight: 400;\">. Its soft and flexible nature makes it ideal for use alongside Liqcreate Dental Model Pro Beige or Grey materials. This resin opens up possibilities for creating    <\/span><b>pr\u00e4zise Modelle, Br\u00fccken und Implantat-Suprastrukturen<\/b><span style=\"font-weight: 400;\">, insbesondere f\u00fcr Zahnfleischteile und Weichgewebe in Zahnimplantatmodellen und C&amp;B-Projekten. <\/span> <span style=\"font-weight: 400;\">Es ist kompatibel mit <\/span><b>offenen MSLA\/LCD-, DLP- und SLA-3D-Druckern im Bereich von 385 \u2013 420 nm<\/b> <\/p>\n<p><span style=\"font-weight: 400;\">, was eine einfache Handhabung gew\u00e4hrleistet. Zu den wichtigsten Vorteilen geh\u00f6ren ein nat\u00fcrliches Zahnfleisch-Aussehen, eine weiche Haptik, Benutzerfreundlichkeit und gute Flexibilit\u00e4t. <\/span><\/p>\n<h3><strong>Eigenschaften:<\/strong><\/h3>\n<ul>\n<li style=\"font-weight: 400;\" aria-level=\"1\"><span style=\"font-weight: 400;\">Zahnfleisch-Aussehen<\/span><\/li>\n<li style=\"font-weight: 400;\" aria-level=\"1\"><span style=\"font-weight: 400;\">Weiche Haptik<\/span><\/li>\n<li style=\"font-weight: 400;\" aria-level=\"1\"><span style=\"font-weight: 400;\">Einfach zu verwenden<\/span><\/li>\n<li style=\"font-weight: 400;\" aria-level=\"1\"><span style=\"font-weight: 400;\">Gute Flexibilit\u00e4t<\/span><\/li>\n<\/ul>\n<p><img decoding=\"async\" class=\"alignnone size-medium wp-image-18655\" src=\"https:\/\/azurefilm.com\/wp-content\/uploads\/2023\/10\/Liqcreate_Gingiva_Mask_properties-Enhanced-SR.jpg\" alt=\"  width=\" height=\"351\" title=\"\"><\/p>\n","protected":false},"excerpt":{"rendered":"<p>Probieren Sie das Liqcreate Dental Gingiva Mask Pink Harz (1000g) aus und erstellen Sie weiche, zahnfleisch\u00e4hnliche Komponenten f\u00fcr Zahnimplantatmodelle in rosa Farbe.<\/p>\n","protected":false},"featured_media":53571,"comment_status":"closed","ping_status":"closed","template":"","meta":{"_acf_changed":false},"product_brand":[],"product_cat":[1669,1672,2051,1951],"product_tag":[],"brand":[],"class_list":{"0":"post-53569","1":"product","2":"type-product","3":"status-publish","4":"has-post-thumbnail","6":"product_cat-3d-filamente","7":"product_cat-alle-filamente","8":"product_cat-dentalharz","9":"product_cat-resin-de","10":"pa_colour-pink","11":"pa_resin-technology-dlp","12":"pa_resin-technology-lcd-msla","13":"pa_resin-technology-sla","14":"pa_resin-type-dental","15":"pa_resin-weight-1000g","17":"first","18":"instock","19":"taxable","20":"shipping-taxable","21":"purchasable","22":"product-type-simple"},"acf":[],"_links":{"self":[{"href":"https:\/\/azurefilm.com\/de\/wp-json\/wp\/v2\/product\/53569","targetHints":{"allow":["GET"]}}],"collection":[{"href":"https:\/\/azurefilm.com\/de\/wp-json\/wp\/v2\/product"}],"about":[{"href":"https:\/\/azurefilm.com\/de\/wp-json\/wp\/v2\/types\/product"}],"replies":[{"embeddable":true,"href":"https:\/\/azurefilm.com\/de\/wp-json\/wp\/v2\/comments?post=53569"}],"wp:featuredmedia":[{"embeddable":true,"href":"https:\/\/azurefilm.com\/de\/wp-json\/wp\/v2\/media\/53571"}],"wp:attachment":[{"href":"https:\/\/azurefilm.com\/de\/wp-json\/wp\/v2\/media?parent=53569"}],"wp:term":[{"taxonomy":"product_brand","embeddable":true,"href":"https:\/\/azurefilm.com\/de\/wp-json\/wp\/v2\/product_brand?post=53569"},{"taxonomy":"product_cat","embeddable":true,"href":"https:\/\/azurefilm.com\/de\/wp-json\/wp\/v2\/product_cat?post=53569"},{"taxonomy":"product_tag","embeddable":true,"href":"https:\/\/azurefilm.com\/de\/wp-json\/wp\/v2\/product_tag?post=53569"},{"taxonomy":"brand","embeddable":true,"href":"https:\/\/azurefilm.com\/de\/wp-json\/wp\/v2\/brand?post=53569"}],"curies":[{"name":"wp","href":"https:\/\/api.w.org\/{rel}","templated":true}]}}