
{"id":53574,"date":"2023-10-29T14:42:00","date_gmt":"2023-10-29T14:42:00","guid":{"rendered":"https:\/\/azurefilm.com\/product\/liqcreate-dental-model-pro-beige\/"},"modified":"2023-10-29T14:42:00","modified_gmt":"2023-10-29T14:42:00","slug":"liqcreate-dental-model-pro-beige","status":"publish","type":"product","link":"https:\/\/azurefilm.com\/de\/produkt\/liqcreate-dental-model-pro-beige\/","title":{"rendered":"Liqcreate Dental Model Pro Beige"},"content":{"rendered":"<h2><b>Liqcreate Dental Model Pro<\/b><\/h2>\n<p><span style=\"font-weight: 400;\">Liqcreate Dental Model Pro ist ein mattes Photopolymer, das<\/span><b>perfekt f\u00fcr Dentalmodelle ist<\/b><span style=\"font-weight: 400;\">. Its matte finish <\/span><b> erh\u00f6ht Tiefe und Detailgenauigkeit<\/b><span style=\"font-weight: 400;\">, was es ideal f\u00fcr die Betrachtung von Unterschnitten und Scan-Eindr\u00fccken macht. 3D-gedruckte Teile aus diesem Material sind beeindruckend stabil und erfahren nur minimale Schrumpfung w\u00e4hrend des Drucks. <\/span><\/p>\n<p><span style=\"font-weight: 400;\">Dieses Harz ist einfach zu verwenden mit offenen SLA-, MSLA- und DLP-3D-Druckern im Bereich von 385 \u2013 420 nm. Es bietet  <\/span><b>gerine Schrumpfung, geringen Geruch und au\u00dfergew\u00f6hnliche Genauigkeit,<\/b> <b>und dimensionale Stabilit\u00e4t<\/b><span style=\"font-weight: 400;\">. These qualities make it the go-to choice for creating dental models, C&amp;B, thermoforming, and aligner models. <\/span><\/p>\n<h3><strong>Eigenschaften:<\/strong><\/h3>\n<ul>\n<li style=\"font-weight: 400;\" aria-level=\"1\"><span style=\"font-weight: 400;\">Hervorragende dimensionale Stabilit\u00e4t<\/span><\/li>\n<li style=\"font-weight: 400;\" aria-level=\"1\"><span style=\"font-weight: 400;\">Hohe Detailgenauigkeit &amp; matte Oberfl\u00e4che<\/span><\/li>\n<li style=\"font-weight: 400;\" aria-level=\"1\"><span style=\"font-weight: 400;\">Geringe Schrumpfung<\/span><\/li>\n<li style=\"font-weight: 400;\" aria-level=\"1\"><span style=\"font-weight: 400;\">Geringer Geruch<\/span><\/li>\n<\/ul>\n<p><img decoding=\"async\" class=\"alignnone size-medium wp-image-18635\" src=\"https:\/\/azurefilm.com\/wp-content\/uploads\/2023\/10\/Liqcreate_Dental_Model_Pro_Beige_Properties-Enhanced-SR.jpg\" alt=\"  width=\" height=\"371\" title=\"\"><\/p>\n","protected":false},"excerpt":{"rendered":"<p>Erstellen Sie Zahnmodelle, C&amp;B, Thermoformen und Aligner-Modelle mit diesem beeindruckend stabilen Liqcreate Dental Model Pro Beige (1000g).<\/p>\n","protected":false},"featured_media":53576,"comment_status":"closed","ping_status":"closed","template":"","meta":{"_acf_changed":false},"product_brand":[],"product_cat":[1669,1672,2051,1951],"product_tag":[],"brand":[],"class_list":{"0":"post-53574","1":"product","2":"type-product","3":"status-publish","4":"has-post-thumbnail","6":"product_cat-3d-filamente","7":"product_cat-alle-filamente","8":"product_cat-dentalharz","9":"product_cat-resin-de","10":"pa_colour-brown","11":"pa_resin-technology-dlp","12":"pa_resin-technology-lcd-msla","13":"pa_resin-technology-sla","14":"pa_resin-type-dental","15":"pa_resin-weight-1000g","17":"first","18":"instock","19":"taxable","20":"shipping-taxable","21":"purchasable","22":"product-type-simple"},"acf":[],"_links":{"self":[{"href":"https:\/\/azurefilm.com\/de\/wp-json\/wp\/v2\/product\/53574","targetHints":{"allow":["GET"]}}],"collection":[{"href":"https:\/\/azurefilm.com\/de\/wp-json\/wp\/v2\/product"}],"about":[{"href":"https:\/\/azurefilm.com\/de\/wp-json\/wp\/v2\/types\/product"}],"replies":[{"embeddable":true,"href":"https:\/\/azurefilm.com\/de\/wp-json\/wp\/v2\/comments?post=53574"}],"wp:featuredmedia":[{"embeddable":true,"href":"https:\/\/azurefilm.com\/de\/wp-json\/wp\/v2\/media\/53576"}],"wp:attachment":[{"href":"https:\/\/azurefilm.com\/de\/wp-json\/wp\/v2\/media?parent=53574"}],"wp:term":[{"taxonomy":"product_brand","embeddable":true,"href":"https:\/\/azurefilm.com\/de\/wp-json\/wp\/v2\/product_brand?post=53574"},{"taxonomy":"product_cat","embeddable":true,"href":"https:\/\/azurefilm.com\/de\/wp-json\/wp\/v2\/product_cat?post=53574"},{"taxonomy":"product_tag","embeddable":true,"href":"https:\/\/azurefilm.com\/de\/wp-json\/wp\/v2\/product_tag?post=53574"},{"taxonomy":"brand","embeddable":true,"href":"https:\/\/azurefilm.com\/de\/wp-json\/wp\/v2\/brand?post=53574"}],"curies":[{"name":"wp","href":"https:\/\/api.w.org\/{rel}","templated":true}]}}