
{"id":53586,"date":"2023-10-29T14:42:00","date_gmt":"2023-10-29T14:42:00","guid":{"rendered":"https:\/\/azurefilm.com\/product\/liqcreate-flexible-x-black-harz\/"},"modified":"2023-10-29T14:42:00","modified_gmt":"2023-10-29T14:42:00","slug":"liqcreate-flexible-x-black-harz","status":"publish","type":"product","link":"https:\/\/azurefilm.com\/de\/produkt\/liqcreate-flexible-x-black-harz\/","title":{"rendered":"Liqcreate Flexible-X Black Harz"},"content":{"rendered":"<h2><b>Liqcreate Flexible-X Black<\/b><b><br \/>\n<\/b><\/h2>\n<p><span style=\"font-weight: 400;\">Liqcreate Flexible-X Black ist ein undurchsichtiges schwarzes Photopolymerharz, das f\u00fcr offene MSLA-, DLP- und laserbasierte 3D-Drucker (385 \u2013 420nm) entwickelt wurde.  <\/span><b>Hervorragende Flexibilit\u00e4t <\/b><span style=\"font-weight: 400;\">und <\/span><b>R\u00fcckstelleigenschaften<\/b><span style=\"font-weight: 400;\">, dieses Material eignet sich f\u00fcr die Herstellung von weichen und elastischen Industrieteilen. Es bietet <\/span> <b>eine niedrige Shore A-H\u00e4rte von 55<\/b><span style=\"font-weight: 400;\"> und<\/span><b> eine Dehnung von bis zu 160%<\/b><span style=\"font-weight: 400;\">, ideal f\u00fcr verschiedene industrielle Anwendungen. <\/span> <span style=\"font-weight: 400;\">Mit <\/span><b>hervorragender Verarbeitbarkeit<\/b><span style=\"font-weight: 400;\"> und <\/span><b>Druckgeschwindigkeit<\/b><span style=\"font-weight: 400;\"> auf MSLA-, DLP- und laserbasierten Druckern gew\u00e4hrleistet es bemerkenswerte Flexibilit\u00e4t und R\u00fcckstelleigenschaften, leicht verwendbar auf Open-Source-DLP-, LCD- und SLA-3D-Druckern (385 \u2013 420nm), und erf\u00fcllt diverse industrielle Anforderungen.<\/span> <\/p>\n<h3><strong>Eigenschaften:<\/strong><\/h3>\n<ul>\n<li style=\"font-weight: 400;\" aria-level=\"1\"><span style=\"font-weight: 400;\">Hohe Dehnung<\/span><\/li>\n<li style=\"font-weight: 400;\" aria-level=\"1\"><span style=\"font-weight: 400;\">Hervorragende R\u00fcckstelleigenschaften<\/span><\/li>\n<li style=\"font-weight: 400;\" aria-level=\"1\"><span style=\"font-weight: 400;\">Langlebiges weiches Gef\u00fchl<\/span><\/li>\n<\/ul>\n<p><img decoding=\"async\" class=\"alignnone size-medium wp-image-18576\" src=\"https:\/\/azurefilm.com\/wp-content\/uploads\/2023\/10\/Liqcreate_Flexible_X_properties.jpg\" alt=\"  width=\" height=\"275\" title=\"\"><\/p>\n","protected":false},"excerpt":{"rendered":"<p>Probieren Sie das Liqcreate Flexible-X Black Harz (1000g) aus und erstellen Sie elastische Industrieteile in einer undurchsichtigen schwarzen Farbe.<\/p>\n","protected":false},"featured_media":53587,"comment_status":"closed","ping_status":"closed","template":"","meta":{"_acf_changed":false},"product_brand":[],"product_cat":[1669,1672,1671,2047,1951],"product_tag":[],"brand":[],"class_list":{"0":"post-53586","1":"product","2":"type-product","3":"status-publish","4":"has-post-thumbnail","6":"product_cat-3d-filamente","7":"product_cat-alle-filamente","8":"product_cat-angebote","9":"product_cat-flexibles-harz","10":"product_cat-resin-de","11":"pa_colour-black","12":"pa_resin-technology-dlp","13":"pa_resin-technology-lcd-msla","14":"pa_resin-technology-sla","15":"pa_resin-type-flexible","16":"pa_resin-weight-1000g","18":"first","19":"outofstock","20":"sale","21":"taxable","22":"shipping-taxable","23":"purchasable","24":"product-type-simple"},"acf":[],"_links":{"self":[{"href":"https:\/\/azurefilm.com\/de\/wp-json\/wp\/v2\/product\/53586","targetHints":{"allow":["GET"]}}],"collection":[{"href":"https:\/\/azurefilm.com\/de\/wp-json\/wp\/v2\/product"}],"about":[{"href":"https:\/\/azurefilm.com\/de\/wp-json\/wp\/v2\/types\/product"}],"replies":[{"embeddable":true,"href":"https:\/\/azurefilm.com\/de\/wp-json\/wp\/v2\/comments?post=53586"}],"wp:featuredmedia":[{"embeddable":true,"href":"https:\/\/azurefilm.com\/de\/wp-json\/wp\/v2\/media\/53587"}],"wp:attachment":[{"href":"https:\/\/azurefilm.com\/de\/wp-json\/wp\/v2\/media?parent=53586"}],"wp:term":[{"taxonomy":"product_brand","embeddable":true,"href":"https:\/\/azurefilm.com\/de\/wp-json\/wp\/v2\/product_brand?post=53586"},{"taxonomy":"product_cat","embeddable":true,"href":"https:\/\/azurefilm.com\/de\/wp-json\/wp\/v2\/product_cat?post=53586"},{"taxonomy":"product_tag","embeddable":true,"href":"https:\/\/azurefilm.com\/de\/wp-json\/wp\/v2\/product_tag?post=53586"},{"taxonomy":"brand","embeddable":true,"href":"https:\/\/azurefilm.com\/de\/wp-json\/wp\/v2\/brand?post=53586"}],"curies":[{"name":"wp","href":"https:\/\/api.w.org\/{rel}","templated":true}]}}