
{"id":53642,"date":"2023-10-29T14:44:31","date_gmt":"2023-10-29T14:44:31","guid":{"rendered":"https:\/\/azurefilm.com\/product\/bambu-komplett-hotend-baugruppe\/"},"modified":"2025-07-24T18:59:06","modified_gmt":"2025-07-24T18:59:06","slug":"bambu-komplett-hotend-baugruppe","status":"publish","type":"product","link":"https:\/\/azurefilm.com\/de\/produkt\/bambu-komplett-hotend-baugruppe\/","title":{"rendered":"Bambu-Komplett-Hotend-Baugruppe"},"content":{"rendered":"<p>Verbessern Sie Ihren 3D-Drucker mit der geh\u00e4rteten Stahl-Bambu-Komplett-Hotend-Baugruppe. Dieses Produkt hat eine 0,4 mm D\u00fcse, die weithin als Standardd\u00fcsendurchmesser anerkannt ist. Es bietet ein optimales Gleichgewicht zwischen Druckqualit\u00e4t und Druckgeschwindigkeit.<\/p>\n<h2>Bambu-Komplett-Hotend-Baugruppen-Ersatz<\/h2>\n<p>Wenn Sie Ihr Hotend ersetzen m\u00fcssen, <a href=\"https:\/\/wiki.bambulab.com\/en\/p1\/maintenance\/complete-hot-end-assembly\" target=\"_blank\" rel=\"noopener\"><strong>folgen Sie bitte den Anweisungen von Bambu Lab<\/strong><\/a>. Sie k\u00f6nnen auch das untenstehende Video ansehen und diesen Schritt-f\u00fcr-Schritt-Anweisungen folgen.<\/p>\n<h2>Technische Spezifikationen<\/h2>\n<h3>Packungsinhalt:<\/h3>\n<ul>\n<li>Komplette Hotend-Baugruppe (geh\u00e4rteter Stahl)<\/li>\n<li>M3-14 Stufenschrauben<\/li>\n<\/ul>\n","protected":false},"excerpt":{"rendered":"<p><span style=\"font-weight: 400;\">Verbessern Sie Ihre Druckqualit\u00e4t, indem Sie die Bambu-Komplett-Hotend-Baugruppe w\u00e4hlen. <\/span><b>Nur kompatibel mit der Bambu Lab X1 Serie!<\/b><\/p>\n","protected":false},"featured_media":53643,"comment_status":"closed","ping_status":"closed","template":"","meta":{"_acf_changed":false},"product_brand":[],"product_cat":[1767,1765,1786,1799,1800,1788,1795],"product_tag":[],"brand":[268],"class_list":{"0":"post-53642","1":"product","2":"type-product","3":"status-publish","4":"has-post-thumbnail","6":"product_cat-alle-ersatzteile","7":"product_cat-ersatzteile","8":"product_cat-extruder-de","9":"product_cat-extruder-de-2","10":"product_cat-extruder-upgrades","11":"product_cat-extruderteile","12":"product_cat-hotends-de","13":"pa_compatible-with-bambulab-fdm-3d-printers","14":"pa_fits-printer-bambu-lab-x1-carbon-combo","15":"pa_fits-printer-bambu-lab-x1-series-only","16":"pa_fits-printer-bambu-lab-x1-carbon","17":"pa_nozzle-diameter-0-4mm","18":"pa_nozzle-material-hardened-steel","19":"brand-bambu-lab","21":"first","22":"instock","23":"taxable","24":"shipping-taxable","25":"purchasable","26":"product-type-variable"},"acf":[],"_links":{"self":[{"href":"https:\/\/azurefilm.com\/de\/wp-json\/wp\/v2\/product\/53642","targetHints":{"allow":["GET"]}}],"collection":[{"href":"https:\/\/azurefilm.com\/de\/wp-json\/wp\/v2\/product"}],"about":[{"href":"https:\/\/azurefilm.com\/de\/wp-json\/wp\/v2\/types\/product"}],"replies":[{"embeddable":true,"href":"https:\/\/azurefilm.com\/de\/wp-json\/wp\/v2\/comments?post=53642"}],"wp:featuredmedia":[{"embeddable":true,"href":"https:\/\/azurefilm.com\/de\/wp-json\/wp\/v2\/media\/53643"}],"wp:attachment":[{"href":"https:\/\/azurefilm.com\/de\/wp-json\/wp\/v2\/media?parent=53642"}],"wp:term":[{"taxonomy":"product_brand","embeddable":true,"href":"https:\/\/azurefilm.com\/de\/wp-json\/wp\/v2\/product_brand?post=53642"},{"taxonomy":"product_cat","embeddable":true,"href":"https:\/\/azurefilm.com\/de\/wp-json\/wp\/v2\/product_cat?post=53642"},{"taxonomy":"product_tag","embeddable":true,"href":"https:\/\/azurefilm.com\/de\/wp-json\/wp\/v2\/product_tag?post=53642"},{"taxonomy":"brand","embeddable":true,"href":"https:\/\/azurefilm.com\/de\/wp-json\/wp\/v2\/brand?post=53642"}],"curies":[{"name":"wp","href":"https:\/\/api.w.org\/{rel}","templated":true}]}}