
{"id":53648,"date":"2023-11-24T10:29:53","date_gmt":"2023-11-24T10:29:53","guid":{"rendered":"https:\/\/azurefilm.com\/product\/unset-flexible-98a\/"},"modified":"2024-11-22T12:22:23","modified_gmt":"2024-11-22T12:22:23","slug":"unset-flexible-98a","status":"publish","type":"product","link":"https:\/\/azurefilm.com\/de\/produkt\/unset-flexible-98a\/","title":{"rendered":"Unset Flexible 98A"},"content":{"rendered":"<h2><b>Flexibel 98A<\/b><\/h2>\n<p><span style=\"font-weight: 400;\">Flexible 98A-Filamente bestehen aus <\/span><b>TPU<\/b><span style=\"font-weight: 400;\"> (Thermoplastisches Polyurethan)<\/span> <span style=\"font-weight: 400;\">und haben <\/span><b>gummiartige Eigenschaften<\/b><span style=\"font-weight: 400;\">. This means, that the material is extremely <\/span><b>Flexibel <\/b><span style=\"font-weight: 400;\">aber auch sehr <\/span><b>haltbar<\/b><span style=\"font-weight: 400;\">. Flexible filaments are commonly used to produce household appliances, toys, phone cases, wristbands, automotive parts, and medical supplies. If you need something that is supposed to bend, stretch, or compress, this filament should be up for the task. <\/span><\/p>\n<p><span style=\"font-weight: 400;\">Es gibt <\/span><b>verschiedene H\u00e4rtegrade<\/b><span style=\"font-weight: 400;\"> f\u00fcr flexible Filamente, die mit Zahlen von 0 bis 100 und Buchstaben von A bis D gekennzeichnet sind. Das Material wird steifer und h\u00e4rter, je h\u00f6her die Zahl oder der Buchstabe ist. <\/span><b>98A Shore<\/b><span style=\"font-weight: 400;\"> bedeutet, dass das Filament sehr hart ist und mit der H\u00e4rte eines Einkaufswagenrads verglichen werden kann.<\/span><\/p>\n<p><b>Haftungsausschluss:<\/b><span style=\"font-weight: 400;\"> Wenn Sie beim 3D-Drucken ein Knacken des Filaments h\u00f6ren, bedeutet dies, dass das Filament feucht ist und getrocknet werden sollte, um bessere Ergebnisse zu erzielen. Verwenden Sie einen Filamenttrockner wie <a target=\"\" rel=\"noopener\"><strong>Creality Dry Box<\/strong><\/a>. <\/span><\/p>\n<p>&nbsp;<\/p>\n<p><img decoding=\"async\" class=\"alignnone size-medium wp-image-17898\" src=\"https:\/\/azurefilm.com\/wp-content\/uploads\/2023\/10\/Flexible-filament-table.jpg\" alt=\" width=\" height=\"400\" title=\"\"><\/p>\n<h2><b>Unset Flexible 98A<\/b><\/h2>\n<p><span style=\"font-weight: 400;\">Die Unset Filamente sind Ihre <\/span><b>\u00d6ko-Wahl<\/b><span style=\"font-weight: 400;\"> f\u00fcr die n\u00e4chsten Projekte. Diese Filamente werden aus \u00fcbersch\u00fcssigem Material hergestellt, das w\u00e4hrend unserer Produktionsprozesse anf\u00e4llt. Das bedeutet, dass Unset Filament aus <\/span> <b> 100% recycelten Materialien<\/b><span style=\"font-weight: 400;\"> besteht und <\/span><b>Abfall reduziert<\/b><span style=\"font-weight: 400;\">. The colour of these filaments changes with every order because of the different combinations of recycled material colours. <\/span><\/p>\n<p><span style=\"font-weight: 400;\">Um mehr \u00fcber flexible Filamente zu erfahren, lesen Sie unseren <a href=\"https:\/\/azurefilm.com\/de\/2023\/08\/09\/wie-man-flexible-filamente-druckt\/?_gl=1*p8hfh4*_up*MQ..*_ga*MTg0NDc4NDk1OC4xNzMyMjcwMDgw*_ga_P213FF6C6P*MTczMjI3MDA3Ny4xLjAuMTczMjI3MDA3Ny4wLjAuMA..\" target=\"_blank\" rel=\"noopener\"><strong>Blog<\/strong><\/a>. <\/span><\/p>\n<p><span style=\"font-weight: 400;\">Sie k\u00f6nnen das <\/span><b>Technische Datenblatt<\/b> <span style=\"font-weight: 400;\"><a href=\"https:\/\/azurefilm.com\/de\/technical-data-sheets\/\" target=\"_blank\" rel=\"noopener\"><strong> hier<\/strong><\/a>.<\/span><\/p>\n<h3><strong>Druckempfehlungen:<\/strong><\/h3>\n<ul>\n<li><span style=\"font-weight: 400;\">F\u00fcr beste Ergebnisse drucken Sie bei 220\u2013240\u00b0C. <\/span><\/li>\n<li><span style=\"font-weight: 400;\">Empfohlene Druckbett-Temperatur ist 80\u00b0C.<\/span><\/li>\n<li><b>Drucken Sie mit einer langsamen Geschwindigkeit von 10\u201330mm\/s.<\/b><\/li>\n<li><span style=\"font-weight: 400;\">Verwenden Sie eine Glasplatte, PEI-Folie, Kapton oder Blaues Klebeband f\u00fcr die Bauplattform mit 3Dlac-Spray<\/span><i><span style=\"font-weight: 400;\">.<\/span><\/i><\/li>\n<\/ul>\n<p><i><span style=\"font-weight: 400;\">*Die ideale Temperatur kann je nach verwendetem Drucker variieren.<\/span><\/i><\/p>\n","protected":false},"excerpt":{"rendered":"<p><span style=\"font-weight: 400;\">Erstellen Sie umweltfreundliche Drucke und erfahren Sie, wo Innovation auf Nachhaltigkeit trifft, mit unserem AzureFilm Unset Flexible 98A.<\/span><\/p>\n<p>&nbsp;<\/p>\n","protected":false},"featured_media":49541,"comment_status":"closed","ping_status":"closed","template":"","meta":{"_acf_changed":false},"product_brand":[],"product_cat":[2036,1669,1672,2033,1843,1841,2118],"product_tag":[1839,1844],"brand":[267],"class_list":{"0":"post-53648","1":"product","2":"type-product","3":"status-publish","4":"has-post-thumbnail","6":"product_cat-flexibel-98a","7":"product_cat-3d-filamente","8":"product_cat-alle-filamente","9":"product_cat-flexible-filamente","10":"product_cat-oko-filamente","11":"product_cat-unset-filamente","12":"product_cat-unset-flexible-98a-de","13":"product_tag-oko","14":"product_tag-zufallige-farbe","15":"pa_colour-random","16":"pa_filament-diameter-1-75mm","17":"pa_filament-weight-300g","18":"brand-azurefilm","20":"first","21":"instock","22":"taxable","23":"shipping-taxable","24":"product-type-simple"},"acf":[],"_links":{"self":[{"href":"https:\/\/azurefilm.com\/de\/wp-json\/wp\/v2\/product\/53648","targetHints":{"allow":["GET"]}}],"collection":[{"href":"https:\/\/azurefilm.com\/de\/wp-json\/wp\/v2\/product"}],"about":[{"href":"https:\/\/azurefilm.com\/de\/wp-json\/wp\/v2\/types\/product"}],"replies":[{"embeddable":true,"href":"https:\/\/azurefilm.com\/de\/wp-json\/wp\/v2\/comments?post=53648"}],"wp:featuredmedia":[{"embeddable":true,"href":"https:\/\/azurefilm.com\/de\/wp-json\/wp\/v2\/media\/49541"}],"wp:attachment":[{"href":"https:\/\/azurefilm.com\/de\/wp-json\/wp\/v2\/media?parent=53648"}],"wp:term":[{"taxonomy":"product_brand","embeddable":true,"href":"https:\/\/azurefilm.com\/de\/wp-json\/wp\/v2\/product_brand?post=53648"},{"taxonomy":"product_cat","embeddable":true,"href":"https:\/\/azurefilm.com\/de\/wp-json\/wp\/v2\/product_cat?post=53648"},{"taxonomy":"product_tag","embeddable":true,"href":"https:\/\/azurefilm.com\/de\/wp-json\/wp\/v2\/product_tag?post=53648"},{"taxonomy":"brand","embeddable":true,"href":"https:\/\/azurefilm.com\/de\/wp-json\/wp\/v2\/brand?post=53648"}],"curies":[{"name":"wp","href":"https:\/\/api.w.org\/{rel}","templated":true}]}}