
{"id":53652,"date":"2023-11-24T11:03:04","date_gmt":"2023-11-24T11:03:04","guid":{"rendered":"https:\/\/azurefilm.com\/product\/mix-flexible-98a\/"},"modified":"2025-05-14T11:19:02","modified_gmt":"2025-05-14T11:19:02","slug":"mix-flexible-98a","status":"publish","type":"product","link":"https:\/\/azurefilm.com\/de\/produkt\/mix-flexible-98a\/","title":{"rendered":"Mix Flexible 98A"},"content":{"rendered":"<h2><b>Flexibel 98A<\/b><\/h2>\n<p><span style=\"font-weight: 400\">Flexible 98A-Filamente bestehen aus <\/span><b>TPU<\/b><span style=\"font-weight: 400\"> (Thermoplastisches Polyurethan)<\/span> <span style=\"font-weight: 400\">und haben <\/span><b>gummiartige Eigenschaften<\/b><span style=\"font-weight: 400\">. This means, that the material is extremely <\/span><b>Flexibel <\/b><span style=\"font-weight: 400\">aber auch sehr <\/span><b>haltbar<\/b><span style=\"font-weight: 400\">. Flexible filaments are commonly used to produce household appliances, toys, phone cases, wristbands, automotive parts, and medical supplies. If you need something that is supposed to bend, stretch, or compress, this filament should be up for the task. <\/span><\/p>\n<p><span style=\"font-weight: 400\">Es gibt <\/span><b>verschiedene H\u00e4rtegrade<\/b><span style=\"font-weight: 400\"> f\u00fcr flexible Filamente, die mit Zahlen von 0 bis 100 und Buchstaben von A bis D gekennzeichnet sind. Das Material wird steifer und h\u00e4rter, je h\u00f6her die Zahl oder der Buchstabe ist. <\/span><b>98A Shore<\/b><span style=\"font-weight: 400\"> bedeutet, dass das Filament sehr hart ist und mit der H\u00e4rte eines Einkaufswagenrads verglichen werden kann.<\/span><\/p>\n<p><b>Haftungsausschluss:<\/b><span style=\"font-weight: 400\"> Wenn Sie beim 3D-Drucken ein Knacken des Filaments h\u00f6ren, bedeutet dies, dass das Filament feucht ist und getrocknet werden sollte, um bessere Ergebnisse zu erzielen. Verwenden Sie einen Filamenttrockner wie <a target=\"\" rel=\"noopener\"><strong>Creality Dry Box<\/strong><\/a>. <\/span><\/p>\n<p>&nbsp;<\/p>\n<p><img decoding=\"async\" class=\"alignnone size-medium wp-image-17898\" src=\"https:\/\/azurefilm.com\/wp-content\/uploads\/2023\/10\/Flexible-filament-table.jpg\" alt=\" width=\" height=\"400\" title=\"\"><\/p>\n<h2><strong>Mix Flexible 98A<\/strong><\/h2>\n<p><b>Wie werden Mix-Filamente hergestellt?<\/b><span style=\"font-weight: 400\"> W\u00e4hrend der Produktion wechseln wir die Farben, ohne den Produktionsprozess zu stoppen, um <\/span><b>Zeit, Ressourcen und Energie zu sparen<\/b><span style=\"font-weight: 400\">. Consequently, when we change the colour, there is a gradual transition in the filament string from one colour to another. Instead of throwing away the filament where transition happen, we decided to create the Mix filaments. <\/span><b>Wir sind bestrebt, umweltbewusst zu handeln und Abfall zu minimieren<\/b><span style=\"font-weight: 400\">.<\/span> <span style=\"font-weight: 400\">Mix Flexible 98A ist eine <\/span><b>Mischung aus verschiedenen flexiblen Farben<\/b><span style=\"font-weight: 400\"> aus unserem Angebot. <\/span><b>Die Farben und die Anzahl der Farben in unserem Mix Flexible 98A sind v\u00f6llig zuf\u00e4llig und \u00e4ndern sich mit jeder Bestellung. <\/b><span style=\"font-weight: 400\">AzureFilm<\/span><\/p>\n<p><span style=\"font-weight: 400\">Mix Flexible 98A ist perfekt f\u00fcr alle, die keine bestimmte Farbe des Filaments ben\u00f6tigen oder das Endprodukt bemalen werden. Mit dem Kauf dieses Artikels stimmen Sie zu, eine zuf\u00e4llige Spule unserer Wahl zu erhalten. <\/span><\/p>\n<p><span style=\"font-weight: 400\">Um mehr \u00fcber flexible Filamente zu erfahren, lesen Sie unseren <a href=\"https:\/\/azurefilm.com\/de\/2023\/08\/09\/wie-man-flexible-filamente-druckt\/?_gl=1*p8hfh4*_up*MQ..*_ga*MTg0NDc4NDk1OC4xNzMyMjcwMDgw*_ga_P213FF6C6P*MTczMjI3MDA3Ny4xLjAuMTczMjI3MDA3Ny4wLjAuMA..\" target=\"_blank\" rel=\"noopener\"><strong>Blog<\/strong><\/a>. <\/span><\/p>\n<p><span style=\"font-weight: 400\">Sie k\u00f6nnen das <\/span><b>Technische Datenblatt<\/b> <span style=\"font-weight: 400\"><a href=\"https:\/\/azurefilm.com\/de\/technical-data-sheets\/\" target=\"_blank\" rel=\"noopener\"><strong> hier<\/strong><\/a>.<\/span><\/p>\n<h3><strong>Druckempfehlungen:<\/strong><\/h3>\n<ul>\n<li><span style=\"font-weight: 400\">F\u00fcr beste Ergebnisse drucken Sie bei 220\u2013240\u00b0C. <\/span><\/li>\n<li><span style=\"font-weight: 400\">Empfohlene Druckbett-Temperatur ist 80\u00b0C.<\/span><\/li>\n<li><b>Drucken Sie mit einer langsamen Geschwindigkeit von 10\u201330mm\/s.<\/b><\/li>\n<li><span style=\"font-weight: 400\">Verwenden Sie eine Glasplatte, PEI-Folie, Kapton oder Blaues Klebeband f\u00fcr die Bauplattform mit 3Dlac-Spray<\/span><i><span style=\"font-weight: 400\">.<\/span><\/i><\/li>\n<\/ul>\n<p><i><span style=\"font-weight: 400\">*Die ideale Temperatur kann je nach verwendetem Drucker variieren.<\/span><\/i><\/p>\n","protected":false},"excerpt":{"rendered":"<p><span style=\"font-weight: 400\">Verbessern Sie Ihr 3D-Druckspiel und verwenden Sie unser Mix Flexible 98A f\u00fcr eine perfekte Mischung aus Vielseitigkeit, St\u00e4rke und Flexibilit\u00e4t. <\/span><\/p>\n<p>&nbsp;<\/p>\n","protected":false},"featured_media":53654,"comment_status":"closed","ping_status":"closed","template":"","meta":{"_acf_changed":false},"product_brand":[],"product_cat":[2036,1669,1672,2033,2003,2119,1843],"product_tag":[1839,1844],"brand":[267],"class_list":{"0":"post-53652","1":"product","2":"type-product","3":"status-publish","4":"has-post-thumbnail","6":"product_cat-flexibel-98a","7":"product_cat-3d-filamente","8":"product_cat-alle-filamente","9":"product_cat-flexible-filamente","10":"product_cat-mix-filamente","11":"product_cat-mix-flexible-98a-de","12":"product_cat-oko-filamente","13":"product_tag-oko","14":"product_tag-zufallige-farbe","15":"pa_colour-random","16":"pa_filament-diameter-1-75mm","17":"pa_filament-weight-300g","18":"brand-azurefilm","20":"first","21":"instock","22":"taxable","23":"shipping-taxable","24":"product-type-simple"},"acf":[],"_links":{"self":[{"href":"https:\/\/azurefilm.com\/de\/wp-json\/wp\/v2\/product\/53652","targetHints":{"allow":["GET"]}}],"collection":[{"href":"https:\/\/azurefilm.com\/de\/wp-json\/wp\/v2\/product"}],"about":[{"href":"https:\/\/azurefilm.com\/de\/wp-json\/wp\/v2\/types\/product"}],"replies":[{"embeddable":true,"href":"https:\/\/azurefilm.com\/de\/wp-json\/wp\/v2\/comments?post=53652"}],"wp:featuredmedia":[{"embeddable":true,"href":"https:\/\/azurefilm.com\/de\/wp-json\/wp\/v2\/media\/53654"}],"wp:attachment":[{"href":"https:\/\/azurefilm.com\/de\/wp-json\/wp\/v2\/media?parent=53652"}],"wp:term":[{"taxonomy":"product_brand","embeddable":true,"href":"https:\/\/azurefilm.com\/de\/wp-json\/wp\/v2\/product_brand?post=53652"},{"taxonomy":"product_cat","embeddable":true,"href":"https:\/\/azurefilm.com\/de\/wp-json\/wp\/v2\/product_cat?post=53652"},{"taxonomy":"product_tag","embeddable":true,"href":"https:\/\/azurefilm.com\/de\/wp-json\/wp\/v2\/product_tag?post=53652"},{"taxonomy":"brand","embeddable":true,"href":"https:\/\/azurefilm.com\/de\/wp-json\/wp\/v2\/brand?post=53652"}],"curies":[{"name":"wp","href":"https:\/\/api.w.org\/{rel}","templated":true}]}}