
{"id":53763,"date":"2024-02-29T07:53:01","date_gmt":"2024-02-29T07:53:01","guid":{"rendered":"https:\/\/azurefilm.com\/product\/creality-k1c\/"},"modified":"2024-11-26T08:57:48","modified_gmt":"2024-11-26T08:57:48","slug":"creality-k1c","status":"publish","type":"product","link":"https:\/\/azurefilm.com\/de\/produkt\/creality-k1c\/","title":{"rendered":"Creality K1C"},"content":{"rendered":"<p><span style=\"font-weight: 400;\">Der<\/span><b> Creality K1C<\/b><span style=\"font-weight: 400;\"> ist ein au\u00dfergew\u00f6hnlicher Hochgeschwindigkeits-3D-Drucker, der f\u00fcr pr\u00e4zises Drucken selbst mit kohlefaserverst\u00e4rkten Materialien entwickelt wurde und Raffinesse und Haltbarkeit zeigt. Mit einem Druckvolumen von 220x220x250mm und einer maximalen Geschwindigkeit von 600mm\/s definiert er das 3D-Druckerlebnis neu. <\/span><\/p>\n<h2><strong>Eleganz in Kombination mit robuster Konstruktion<\/strong><\/h2>\n<p><span style=\"font-weight: 400;\">Der Drucker verf\u00fcgt \u00fcber einen stabilen Unibody-Rahmen aus Druckguss-Aluminiumlegierung, der transparente Glasw\u00e4nde und einen Acryl-Deckel integriert. So haben Sie stets Sicht auf den Druckraum. <\/span><\/p>\n<h2><strong>All-Metal-Extruder f\u00fcr sicheren Filamentgriff<\/strong><\/h2>\n<p><span style=\"font-weight: 400;\">Der K1C verwendet ein All-Metal-Extrudersystem, das Verstopfungen verhindert und mit einer St\u00fctzfeder und einem Kugelkolben ausgestattet ist, um einen sicheren Griff auf das Filament zu gew\u00e4hrleisten.<\/span><\/p>\n<h2><strong>Ultraschnelles und agiles Drucken<\/strong><\/h2>\n<p><span style=\"font-weight: 400;\">Dank einer leichten und dynamischen CoreXY-Struktur erreicht der K1C ultraschnelle Geschwindigkeiten bei au\u00dfergew\u00f6hnlicher Druckqualit\u00e4t. Er bietet eine maximale Geschwindigkeit von 600mm\/s, eine Standardgeschwindigkeit von 300mm\/s und eine maximale Beschleunigung von 20.000mm\/s\u00b2. <\/span><\/p>\n<h2><strong>Schnellwechsel-Tri-Metall-&#8220;Einhorn&#8221;-D\u00fcse<\/strong><\/h2>\n<p><span style=\"font-weight: 400;\">Der Creality K1C bietet eine Schnellwechsel-Tri-Metall-&#8220;Einhorn&#8221;-D\u00fcse mit einem Titanlegierungs-Heatbreak, das die Vielseitigkeit erh\u00f6ht. Diese D\u00fcse ist leicht austauschbar, sollte jedoch vor dem Handling abk\u00fchlen. <\/span><\/p>\n<h2><strong>Dreifachk\u00fchlung<\/strong><\/h2>\n<p><span style=\"font-weight: 400;\">Der K1C umfasst ein dreifaches K\u00fchlsystem bestehend aus einem <\/span>Hotend-L\u00fcfter zur Minimierung von Hitzestau, einem Bauteill\u00fcfter f\u00fcr sofortige H\u00e4rtung und einem zus\u00e4tzlichen Kammerseitenl\u00fcfter<span style=\"font-weight: 400;\"> zur Verbesserung der gesamten Druckqualit\u00e4t. <\/span><\/p>\n<h2><strong>Carbonfaser-Druck leicht gemacht<\/strong><\/h2>\n<p><span style=\"font-weight: 400;\">Der K1C verarbeitet m\u00fchelos Filamente mit Carbonfasern dank seines 300\u00b0C Hotends mit geh\u00e4rteter Stahld\u00fcsenspitze, flexibler PEI-Bauplatte und einem geschlossenen Kammerdesign f\u00fcr eine konstant hohe Temperaturumgebung.<\/span><\/p>\n<h2><strong>Vielseitigkeit<\/strong><\/h2>\n<p><span style=\"font-weight: 400;\">Kompatibel mit verschiedenen Materialien, ist der K1C f\u00fcr eine Vielzahl von Anwendungen geeignet, einschlie\u00dflich PLA, ASA, ABS oder TPU. Er kann auch mit kohlefaserverst\u00e4rkten Filamenten wie PLA-CF oder PET-CF verwendet werden, um mechanisch robuste Teile zu erzeugen, die widerstandsf\u00e4hig gegen Verschlei\u00df, Verformung und Alterung sind. <\/span><\/p>\n<h2><strong>Erweitertes Monitoring<\/strong><\/h2>\n<p><span style=\"font-weight: 400;\">Die integrierte AI-Kamera \u00fcberwacht den Druckprozess und gibt Warnungen bei Fehlern aus. Zu den Funktionen geh\u00f6ren Spaghetti-Erkennung, Fremdk\u00f6rpererkennung, Zeitrafferaufnahmen und Video\u00fcberwachung. <\/span><\/p>\n<h2><strong>Open Source<\/strong><\/h2>\n<p><span style=\"font-weight: 400;\">Der Drucker arbeitet auf einer Open-Source-Plattform und bietet Creality OS, Creality Print und Creality Cloud f\u00fcr maximale Flexibilit\u00e4t.<\/span><\/p>\n<p><span style=\"font-weight: 400;\">Creality OS, basierend auf Klipper, bietet fortschrittliche Funktionen wie Linear Advance und Input Shaping. Creality Print umfasst Smart Cooling, Optimal Retraction, Slim Supports und 3D-Drucker-Farmmanagement, um die Benutzerfreundlichkeit zu verbessern. Dar\u00fcber hinaus dient Creality Cloud als All-in-One-3D-Druckplattform f\u00fcr Interaktion und Austausch unter Enthusiasten. <\/span><\/p>\n<h2><strong>Weitere zus\u00e4tzliche Funktionen<\/strong><\/h2>\n<p><span style=\"font-weight: 400;\">Zu den weiteren zus\u00e4tzlichen Funktionen des Creality K1C geh\u00f6ren \u201ePlug and Play\u201c mit Startanweisungen f\u00fcr eine schnelle Einrichtung (3 Minuten vom Auspacken bis zum Einschalten), ein hochautomatisiertes und benutzerfreundliches System, eine Ein-Tap-Autokalibrierung einschlie\u00dflich automatischem Z-Offset, automatischer Nivellierung und automatischem Input Shaping Test, ein Kohlefilter zur Reinigung von Verbindungen und Partikeln aus geschmolzenen Filamenten, die Option eines leisen Betriebs mit Ger\u00e4uschpegeln \u226445dB, eine partielle Fehlerbatch-Funktion, vorinstallierte D\u00e4mpfungspads zur Reduzierung von Vibrationen, ein Silikonabstreifer zur Wartung der D\u00fcsenspitze, eine splitterfeste Folie auf dem Glas, eine verst\u00e4rkte Kabelkette, ein zuverl\u00e4ssiges D\u00e4mpfungsscharnier f\u00fcr kontrollierte T\u00fcrbewegungen, ein seitlicher Spulenhalter und ein 4,3-Zoll-Farb-Touchscreen.<\/span><\/p>\n","protected":false},"excerpt":{"rendered":"<p><span style=\"font-weight: 400;\">Lernen Sie den Creality K1C kennen &#8211; ein superstarker und schneller 3D-Drucker, perfekt f\u00fcr den Druck von Carbonfaser-Materialien und anderen komplexen Anwendungen. <\/span><\/p>\n","protected":false},"featured_media":53765,"comment_status":"closed","ping_status":"closed","template":"","meta":{"_acf_changed":false},"product_brand":[],"product_cat":[1693,1695,1671,1851,1694],"product_tag":[],"brand":[],"class_list":{"0":"post-53763","1":"product","2":"type-product","3":"status-publish","4":"has-post-thumbnail","6":"product_cat-3d-drucker","7":"product_cat-alle-3d-drucker","8":"product_cat-angebote","9":"product_cat-creality-de","10":"product_cat-fdm-drucker","12":"first","13":"outofstock","14":"sale","15":"taxable","16":"shipping-taxable","17":"purchasable","18":"product-type-simple"},"acf":[],"_links":{"self":[{"href":"https:\/\/azurefilm.com\/de\/wp-json\/wp\/v2\/product\/53763","targetHints":{"allow":["GET"]}}],"collection":[{"href":"https:\/\/azurefilm.com\/de\/wp-json\/wp\/v2\/product"}],"about":[{"href":"https:\/\/azurefilm.com\/de\/wp-json\/wp\/v2\/types\/product"}],"replies":[{"embeddable":true,"href":"https:\/\/azurefilm.com\/de\/wp-json\/wp\/v2\/comments?post=53763"}],"wp:featuredmedia":[{"embeddable":true,"href":"https:\/\/azurefilm.com\/de\/wp-json\/wp\/v2\/media\/53765"}],"wp:attachment":[{"href":"https:\/\/azurefilm.com\/de\/wp-json\/wp\/v2\/media?parent=53763"}],"wp:term":[{"taxonomy":"product_brand","embeddable":true,"href":"https:\/\/azurefilm.com\/de\/wp-json\/wp\/v2\/product_brand?post=53763"},{"taxonomy":"product_cat","embeddable":true,"href":"https:\/\/azurefilm.com\/de\/wp-json\/wp\/v2\/product_cat?post=53763"},{"taxonomy":"product_tag","embeddable":true,"href":"https:\/\/azurefilm.com\/de\/wp-json\/wp\/v2\/product_tag?post=53763"},{"taxonomy":"brand","embeddable":true,"href":"https:\/\/azurefilm.com\/de\/wp-json\/wp\/v2\/brand?post=53763"}],"curies":[{"name":"wp","href":"https:\/\/api.w.org\/{rel}","templated":true}]}}