
{"id":53824,"date":"2024-04-17T10:13:02","date_gmt":"2024-04-17T10:13:02","guid":{"rendered":"https:\/\/azurefilm.com\/product\/pla-prime-filament-hellgrau\/"},"modified":"2025-12-29T09:40:38","modified_gmt":"2025-12-29T09:40:38","slug":"pla-prime-filament-hellgrau","status":"publish","type":"product","link":"https:\/\/azurefilm.com\/de\/produkt\/pla-prime-filament-hellgrau\/","title":{"rendered":"PLA Prime Filament Hellgrau"},"content":{"rendered":"<h2><strong>PLA Prime<\/strong><\/h2>\n<p><img loading=\"lazy\" decoding=\"async\" class=\"alignright wp-image-31840 \" src=\"https:\/\/azurefilm.com\/wp-content\/uploads\/2024\/04\/PLA-Prime-spider-chart_EN-1024x597.png\" alt=\"\" width=\"700\" height=\"408\" title=\"\" srcset=\"https:\/\/azurefilm.com\/wp-content\/uploads\/2024\/04\/PLA-Prime-spider-chart_EN-1024x597.png 1024w, https:\/\/azurefilm.com\/wp-content\/uploads\/2024\/04\/PLA-Prime-spider-chart_EN-510x297.png 510w, https:\/\/azurefilm.com\/wp-content\/uploads\/2024\/04\/PLA-Prime-spider-chart_EN-300x175.png 300w, https:\/\/azurefilm.com\/wp-content\/uploads\/2024\/04\/PLA-Prime-spider-chart_EN-768x448.png 768w, https:\/\/azurefilm.com\/wp-content\/uploads\/2024\/04\/PLA-Prime-spider-chart_EN-1536x896.png 1536w, https:\/\/azurefilm.com\/wp-content\/uploads\/2024\/04\/PLA-Prime-spider-chart_EN.png 1674w\" sizes=\"auto, (max-width: 700px) 100vw, 700px\" \/><\/p>\n<p><span style=\"font-weight: 400;\">PLA Prime ist unser hochwertiges, technisches PLA (Polymilchs\u00e4ure).<br \/>\nDank unserer verbesserten Formulierung hat PLA Prime eine hervorragende W\u00e4rmebest\u00e4ndigkeit, hohe Schlagfestigkeit und vernachl\u00e4ssigbare Schrumpfung nach dem Tempern.<br \/>\nDie Benutzerfreundlichkeit in Kombination mit der F\u00e4higkeit zum Hochgeschwindigkeitsdruck und der hervorragenden Schichthaftung macht PLA Prime zu einem zuverl\u00e4ssigen Material, das die komplexesten Drucke bew\u00e4ltigen kann. <\/span><\/p>\n<p><span style=\"font-weight: 400;\">Um mehr \u00fcber PLA Prime Filamente zu erfahren, lesen Sie unseren <\/span><a href=\"https:\/\/azurefilm.com\/de\/2024\/04\/23\/einfuehrung-der-prime-filamente-entfesseln-sie-die-wahre-kraft\/\" target=\"_blank\" rel=\"noopener\"><b>Blog<\/b><\/a><span style=\"font-weight: 400;\">.<\/span><\/p>\n<h3><strong>Druckempfehlungen:<\/strong><\/h3>\n<ul>\n<li style=\"font-weight: 400;\" aria-level=\"1\"><span style=\"font-weight: 400;\">F\u00fcr beste Ergebnisse drucken Sie bei 230\u2013265\u00b0C*. <\/span><\/li>\n<li style=\"font-weight: 400;\" aria-level=\"1\"><span style=\"font-weight: 400;\">Die empfohlene Druckbett-Temperatur liegt bei 0-60\u00b0C.<br \/>\nDieses Material kann ohne Geh\u00e4use gedruckt werden. <\/span><\/li>\n<li style=\"font-weight: 400;\" aria-level=\"1\"><span style=\"font-weight: 400;\">Wir empfehlen dringend die Verwendung von dicken und strukturierten PEI-Bl\u00e4ttern\/Glas, da die Steifigkeit und St\u00e4rke von PLA Prime das Gewicht und\/oder die magnetische Anziehungskraft eines hochwertigen Druckbetts erfordern.<\/span><\/li>\n<\/ul>\n<p><i><span style=\"font-weight: 400;\">*Die ideale Temperatur kann je nach verwendetem Drucker variieren.<\/span><\/i><\/p>\n<div class=\"is-divider divider clearfix\" style=\"max-width:100%;height:1px;background-color:rgb(17, 107, 168);\"><\/div>\n<h2><strong>Anwendungen<\/strong><\/h2>\n<p><span style=\"font-weight: 400;\">PLA Prime ist ein ausgezeichnetes Material zur Pr\u00e4sentation komplexer Designs und zeichnet sich gleichzeitig durch Haltbarkeit und St\u00e4rke aus.<\/span><\/p>\n<h3><strong>Druckt sich leicht wie PLA, verh\u00e4lt sich wie ABS<\/strong><\/h3>\n<p><span style=\"font-weight: 400;\">Das Drucken mit PLA Prime ist so einfach wie das Drucken mit normalem PLA, und seine hervorragenden mechanischen Eigenschaften \u00e4hneln denen von ABS.<br \/>\nDies macht PLA Prime zu einem gro\u00dfartigen Material f\u00fcr die Erstellung funktionaler Objekte\/Prototypen, die realen Bedingungen standhalten m\u00fcssen, ohne die Schwierigkeiten beim Drucken mit regul\u00e4ren ABS-Materialien. <\/span><\/p>\n<div style=\"padding: 56.6% 0 0 0; position: relative;\"><iframe style=\"position: absolute; top: 0; left: 0; width: 100%; height: 100%;\" title=\"Druckt sich leicht wie PLA, verh\u00e4lt sich wie ABS\" src=\"https:\/\/player.vimeo.com\/video\/931049970?badge=0&amp;autopause=0&amp;player_id=0&amp;app_id=58479\" frameborder=\"0\"><span data-mce-type=\"bookmark\" style=\"display: inline-block; width: 0px; overflow: hidden; line-height: 0;\" class=\"mce_SELRES_start\"><\/span><span data-mce-type=\"bookmark\" style=\"display: inline-block; width: 0px; overflow: hidden; line-height: 0;\" class=\"mce_SELRES_start\"><\/span><span data-mce-type=\"bookmark\" style=\"display: inline-block; width: 0px; overflow: hidden; line-height: 0;\" class=\"mce_SELRES_start\"><\/span><span data-mce-type=\"bookmark\" style=\"display: inline-block; width: 0px; overflow: hidden; line-height: 0;\" class=\"mce_SELRES_start\"><\/span><\/iframe><\/div>\n<p><script src=\"https:\/\/player.vimeo.com\/api\/player.js\"><\/script><\/p>\n<h3><strong>Hohe W\u00e4rmebest\u00e4ndigkeit<\/strong><\/h3>\n<p><span style=\"font-weight: 400;\">Dank der au\u00dfergew\u00f6hnlichen W\u00e4rmebest\u00e4ndigkeit von PLA Prime<\/span><span style=\"font-weight: 400;\"> erm\u00f6glicht es eine viel breitere Anwendungspalette als regul\u00e4res PLA.<br \/>\nWo regul\u00e4res PLA keine Option w\u00e4re, ist PLA Prime perfekt geeignet f\u00fcr Gegenst\u00e4nde wie Elektronikgeh\u00e4use, bei denen sowohl hohe W\u00e4rmebest\u00e4ndigkeit als auch hohe Schlagfestigkeit erforderlich sind, um die Elektronik im Inneren zu sch\u00fctzen. <\/span><\/p>\n<p><img loading=\"lazy\" decoding=\"async\" class=\"aligncenter wp-image-31952 size-full\" src=\"https:\/\/azurefilm.com\/wp-content\/uploads\/2024\/04\/PLA-PRIME-Heat-Resistance-scaled.jpg\" alt=\"\" width=\"2560\" height=\"961\" title=\"\" srcset=\"https:\/\/azurefilm.com\/wp-content\/uploads\/2024\/04\/PLA-PRIME-Heat-Resistance-scaled.jpg 2560w, https:\/\/azurefilm.com\/wp-content\/uploads\/2024\/04\/PLA-PRIME-Heat-Resistance-scaled-510x191.jpg 510w, https:\/\/azurefilm.com\/wp-content\/uploads\/2024\/04\/PLA-PRIME-Heat-Resistance-300x113.jpg 300w, https:\/\/azurefilm.com\/wp-content\/uploads\/2024\/04\/PLA-PRIME-Heat-Resistance-1024x384.jpg 1024w, https:\/\/azurefilm.com\/wp-content\/uploads\/2024\/04\/PLA-PRIME-Heat-Resistance-768x288.jpg 768w, https:\/\/azurefilm.com\/wp-content\/uploads\/2024\/04\/PLA-PRIME-Heat-Resistance-1536x576.jpg 1536w, https:\/\/azurefilm.com\/wp-content\/uploads\/2024\/04\/PLA-PRIME-Heat-Resistance-2048x768.jpg 2048w\" sizes=\"auto, (max-width: 2560px) 100vw, 2560px\" \/><\/p>\n<h3><strong>Hohe Schlagfestigkeit<\/strong><\/h3>\n<p><span style=\"font-weight: 400;\">Der Begriff &#8216;Schlagfestigkeit&#8217; bezieht sich auf die F\u00e4higkeit eines Materials, Verformung, Rissbildung und Bruch bei pl\u00f6tzlicher und intensiver Belastung zu widerstehen.<br \/>\nPLA Prime hat eine hohe Schlagfestigkeit <\/span><span style=\"font-weight: 400;\">, <\/span><span style=\"font-weight: 400;\"> was bedeutet, dass es einer hohen Belastung standhalten kann, ohne die Integrit\u00e4t Ihres Drucks zu beeintr\u00e4chtigen.<\/span><\/p>\n<div style=\"padding: 56.25% 0 0 0; position: relative;\"><iframe style=\"position: absolute; top: 0; left: 0; width: 100%; height: 100%;\" title=\"Hohe Schlagfestigkeit\" src=\"https:\/\/player.vimeo.com\/video\/931048288?badge=0&amp;autopause=0&amp;player_id=0&amp;app_id=58479\" frameborder=\"0\"><\/iframe><\/div>\n<p><script src=\"https:\/\/player.vimeo.com\/api\/player.js\"><\/script><\/p>\n<h3><strong>Extrem geringe Schrumpfung (nach dem Tempern)<\/strong><\/h3>\n<p><span style=\"font-weight: 400;\">Eine g\u00e4ngige Technik zur Verbesserung der Festigkeit und W\u00e4rmebest\u00e4ndigkeit eines gedruckten Objekts wird <\/span><a href=\"https:\/\/azurefilm.com\/2024\/03\/28\/what-is-annealing\/\" target=\"_blank\" rel=\"noopener\"><strong>Tempern<\/strong><\/a> genannt.<span style=\"font-weight: 400;\">.<br \/>\nTo anneal a 3D printed object is to heat the object to just above its crystallization level and allow it to cool down after, causing the print to become significantly stronger on a molecular level. <\/span><\/p>\n<p><span style=\"font-weight: 400;\"> Das Tempern von regul\u00e4rem PLA f\u00fchrt oft zu Verformung oder sogar zum Schmelzen eines Objekts.<br \/>\nMit unserer verbesserten Formel hat PLA Prime nach dem Tempern eine minimale Schrumpfung und Verformung, sodass Sie die pr\u00e4zisesten und dennoch starken Drucke erzielen k\u00f6nnen. <\/span><\/p>\n<p><span style=\"font-weight: 400;\">Um mehr \u00fcber das Tempern zu erfahren, lesen Sie unseren <\/span><a href=\"https:\/\/azurefilm.com\/2024\/03\/28\/what-is-annealing\/\" target=\"_blank\" rel=\"noopener\"><b>Blog<\/b><\/a><span style=\"font-weight: 400;\">. <\/span><\/p>\n<div style=\"padding: 56.25% 0 0 0; position: relative;\"><iframe style=\"position: absolute; top: 0; left: 0; width: 100%; height: 100%;\" title=\"Extrem geringe Schrumpfung nach dem Tempern\" src=\"https:\/\/player.vimeo.com\/video\/931044997?badge=0&amp;autopause=0&amp;player_id=0&amp;app_id=58479\" frameborder=\"0\"><\/iframe><\/div>\n<p><script src=\"https:\/\/player.vimeo.com\/api\/player.js\"><\/script><\/p>\n<h3><strong>Hochpr\u00e4ziser Druck mit feinen Details<\/strong><\/h3>\n<p><span style=\"font-weight: 400;\">PLA Prime bietet die \u00e4sthetisch ansprechendsten Drucke und zeigt die feinsten Details Ihres Designs.<br \/>\nDie Kombination aus hochpr\u00e4zisem Druck und halbmattem Aussehen, das hilft, Schichtlinien zu verbergen, macht PLA Prime auch zum perfekten Material f\u00fcr architektonische oder k\u00fcnstlerische Drucke. <\/span><\/p>\n<p><img loading=\"lazy\" decoding=\"async\" class=\"wp-image-31875 size-full aligncenter\" src=\"https:\/\/azurefilm.com\/wp-content\/uploads\/2024\/04\/PLA-PRIME-High-Precision-1-scaled.jpg\" alt=\"\" width=\"2560\" height=\"960\" title=\"\" srcset=\"https:\/\/azurefilm.com\/wp-content\/uploads\/2024\/04\/PLA-PRIME-High-Precision-1-scaled.jpg 2560w, https:\/\/azurefilm.com\/wp-content\/uploads\/2024\/04\/PLA-PRIME-High-Precision-1-scaled-510x191.jpg 510w, https:\/\/azurefilm.com\/wp-content\/uploads\/2024\/04\/PLA-PRIME-High-Precision-1-300x112.jpg 300w, https:\/\/azurefilm.com\/wp-content\/uploads\/2024\/04\/PLA-PRIME-High-Precision-1-1024x384.jpg 1024w, https:\/\/azurefilm.com\/wp-content\/uploads\/2024\/04\/PLA-PRIME-High-Precision-1-768x288.jpg 768w, https:\/\/azurefilm.com\/wp-content\/uploads\/2024\/04\/PLA-PRIME-High-Precision-1-1536x576.jpg 1536w, https:\/\/azurefilm.com\/wp-content\/uploads\/2024\/04\/PLA-PRIME-High-Precision-1-2048x768.jpg 2048w\" sizes=\"auto, (max-width: 2560px) 100vw, 2560px\" \/><\/p>\n<h3><strong>Perfekt f\u00fcr Hochgeschwindigkeitsdruck<\/strong><\/h3>\n<p><span style=\"font-weight: 400;\">PLA Prime ist perfekt f\u00fcr Hochgeschwindigkeitsdruck (\u2264300mm\/s), ohne dass seine mechanischen Eigenschaften beeintr\u00e4chtigt werden.<br \/>\nDies erm\u00f6glicht es Ihnen, mit hoher Geschwindigkeit zu drucken, ohne sich \u00fcber m\u00f6gliche Auswirkungen auf das Endergebnis Sorgen machen zu m\u00fcssen. <\/span><\/p>\n<p><img loading=\"lazy\" decoding=\"async\" class=\"aligncenter wp-image-31871 size-full\" src=\"https:\/\/azurefilm.com\/wp-content\/uploads\/2024\/04\/PLA-High-Speed-scaled.jpg\" alt=\"\" width=\"2560\" height=\"961\" title=\"\" srcset=\"https:\/\/azurefilm.com\/wp-content\/uploads\/2024\/04\/PLA-High-Speed-scaled.jpg 2560w, https:\/\/azurefilm.com\/wp-content\/uploads\/2024\/04\/PLA-High-Speed-scaled-510x191.jpg 510w, https:\/\/azurefilm.com\/wp-content\/uploads\/2024\/04\/PLA-High-Speed-300x113.jpg 300w, https:\/\/azurefilm.com\/wp-content\/uploads\/2024\/04\/PLA-High-Speed-1024x384.jpg 1024w, https:\/\/azurefilm.com\/wp-content\/uploads\/2024\/04\/PLA-High-Speed-768x288.jpg 768w, https:\/\/azurefilm.com\/wp-content\/uploads\/2024\/04\/PLA-High-Speed-1536x576.jpg 1536w, https:\/\/azurefilm.com\/wp-content\/uploads\/2024\/04\/PLA-High-Speed-2048x768.jpg 2048w\" sizes=\"auto, (max-width: 2560px) 100vw, 2560px\" \/><\/p>\n<h3><strong>Ausgezeichnete Schichthaftung<\/strong><\/h3>\n<p><span style=\"font-weight: 400;\">PLA Prime hat eine ausgezeichnete Schichthaftung, eine Eigenschaft, die entscheidend f\u00fcr die strukturelle Integrit\u00e4t und St\u00e4rke gedruckter Teile ist.<br \/>\nGute Schichthaftung minimiert das Risiko von Rissen unter Druck und sorgt f\u00fcr einen reibungsloseren Druckprozess. <\/span><\/p>\n<p><img loading=\"lazy\" decoding=\"async\" class=\"aligncenter wp-image-31879 size-full\" src=\"https:\/\/azurefilm.com\/wp-content\/uploads\/2024\/04\/PLA-PRIME-interlayer-Adhesion-1-scaled.jpg\" alt=\"\" width=\"2560\" height=\"961\" title=\"\" srcset=\"https:\/\/azurefilm.com\/wp-content\/uploads\/2024\/04\/PLA-PRIME-interlayer-Adhesion-1-scaled.jpg 2560w, https:\/\/azurefilm.com\/wp-content\/uploads\/2024\/04\/PLA-PRIME-interlayer-Adhesion-1-scaled-510x191.jpg 510w, https:\/\/azurefilm.com\/wp-content\/uploads\/2024\/04\/PLA-PRIME-interlayer-Adhesion-1-300x113.jpg 300w, https:\/\/azurefilm.com\/wp-content\/uploads\/2024\/04\/PLA-PRIME-interlayer-Adhesion-1-1024x384.jpg 1024w, https:\/\/azurefilm.com\/wp-content\/uploads\/2024\/04\/PLA-PRIME-interlayer-Adhesion-1-768x288.jpg 768w, https:\/\/azurefilm.com\/wp-content\/uploads\/2024\/04\/PLA-PRIME-interlayer-Adhesion-1-1536x576.jpg 1536w, https:\/\/azurefilm.com\/wp-content\/uploads\/2024\/04\/PLA-PRIME-interlayer-Adhesion-1-2048x768.jpg 2048w\" sizes=\"auto, (max-width: 2560px) 100vw, 2560px\" \/><\/p>\n<h4><strong>Produktlagerung<\/strong><\/h4>\n<p><span style=\"font-weight: 400;\">Wir empfehlen, das Filament in einem k\u00fchlen, trockenen, geschlossenen Raum mit einem Silica-Trockenmittelbeutel und fern von UV-Licht aufzubewahren.<\/span><\/p>\n<div class=\"is-divider divider clearfix\" style=\"max-width:100%;height:1px;background-color:rgb(17, 107, 168);\"><\/div>\n<h2><strong>Eigenschaften &amp; Eigenschaften<\/strong><\/h2>\n<table>\n<tbody>\n<tr>\n<th><\/th>\n<th><span style=\"font-weight: 400;\">Standard<\/span><\/th>\n<th><span style=\"font-weight: 400;\">XY Wert<\/span><\/th>\n<th><span style=\"font-weight: 400;\">XZ Wert<\/span><\/th>\n<th><span style=\"font-weight: 400;\">ZX Wert<\/span><\/th>\n<th><span style=\"font-weight: 400;\">Einheit<\/span><\/th>\n<\/tr>\n<tr>\n<td><span style=\"font-weight: 400;\"> Zugfestigkeit<\/span><\/td>\n<td><span style=\"font-weight: 400;\">ISO 527-2<\/span><\/td>\n<td><span style=\"font-weight: 400;\">27.8<\/span><\/td>\n<td><span style=\"font-weight: 400;\">31.4<\/span><\/td>\n<td><span style=\"font-weight: 400;\">14.2<\/span><\/td>\n<td><span style=\"font-weight: 400;\">MPa<\/span><\/td>\n<\/tr>\n<tr>\n<td><span style=\"font-weight: 400;\"> Streckgrenze<\/span><\/td>\n<td><span style=\"font-weight: 400;\">ISO 527-2<\/span><\/td>\n<td><span style=\"font-weight: 400;\">26.1<\/span><\/td>\n<td><span style=\"font-weight: 400;\">29.7<\/span><\/td>\n<td><span style=\"font-weight: 400;\">14.5<\/span><\/td>\n<td><span style=\"font-weight: 400;\">MPa<\/span><\/td>\n<\/tr>\n<tr>\n<td><span style=\"font-weight: 400;\"> Zugmodul<\/span><\/td>\n<td><span style=\"font-weight: 400;\">ISO 527-2<\/span><\/td>\n<td><span style=\"font-weight: 400;\">2400<\/span><\/td>\n<td><span style=\"font-weight: 400;\">2600<\/span><\/td>\n<td><span style=\"font-weight: 400;\">1900<\/span><\/td>\n<td><span style=\"font-weight: 400;\">MPa<\/span><\/td>\n<\/tr>\n<tr>\n<td><span style=\"font-weight: 400;\"> Dehnung bei Streckgrenze<\/span><\/td>\n<td><span style=\"font-weight: 400;\">ISO 527-2<\/span><\/td>\n<td><span style=\"font-weight: 400;\">4.3<\/span><\/td>\n<td><span style=\"font-weight: 400;\">6.5<\/span><\/td>\n<td><span style=\"font-weight: 400;\">0.9<\/span><\/td>\n<td><span style=\"font-weight: 400;\">%<\/span><\/td>\n<\/tr>\n<tr>\n<td><span style=\"font-weight: 400;\"> Biegefestigkeit<\/span><\/td>\n<td><span style=\"font-weight: 400;\">ISO 178<\/span><\/td>\n<td><span style=\"font-weight: 400;\">52.3<\/span><\/td>\n<td><span style=\"font-weight: 400;\">56.4<\/span><\/td>\n<td><span style=\"font-weight: 400;\">3.0<\/span><\/td>\n<td><span style=\"font-weight: 400;\">MPa<\/span><\/td>\n<\/tr>\n<tr>\n<td><span style=\"font-weight: 400;\"> Biegemodul<\/span><\/td>\n<td><span style=\"font-weight: 400;\">ISO 178 <\/span><\/td>\n<td><span style=\"font-weight: 400;\">2600<\/span><\/td>\n<td><span style=\"font-weight: 400;\">3000<\/span><\/td>\n<td><span style=\"font-weight: 400;\">1800<\/span><\/td>\n<td><span style=\"font-weight: 400;\">MPa<\/span><\/td>\n<\/tr>\n<tr>\n<td><span style=\"font-weight: 400;\"> Schlagfestigkeit<\/span><\/td>\n<td><span style=\"font-weight: 400;\">ISO 179<\/span><\/td>\n<td><span style=\"font-weight: 400;\">21.5<\/span><\/td>\n<td><span style=\"font-weight: 400;\">\/<\/span><\/td>\n<td><span style=\"font-weight: 400;\">\/<\/span><\/td>\n<td><span style=\"font-weight: 400;\">kJ\/m\u00b2<\/span><\/td>\n<\/tr>\n<\/tbody>\n<\/table>\n<p><span style=\"font-weight: 400;\">Sie k\u00f6nnen auf das <\/span><b>Technische Datenblatt<\/b> <span style=\"font-weight: 400;\"> und das <\/span><b>Sicherheitsdatenblatt <\/b><span style=\"font-weight: 400;\"><a href=\"https:\/\/azurefilm.com\/de\/technical-data-sheets\/\" target=\"_blank\" rel=\"noopener\"><strong>hier zugreifen<\/strong><\/a>.<\/span><\/p>\n","protected":false},"excerpt":{"rendered":"<p><span style=\"font-weight: 400;\">Probieren Sie unser PLA Prime Filament Hellgrau und erleben Sie hohe W\u00e4rmebest\u00e4ndigkeit, hohe Schlagfestigkeit sowie minimale Schrumpfung nach dem Tempern. Perfekt f\u00fcr filigrane Drucke. <\/span><\/p>\n","protected":false},"featured_media":53825,"comment_status":"closed","ping_status":"closed","template":"","meta":{"_acf_changed":false},"product_brand":[],"product_cat":[1674,1669,1672,1670,1673],"product_tag":[1675],"brand":[267],"class_list":{"0":"post-53824","1":"product","2":"type-product","3":"status-publish","4":"has-post-thumbnail","6":"product_cat-pla-prime-de","7":"product_cat-3d-filamente","8":"product_cat-alle-filamente","9":"product_cat-pla-filamente","10":"product_cat-prime-kollektion","11":"product_tag-high-speed","12":"pa_colour-gray","13":"pa_filament-diameter-1-75mm","14":"pa_filament-weight-1000g","15":"brand-azurefilm","17":"first","18":"instock","19":"taxable","20":"shipping-taxable","21":"purchasable","22":"product-type-variable"},"acf":[],"_links":{"self":[{"href":"https:\/\/azurefilm.com\/de\/wp-json\/wp\/v2\/product\/53824","targetHints":{"allow":["GET"]}}],"collection":[{"href":"https:\/\/azurefilm.com\/de\/wp-json\/wp\/v2\/product"}],"about":[{"href":"https:\/\/azurefilm.com\/de\/wp-json\/wp\/v2\/types\/product"}],"replies":[{"embeddable":true,"href":"https:\/\/azurefilm.com\/de\/wp-json\/wp\/v2\/comments?post=53824"}],"wp:featuredmedia":[{"embeddable":true,"href":"https:\/\/azurefilm.com\/de\/wp-json\/wp\/v2\/media\/53825"}],"wp:attachment":[{"href":"https:\/\/azurefilm.com\/de\/wp-json\/wp\/v2\/media?parent=53824"}],"wp:term":[{"taxonomy":"product_brand","embeddable":true,"href":"https:\/\/azurefilm.com\/de\/wp-json\/wp\/v2\/product_brand?post=53824"},{"taxonomy":"product_cat","embeddable":true,"href":"https:\/\/azurefilm.com\/de\/wp-json\/wp\/v2\/product_cat?post=53824"},{"taxonomy":"product_tag","embeddable":true,"href":"https:\/\/azurefilm.com\/de\/wp-json\/wp\/v2\/product_tag?post=53824"},{"taxonomy":"brand","embeddable":true,"href":"https:\/\/azurefilm.com\/de\/wp-json\/wp\/v2\/brand?post=53824"}],"curies":[{"name":"wp","href":"https:\/\/api.w.org\/{rel}","templated":true}]}}